{"id":28521,"date":"2026-04-03T11:47:22","date_gmt":"2026-04-03T09:47:22","guid":{"rendered":"https:\/\/zen-center-regensburg.com\/product\/handmade-teacups-or-incense-holders\/"},"modified":"2026-04-05T17:04:52","modified_gmt":"2026-04-05T15:04:52","slug":"handmade-teacups-or-incense-holders","status":"publish","type":"product","link":"https:\/\/zen-center-regensburg.com\/de\/produkt\/handmade-teacups-or-incense-holders\/","title":{"rendered":"Handgefertigte Teetassen oder R\u00e4ucherst\u00e4bchenhalter"},"content":{"rendered":"<p class=\"isSelectedEnd\">Diese handgefertigte Teetasse aus Keramik tr\u00e4gt die stille Sch\u00f6nheit von Einfachheit und Absicht in sich. Jedes St\u00fcck, das von einem Mitglied unserer Gemeinschaft in Ungarn mit Sorgfalt hergestellt wird, spiegelt eine tiefe Wertsch\u00e4tzung f\u00fcr ein achtsames Leben und die t\u00e4gliche Praxis wider.<\/p>\n<p class=\"isSelectedEnd\">Die weiche, erdige Textur kontrastiert sanft mit dem glatten, glasierten Rand und schafft ein taktiles Erlebnis, das dich dazu einl\u00e4dt, langsamer zu werden und pr\u00e4sent zu sein. Egal, ob du ihn als Teetasse f\u00fcr deinen Lieblingstee oder als Halter f\u00fcr R\u00e4ucherst\u00e4bchen in Momenten der Stille benutzt, er wird ganz nat\u00fcrlich Teil deiner t\u00e4glichen Praxis.<\/p>\n<p class=\"isSelectedEnd\">Kein St\u00fcck gleicht dem anderen &#8211; subtile Unterschiede in Form und Oberfl\u00e4che erz\u00e4hlen die Geschichte der H\u00e4nde, die es geformt haben. Dieses St\u00fcck ist mehr als nur ein Gegenstand, es ist eine Einladung, innezuhalten, zu atmen und in den gegenw\u00e4rtigen Moment zur\u00fcckzukehren.<\/p>\n<p>Es sind nur 5 St\u00fcck verf\u00fcgbar &#8211; wer zuerst kommt, mahlt zuerst.<\/p>\n","protected":false},"excerpt":{"rendered":"<p>Eine handgefertigte Teetasse aus Keramik, hergestellt von einem unserer Mitglieder, f\u00fcr achtsamen Tee oder als R\u00e4ucherst\u00e4bchenhalter f\u00fcr deine t\u00e4gliche Praxis, H\u00f6he: 7 cm<\/p>\n","protected":false},"featured_media":28519,"template":"","meta":{"iawp_total_views":0},"product_brand":[],"product_cat":[184,166],"product_tag":[],"class_list":{"0":"post-28521","1":"product","2":"type-product","3":"status-publish","4":"has-post-thumbnail","6":"product_cat-altar-de","7":"product_cat-praxis","9":"first","10":"instock","11":"shipping-taxable","12":"purchasable","13":"product-type-variable"},"_links":{"self":[{"href":"https:\/\/zen-center-regensburg.com\/de\/wp-json\/wp\/v2\/product\/28521","targetHints":{"allow":["GET"]}}],"collection":[{"href":"https:\/\/zen-center-regensburg.com\/de\/wp-json\/wp\/v2\/product"}],"about":[{"href":"https:\/\/zen-center-regensburg.com\/de\/wp-json\/wp\/v2\/types\/product"}],"version-history":[{"count":1,"href":"https:\/\/zen-center-regensburg.com\/de\/wp-json\/wp\/v2\/product\/28521\/revisions"}],"predecessor-version":[{"id":28539,"href":"https:\/\/zen-center-regensburg.com\/de\/wp-json\/wp\/v2\/product\/28521\/revisions\/28539"}],"wp:featuredmedia":[{"embeddable":true,"href":"https:\/\/zen-center-regensburg.com\/de\/wp-json\/wp\/v2\/media\/28519"}],"wp:attachment":[{"href":"https:\/\/zen-center-regensburg.com\/de\/wp-json\/wp\/v2\/media?parent=28521"}],"wp:term":[{"taxonomy":"product_brand","embeddable":true,"href":"https:\/\/zen-center-regensburg.com\/de\/wp-json\/wp\/v2\/product_brand?post=28521"},{"taxonomy":"product_cat","embeddable":true,"href":"https:\/\/zen-center-regensburg.com\/de\/wp-json\/wp\/v2\/product_cat?post=28521"},{"taxonomy":"product_tag","embeddable":true,"href":"https:\/\/zen-center-regensburg.com\/de\/wp-json\/wp\/v2\/product_tag?post=28521"}],"curies":[{"name":"wp","href":"https:\/\/api.w.org\/{rel}","templated":true}]}}