{"id":26786,"date":"2025-04-01T16:10:18","date_gmt":"2025-04-01T14:10:18","guid":{"rendered":"https:\/\/zen-center-regensburg.com\/product\/greeting-cards-designed-by-hyon-gak-sunim\/"},"modified":"2025-10-12T07:57:07","modified_gmt":"2025-10-12T05:57:07","slug":"greeting-cards-designed-by-hyon-gak-sunim","status":"publish","type":"product","link":"https:\/\/zen-center-regensburg.com\/de\/produkt\/greeting-cards-designed-by-hyon-gak-sunim\/","title":{"rendered":"Gru\u00dfkarten entworfen von Hyon Gak Sunim"},"content":{"rendered":"<p class=\"\" data-start=\"106\" data-end=\"392\">Entdecke die seltene und tiefgr\u00fcndige Sch\u00f6nheit der <strong data-start=\"147\" data-end=\"201\">exklusiven buddhistischen Gru\u00dfkarten von Hyon Gak Sunim- eine<\/strong>Sammlung, die du nirgendwo anders finden wirst! Jede Karte ist ein <strong data-start=\"260\" data-end=\"320\">Meisterwerk der Zen- und buddhistischen Kunst<\/strong>, das die Herzen inspirieren, erheben und verbinden soll &#8211; egal zu welchem Anlass.<\/p>\n<p class=\"\" data-start=\"394\" data-end=\"510\">Diese <strong data-start=\"468\" data-end=\"491\">einzigartigen Karten<\/strong>, die von der Weisheit des Buddhismus und der gelassenen Kunst des Zen durchdrungen sind, sind perfekt f\u00fcr:<\/p>\n<ul>\n<li data-start=\"512\" data-end=\"1024\"><strong data-start=\"514\" data-end=\"534\">Meditationsgeschenke<\/strong> &#8211; Teile einen Moment des Friedens mit einem Freund oder einer geliebten Person.<\/li>\n<li data-start=\"512\" data-end=\"1024\"><strong data-start=\"594\" data-end=\"613\">Dankeskarten<\/strong> &#8211; Dr\u00fccke deine Dankbarkeit mit Worten und Bildern aus, die Achtsamkeit und Wertsch\u00e4tzung widerspiegeln.<\/li>\n<li data-start=\"512\" data-end=\"1024\"><strong data-start=\"710\" data-end=\"732\">Geburtstagssegen<\/strong> &#8211; Schicke einen Wunsch voller Weisheit und Freundlichkeit, anders als jede andere Geburtstagskarte.<\/li>\n<li data-start=\"512\" data-end=\"1024\"><strong data-start=\"817\" data-end=\"845\">Ermutigung &amp; Mitgef\u00fchl<\/strong> &#8211; Biete Trost, Kraft und Mitgef\u00fchl durch die Lehren des Zen an.<\/li>\n<li data-start=\"512\" data-end=\"1024\"><strong data-start=\"922\" data-end=\"946\">Allt\u00e4gliche Inspiration<\/strong> &#8211; Verwende diese Karten als t\u00e4gliche Erinnerung an Pr\u00e4senz, Klarheit und inneren Frieden.<\/li>\n<\/ul>\n<p class=\"\" data-start=\"1259\" data-end=\"1451\"><strong>Diese au\u00dfergew\u00f6hnlichen buddhistischen Karten findest du in keinem Laden &#8211; es handelt sich um eine seltene und besondere Sammlung, die von Hyon Gak Sunim entworfen wurde.<\/strong><\/p>\n<p class=\"\" data-start=\"1453\" data-end=\"1534\"><strong data-start=\"1453\" data-end=\"1528\">Verbreite Weisheit. Freundlichkeit teilen. Verschicke eine Gru\u00dfkarte, die wirklich z\u00e4hlt.<\/strong><\/p>\n<p class=\"\" data-start=\"1536\" data-end=\"1605\">Bist du bereit, etwas Au\u00dfergew\u00f6hnliches zu teilen? Hol dir dein exklusives Set noch heute!<\/p>\n","protected":false},"excerpt":{"rendered":"<p>Exklusive buddhistische Gru\u00dfkarten von Hyon Gak Sunim &#8211; ein einzigartiger Ausdruck von Weisheit und Mitgef\u00fchl<\/p>\n<p>&nbsp;<\/p>\n<p>Gr\u00f6\u00dfe 14 x 10 cm, Lieferung mit wei\u00dfem Umschlag<\/p>\n","protected":false},"featured_media":26793,"template":"","meta":{"iawp_total_views":24},"product_brand":[],"product_cat":[185],"product_tag":[],"class_list":{"0":"post-26786","1":"product","2":"type-product","3":"status-publish","4":"has-post-thumbnail","6":"product_cat-art-de","8":"first","9":"instock","10":"shipping-taxable","11":"purchasable","12":"product-type-variable"},"_links":{"self":[{"href":"https:\/\/zen-center-regensburg.com\/de\/wp-json\/wp\/v2\/product\/26786","targetHints":{"allow":["GET"]}}],"collection":[{"href":"https:\/\/zen-center-regensburg.com\/de\/wp-json\/wp\/v2\/product"}],"about":[{"href":"https:\/\/zen-center-regensburg.com\/de\/wp-json\/wp\/v2\/types\/product"}],"version-history":[{"count":5,"href":"https:\/\/zen-center-regensburg.com\/de\/wp-json\/wp\/v2\/product\/26786\/revisions"}],"predecessor-version":[{"id":27867,"href":"https:\/\/zen-center-regensburg.com\/de\/wp-json\/wp\/v2\/product\/26786\/revisions\/27867"}],"wp:featuredmedia":[{"embeddable":true,"href":"https:\/\/zen-center-regensburg.com\/de\/wp-json\/wp\/v2\/media\/26793"}],"wp:attachment":[{"href":"https:\/\/zen-center-regensburg.com\/de\/wp-json\/wp\/v2\/media?parent=26786"}],"wp:term":[{"taxonomy":"product_brand","embeddable":true,"href":"https:\/\/zen-center-regensburg.com\/de\/wp-json\/wp\/v2\/product_brand?post=26786"},{"taxonomy":"product_cat","embeddable":true,"href":"https:\/\/zen-center-regensburg.com\/de\/wp-json\/wp\/v2\/product_cat?post=26786"},{"taxonomy":"product_tag","embeddable":true,"href":"https:\/\/zen-center-regensburg.com\/de\/wp-json\/wp\/v2\/product_tag?post=26786"}],"curies":[{"name":"wp","href":"https:\/\/api.w.org\/{rel}","templated":true}]}}