{"id":26756,"date":"2025-03-11T17:49:08","date_gmt":"2025-03-11T16:49:08","guid":{"rendered":"https:\/\/zen-center-regensburg.com\/product\/exclusive-sacred-temple-artwork-by-hyon-gak-sunim\/"},"modified":"2025-08-21T18:17:28","modified_gmt":"2025-08-21T16:17:28","slug":"exclusive-sacred-temple-artwork-by-hyon-gak-sunim","status":"publish","type":"product","link":"https:\/\/zen-center-regensburg.com\/de\/produkt\/exclusive-sacred-temple-artwork-by-hyon-gak-sunim\/","title":{"rendered":":::EXKLUSIV::: Heiliger Tempel, Kunstwerk von Hyon Gak Sunim"},"content":{"rendered":"<p>Sakrale Kunst ist in allen menschlichen Kulturen verbreitet, von den H\u00f6hlenmalereien in Lascaux bis zur Videokunst von Bill Viola. Es ist wichtig, einen heiligen Raum in unserem Zuhause zu haben, in den wir zur\u00fcckkehren k\u00f6nnen, um das ewige Jetzt zu manifestieren, und spirituelle Kunst zu haben, um unseren t\u00e4glichen Bem\u00fchungen eine Richtung zu geben.<\/p>\n<p>Wir freuen uns, dir eine atemberaubende Sammlung digitaler Altarbilder von Zen-Meister Hyon Gak Sunim anbieten zu k\u00f6nnen, die dich in deiner t\u00e4glichen Praxis inspirieren. Diese atemberaubenden Bilder sollen zu Meditation, Achtsamkeit und einer tiefen Verbindung mit dem Heiligen inspirieren. Sunim wurde bei diesen Kreationen von seinen beiden Reisen nach Tibet und seiner Praxis in den Tempeln von China, Japan und Korea inspiriert.<\/p>\n<p>Es gibt verschiedene Altarbilder zum Herunterladen in verschiedenen Gr\u00f6\u00dfen und Formaten, alle in hoher Aufl\u00f6sung. Alle Bilder k\u00f6nnen heruntergeladen und ausgedruckt werden und helfen dabei, einen sch\u00f6nen Hausaltar zu gestalten.<\/p>\n<ul>\n<li><strong>Quadratisch<\/strong> &#8211; Perfekt f\u00fcr traditionelle Displays und pers\u00f6nliche Schreine.<\/li>\n<li><strong>16:9<\/strong> &#8211; Ideal f\u00fcr digitale Bilderrahmen im Breitbildformat und moderne Wanddisplays.<\/li>\n<li><strong>9:16<\/strong> &#8211; Optimiert f\u00fcr vertikale Bildschirme und mobile Hintergr\u00fcnde.<\/li>\n<\/ul>\n<p>Die Bilder sind nicht nur wundersch\u00f6n, sondern auch sehr aussagekr\u00e4ftig und spiegeln die Essenz der Zen-Weisheit wider, die f\u00fcr die Sensibilit\u00e4t des modernen Zeitalters aktualisiert wurde. Sie wurden mit Sorgfalt und Absicht entworfen und bringen Ruhe und einen Hauch von Transzendenz in jeden Raum.<\/p>\n<p>Beginne deine Reise der Achtsamkeit und erhebe deine Umgebung mit den inspirierenden Kunstwerken von Hyon Gak Sunimnoch heute.<\/p>\n<p><img fetchpriority=\"high\" decoding=\"async\" class=\"alignnone size-medium wp-image-26757\" src=\"https:\/\/zen-center-regensburg.com\/wp-content\/uploads\/2025\/03\/mirrorofzen_An_artwork_inspired_by_an_ancient_illuminated_manus_8894354a-f8de-4a90-9832-6c740b86f6e0-2-300x300.png\" alt=\"\" width=\"300\" height=\"300\" srcset=\"https:\/\/zen-center-regensburg.com\/wp-content\/uploads\/2025\/03\/mirrorofzen_An_artwork_inspired_by_an_ancient_illuminated_manus_8894354a-f8de-4a90-9832-6c740b86f6e0-2-300x300.png 300w, https:\/\/zen-center-regensburg.com\/wp-content\/uploads\/2025\/03\/mirrorofzen_An_artwork_inspired_by_an_ancient_illuminated_manus_8894354a-f8de-4a90-9832-6c740b86f6e0-2-150x150.png 150w, https:\/\/zen-center-regensburg.com\/wp-content\/uploads\/2025\/03\/mirrorofzen_An_artwork_inspired_by_an_ancient_illuminated_manus_8894354a-f8de-4a90-9832-6c740b86f6e0-2-768x768.png 768w, https:\/\/zen-center-regensburg.com\/wp-content\/uploads\/2025\/03\/mirrorofzen_An_artwork_inspired_by_an_ancient_illuminated_manus_8894354a-f8de-4a90-9832-6c740b86f6e0-2-750x750.png 750w, https:\/\/zen-center-regensburg.com\/wp-content\/uploads\/2025\/03\/mirrorofzen_An_artwork_inspired_by_an_ancient_illuminated_manus_8894354a-f8de-4a90-9832-6c740b86f6e0-2-600x600.png 600w, https:\/\/zen-center-regensburg.com\/wp-content\/uploads\/2025\/03\/mirrorofzen_An_artwork_inspired_by_an_ancient_illuminated_manus_8894354a-f8de-4a90-9832-6c740b86f6e0-2-100x100.png 100w, https:\/\/zen-center-regensburg.com\/wp-content\/uploads\/2025\/03\/mirrorofzen_An_artwork_inspired_by_an_ancient_illuminated_manus_8894354a-f8de-4a90-9832-6c740b86f6e0-2.png 1024w\" sizes=\"(max-width: 300px) 100vw, 300px\" \/><\/p>\n<p><img decoding=\"async\" class=\"alignnone wp-image-26758\" src=\"https:\/\/zen-center-regensburg.com\/wp-content\/uploads\/2025\/03\/mirrorofzen_in_the_style_of_Gustav_Klimts_Beethoven_Frieze_the__1754e1f7-e307-44c8-8d93-0f7d587ed68e-240x300.png\" alt=\"\" width=\"298\" height=\"373\" srcset=\"https:\/\/zen-center-regensburg.com\/wp-content\/uploads\/2025\/03\/mirrorofzen_in_the_style_of_Gustav_Klimts_Beethoven_Frieze_the__1754e1f7-e307-44c8-8d93-0f7d587ed68e-240x300.png 240w, https:\/\/zen-center-regensburg.com\/wp-content\/uploads\/2025\/03\/mirrorofzen_in_the_style_of_Gustav_Klimts_Beethoven_Frieze_the__1754e1f7-e307-44c8-8d93-0f7d587ed68e-819x1024.png 819w, https:\/\/zen-center-regensburg.com\/wp-content\/uploads\/2025\/03\/mirrorofzen_in_the_style_of_Gustav_Klimts_Beethoven_Frieze_the__1754e1f7-e307-44c8-8d93-0f7d587ed68e-768x960.png 768w, https:\/\/zen-center-regensburg.com\/wp-content\/uploads\/2025\/03\/mirrorofzen_in_the_style_of_Gustav_Klimts_Beethoven_Frieze_the__1754e1f7-e307-44c8-8d93-0f7d587ed68e-750x938.png 750w, https:\/\/zen-center-regensburg.com\/wp-content\/uploads\/2025\/03\/mirrorofzen_in_the_style_of_Gustav_Klimts_Beethoven_Frieze_the__1754e1f7-e307-44c8-8d93-0f7d587ed68e-600x750.png 600w, https:\/\/zen-center-regensburg.com\/wp-content\/uploads\/2025\/03\/mirrorofzen_in_the_style_of_Gustav_Klimts_Beethoven_Frieze_the__1754e1f7-e307-44c8-8d93-0f7d587ed68e.png 960w\" sizes=\"(max-width: 298px) 100vw, 298px\" \/><\/p>\n<p><img decoding=\"async\" class=\"alignnone size-medium wp-image-26759\" src=\"https:\/\/zen-center-regensburg.com\/wp-content\/uploads\/2025\/03\/mirrorofzen_Painting_of_Gautama_Buddha_in_the_style_of_strange__5ed954b0-6f31-4c1e-a47f-6bf65cc2f98a-300x168.png\" alt=\"\" width=\"300\" height=\"168\" srcset=\"https:\/\/zen-center-regensburg.com\/wp-content\/uploads\/2025\/03\/mirrorofzen_Painting_of_Gautama_Buddha_in_the_style_of_strange__5ed954b0-6f31-4c1e-a47f-6bf65cc2f98a-300x168.png 300w, https:\/\/zen-center-regensburg.com\/wp-content\/uploads\/2025\/03\/mirrorofzen_Painting_of_Gautama_Buddha_in_the_style_of_strange__5ed954b0-6f31-4c1e-a47f-6bf65cc2f98a-1024x574.png 1024w, https:\/\/zen-center-regensburg.com\/wp-content\/uploads\/2025\/03\/mirrorofzen_Painting_of_Gautama_Buddha_in_the_style_of_strange__5ed954b0-6f31-4c1e-a47f-6bf65cc2f98a-768x430.png 768w, https:\/\/zen-center-regensburg.com\/wp-content\/uploads\/2025\/03\/mirrorofzen_Painting_of_Gautama_Buddha_in_the_style_of_strange__5ed954b0-6f31-4c1e-a47f-6bf65cc2f98a-750x420.png 750w, https:\/\/zen-center-regensburg.com\/wp-content\/uploads\/2025\/03\/mirrorofzen_Painting_of_Gautama_Buddha_in_the_style_of_strange__5ed954b0-6f31-4c1e-a47f-6bf65cc2f98a-600x336.png 600w, https:\/\/zen-center-regensburg.com\/wp-content\/uploads\/2025\/03\/mirrorofzen_Painting_of_Gautama_Buddha_in_the_style_of_strange__5ed954b0-6f31-4c1e-a47f-6bf65cc2f98a.png 1456w\" sizes=\"(max-width: 300px) 100vw, 300px\" \/><\/p>\n<p><img loading=\"lazy\" decoding=\"async\" class=\"alignnone size-medium wp-image-26760\" src=\"https:\/\/zen-center-regensburg.com\/wp-content\/uploads\/2025\/03\/mirrorofzen_Painting_of_Gautama_Buddha_meditating_in_the_style__c6a45b39-efe2-4cc3-922b-67b3fc148551-300x168.png\" alt=\"\" width=\"300\" height=\"168\" srcset=\"https:\/\/zen-center-regensburg.com\/wp-content\/uploads\/2025\/03\/mirrorofzen_Painting_of_Gautama_Buddha_meditating_in_the_style__c6a45b39-efe2-4cc3-922b-67b3fc148551-300x168.png 300w, https:\/\/zen-center-regensburg.com\/wp-content\/uploads\/2025\/03\/mirrorofzen_Painting_of_Gautama_Buddha_meditating_in_the_style__c6a45b39-efe2-4cc3-922b-67b3fc148551-1024x574.png 1024w, https:\/\/zen-center-regensburg.com\/wp-content\/uploads\/2025\/03\/mirrorofzen_Painting_of_Gautama_Buddha_meditating_in_the_style__c6a45b39-efe2-4cc3-922b-67b3fc148551-768x430.png 768w, https:\/\/zen-center-regensburg.com\/wp-content\/uploads\/2025\/03\/mirrorofzen_Painting_of_Gautama_Buddha_meditating_in_the_style__c6a45b39-efe2-4cc3-922b-67b3fc148551-750x420.png 750w, https:\/\/zen-center-regensburg.com\/wp-content\/uploads\/2025\/03\/mirrorofzen_Painting_of_Gautama_Buddha_meditating_in_the_style__c6a45b39-efe2-4cc3-922b-67b3fc148551-600x336.png 600w, https:\/\/zen-center-regensburg.com\/wp-content\/uploads\/2025\/03\/mirrorofzen_Painting_of_Gautama_Buddha_meditating_in_the_style__c6a45b39-efe2-4cc3-922b-67b3fc148551.png 1456w\" sizes=\"(max-width: 300px) 100vw, 300px\" \/><\/p>\n<p><img loading=\"lazy\" decoding=\"async\" class=\"alignnone size-medium wp-image-26761\" src=\"https:\/\/zen-center-regensburg.com\/wp-content\/uploads\/2025\/03\/mirrorofzen_photo-realistic_ancient_medieval_stained_glass_wind_c525de95-93cb-4ece-a7f1-e7cb95bcd737-300x168.png\" alt=\"\" width=\"300\" height=\"168\" srcset=\"https:\/\/zen-center-regensburg.com\/wp-content\/uploads\/2025\/03\/mirrorofzen_photo-realistic_ancient_medieval_stained_glass_wind_c525de95-93cb-4ece-a7f1-e7cb95bcd737-300x168.png 300w, https:\/\/zen-center-regensburg.com\/wp-content\/uploads\/2025\/03\/mirrorofzen_photo-realistic_ancient_medieval_stained_glass_wind_c525de95-93cb-4ece-a7f1-e7cb95bcd737-1024x573.png 1024w, https:\/\/zen-center-regensburg.com\/wp-content\/uploads\/2025\/03\/mirrorofzen_photo-realistic_ancient_medieval_stained_glass_wind_c525de95-93cb-4ece-a7f1-e7cb95bcd737-768x430.png 768w, https:\/\/zen-center-regensburg.com\/wp-content\/uploads\/2025\/03\/mirrorofzen_photo-realistic_ancient_medieval_stained_glass_wind_c525de95-93cb-4ece-a7f1-e7cb95bcd737-750x420.png 750w, https:\/\/zen-center-regensburg.com\/wp-content\/uploads\/2025\/03\/mirrorofzen_photo-realistic_ancient_medieval_stained_glass_wind_c525de95-93cb-4ece-a7f1-e7cb95bcd737-600x336.png 600w, https:\/\/zen-center-regensburg.com\/wp-content\/uploads\/2025\/03\/mirrorofzen_photo-realistic_ancient_medieval_stained_glass_wind_c525de95-93cb-4ece-a7f1-e7cb95bcd737.png 1100w\" sizes=\"(max-width: 300px) 100vw, 300px\" \/><\/p>\n<p>&nbsp;<\/p>\n","protected":false},"excerpt":{"rendered":"<p>Heiliges Tempelkunstwerk, von Hyon Gak Sunim<\/p>\n<p>Es ist wichtig, einen heiligen Raum in unserem Zuhause zu haben, in den wir zur\u00fcckkehren k\u00f6nnen, um das ewige Jetzt zu manifestieren, und spirituelle Kunst zu haben, um unseren t\u00e4glichen Bem\u00fchungen eine Richtung zu geben.<\/p>\n","protected":false},"featured_media":27392,"template":"","meta":{"iawp_total_views":25},"product_brand":[],"product_cat":[184,185],"product_tag":[],"class_list":{"0":"post-26756","1":"product","2":"type-product","3":"status-publish","4":"has-post-thumbnail","6":"product_cat-altar-de","7":"product_cat-art-de","9":"first","10":"instock","11":"shipping-taxable","12":"purchasable","13":"product-type-variable"},"_links":{"self":[{"href":"https:\/\/zen-center-regensburg.com\/de\/wp-json\/wp\/v2\/product\/26756","targetHints":{"allow":["GET"]}}],"collection":[{"href":"https:\/\/zen-center-regensburg.com\/de\/wp-json\/wp\/v2\/product"}],"about":[{"href":"https:\/\/zen-center-regensburg.com\/de\/wp-json\/wp\/v2\/types\/product"}],"version-history":[{"count":2,"href":"https:\/\/zen-center-regensburg.com\/de\/wp-json\/wp\/v2\/product\/26756\/revisions"}],"predecessor-version":[{"id":27397,"href":"https:\/\/zen-center-regensburg.com\/de\/wp-json\/wp\/v2\/product\/26756\/revisions\/27397"}],"wp:featuredmedia":[{"embeddable":true,"href":"https:\/\/zen-center-regensburg.com\/de\/wp-json\/wp\/v2\/media\/27392"}],"wp:attachment":[{"href":"https:\/\/zen-center-regensburg.com\/de\/wp-json\/wp\/v2\/media?parent=26756"}],"wp:term":[{"taxonomy":"product_brand","embeddable":true,"href":"https:\/\/zen-center-regensburg.com\/de\/wp-json\/wp\/v2\/product_brand?post=26756"},{"taxonomy":"product_cat","embeddable":true,"href":"https:\/\/zen-center-regensburg.com\/de\/wp-json\/wp\/v2\/product_cat?post=26756"},{"taxonomy":"product_tag","embeddable":true,"href":"https:\/\/zen-center-regensburg.com\/de\/wp-json\/wp\/v2\/product_tag?post=26756"}],"curies":[{"name":"wp","href":"https:\/\/api.w.org\/{rel}","templated":true}]}}