{"id":25105,"date":"2024-11-27T15:22:53","date_gmt":"2024-11-27T14:22:53","guid":{"rendered":"https:\/\/zen-center-regensburg.com\/?post_type=product&#038;p=25105"},"modified":"2025-10-12T07:58:40","modified_gmt":"2025-10-12T05:58:40","slug":"eco-bag","status":"publish","type":"product","link":"https:\/\/zen-center-regensburg.com\/de\/produkt\/eco-bag\/","title":{"rendered":"unsere Zen Center Einkaufstasche"},"content":{"rendered":"<p>Erlebe ein achtsames Leben mit unserer Zen-inspirierten Einkaufstasche, die in zeitlosem Blau oder Schwarz erh\u00e4ltlich ist. Diese Tasche wurde sowohl mit Blick auf Stil als auch auf Funktionalit\u00e4t entworfen und tr\u00e4gt den zum Nachdenken anregenden Aufdruck &#8220;What am I&#8221;, der es dem Tr\u00e4ger erm\u00f6glicht, die Essenz der zentralen Zen-Lehren in die Welt zu tragen. Mit den Ma\u00dfen 37 x 40 cm bietet sie reichlich Platz f\u00fcr deine Eink\u00e4ufe oder das N\u00f6tigste, w\u00e4hrend eine gro\u00dfe, lange Innentasche sicheren Stauraum f\u00fcr dein Portemonnaie, Handy und andere kleine Gegenst\u00e4nde bietet.<\/p>\n<p>Die langen Tr\u00e4ger sorgen daf\u00fcr, dass die Tasche bequem \u00fcber der Schulter getragen werden kann, was sie zu einer praktischen Wahl f\u00fcr den t\u00e4glichen Gebrauch macht. Er ist bei 40\u00b0C waschbar und bleibt so ein langlebiger und zuverl\u00e4ssiger Begleiter. Egal, ob du einkaufen gehst oder einfach nur unterwegs bist, diese Tasche vereint Funktionalit\u00e4t, Stil und eine tiefere Botschaft und verwandelt ein allt\u00e4gliches Accessoire in ein bedeutungsvolles Statement.<\/p>\n","protected":false},"excerpt":{"rendered":"<p>Diese stilvolle und funktionelle Einkaufstasche im Zen-Stil mit dem Aufdruck <em>&#8220;Was bin ich?&#8221;<\/em> bietet viel Platz, eine sichere Innentasche und lange Riemen zum einfachen Tragen.<\/p>\n<p><span style=\"color: #ff0000;\"><em>Ein exklusives Zen Center<\/em><\/span><\/p>\n","protected":false},"featured_media":25097,"template":"","meta":{"iawp_total_views":21},"product_brand":[],"product_cat":[187,179],"product_tag":[],"class_list":{"0":"post-25105","1":"product","2":"type-product","3":"status-publish","4":"has-post-thumbnail","6":"product_cat-ausgewahlte","7":"product_cat-taschen","8":"product_shipping_class-dhl-packchen-m-international-de","10":"first","11":"instock","12":"shipping-taxable","13":"purchasable","14":"product-type-variable"},"_links":{"self":[{"href":"https:\/\/zen-center-regensburg.com\/de\/wp-json\/wp\/v2\/product\/25105","targetHints":{"allow":["GET"]}}],"collection":[{"href":"https:\/\/zen-center-regensburg.com\/de\/wp-json\/wp\/v2\/product"}],"about":[{"href":"https:\/\/zen-center-regensburg.com\/de\/wp-json\/wp\/v2\/types\/product"}],"version-history":[{"count":4,"href":"https:\/\/zen-center-regensburg.com\/de\/wp-json\/wp\/v2\/product\/25105\/revisions"}],"predecessor-version":[{"id":27869,"href":"https:\/\/zen-center-regensburg.com\/de\/wp-json\/wp\/v2\/product\/25105\/revisions\/27869"}],"wp:featuredmedia":[{"embeddable":true,"href":"https:\/\/zen-center-regensburg.com\/de\/wp-json\/wp\/v2\/media\/25097"}],"wp:attachment":[{"href":"https:\/\/zen-center-regensburg.com\/de\/wp-json\/wp\/v2\/media?parent=25105"}],"wp:term":[{"taxonomy":"product_brand","embeddable":true,"href":"https:\/\/zen-center-regensburg.com\/de\/wp-json\/wp\/v2\/product_brand?post=25105"},{"taxonomy":"product_cat","embeddable":true,"href":"https:\/\/zen-center-regensburg.com\/de\/wp-json\/wp\/v2\/product_cat?post=25105"},{"taxonomy":"product_tag","embeddable":true,"href":"https:\/\/zen-center-regensburg.com\/de\/wp-json\/wp\/v2\/product_tag?post=25105"}],"curies":[{"name":"wp","href":"https:\/\/api.w.org\/{rel}","templated":true}]}}