{"id":25070,"date":"2024-11-20T10:10:34","date_gmt":"2024-11-20T09:10:34","guid":{"rendered":"https:\/\/zen-center-regensburg.com\/product\/lotto-donation\/"},"modified":"2025-11-18T11:34:55","modified_gmt":"2025-11-18T10:34:55","slug":"lotto-donation","status":"publish","type":"product","link":"https:\/\/zen-center-regensburg.com\/de\/produkt\/lotto-donation\/","title":{"rendered":"Lotteriespende: Hilf Hyon Gak Sunim beim Bau eines Tempels!"},"content":{"rendered":"<p>Seit Jahrtausenden werden Kirchen und Tempel durch Spenden gebaut. Da die Zeit vergeht und unsere Welt sich immer weiter von einer Spendenkultur entfernt, m\u00fcssen wir uns neue Methoden ausdenken, um unsere Meditationszentren aufzubauen und zu erhalten.<\/p>\n<p>Hyon Gak Sunim hat die gro\u00dfe Vision, eine Zen-Farm\/einen Zen-Tempel in der wundersch\u00f6nen Landschaft vor den Toren Regensburgs zu errichten. Wenn du hier spendest &#8211; egal wie hoch der Betrag ist &#8211; werden wir diese Mittel f\u00fcr den Kauf von Lotterielosen verwenden. Diese Tickets werden von Hyon Gak Sunim und seinem Team hier auf Zen Center&#8221;freigerubbelt&#8221;. Alle Gewinne werden zu 100% f\u00fcr die Realisierung dieses Projekts verwendet.<\/p>\n<p><img fetchpriority=\"high\" decoding=\"async\" class=\"alignnone size-medium wp-image-26855\" src=\"https:\/\/zen-center-regensburg.com\/wp-content\/uploads\/2024\/11\/Image-300x200.jpg\" alt=\"\" width=\"300\" height=\"200\" srcset=\"https:\/\/zen-center-regensburg.com\/wp-content\/uploads\/2024\/11\/Image-300x200.jpg 300w, https:\/\/zen-center-regensburg.com\/wp-content\/uploads\/2024\/11\/Image-1024x683.jpg 1024w, https:\/\/zen-center-regensburg.com\/wp-content\/uploads\/2024\/11\/Image-768x512.jpg 768w, https:\/\/zen-center-regensburg.com\/wp-content\/uploads\/2024\/11\/Image-1536x1025.jpg 1536w, https:\/\/zen-center-regensburg.com\/wp-content\/uploads\/2024\/11\/Image-750x500.jpg 750w, https:\/\/zen-center-regensburg.com\/wp-content\/uploads\/2024\/11\/Image-600x400.jpg 600w, https:\/\/zen-center-regensburg.com\/wp-content\/uploads\/2024\/11\/Image.jpg 1920w\" sizes=\"(max-width: 300px) 100vw, 300px\" \/><\/p>\n<p><img decoding=\"async\" class=\"alignnone size-medium wp-image-26856\" src=\"https:\/\/zen-center-regensburg.com\/wp-content\/uploads\/2024\/11\/palmatoranstich-titel-300x110.jpg\" alt=\"\" width=\"300\" height=\"110\" srcset=\"https:\/\/zen-center-regensburg.com\/wp-content\/uploads\/2024\/11\/palmatoranstich-titel-300x110.jpg 300w, https:\/\/zen-center-regensburg.com\/wp-content\/uploads\/2024\/11\/palmatoranstich-titel-1024x375.jpg 1024w, https:\/\/zen-center-regensburg.com\/wp-content\/uploads\/2024\/11\/palmatoranstich-titel-768x281.jpg 768w, https:\/\/zen-center-regensburg.com\/wp-content\/uploads\/2024\/11\/palmatoranstich-titel-750x275.jpg 750w, https:\/\/zen-center-regensburg.com\/wp-content\/uploads\/2024\/11\/palmatoranstich-titel-600x220.jpg 600w, https:\/\/zen-center-regensburg.com\/wp-content\/uploads\/2024\/11\/palmatoranstich-titel.jpg 1400w\" sizes=\"(max-width: 300px) 100vw, 300px\" \/><\/p>\n<p>Wir hoffen, ein altes Kloster wie dieses zu kaufen, das etwas au\u00dferhalb der Stadt liegt, und dann intime Dharma-Treffen wie dieses zu veranstalten.<\/p>\n<p>&nbsp;<\/p>\n","protected":false},"excerpt":{"rendered":"<p>Hilf Hyon Gak Sunim und Zen Center Regensburg dabei, ein Retreat-Zentrum auf den Feldern au\u00dferhalb der Stadt Regensburg zu errichten. Deine Spende HIER hilft uns, LOTTERY TICKETS zu kaufen. Wenn wir gro\u00df gewinnen, gewinnen alle f\u00fchlenden Wesen gro\u00df!<\/p>\n<p><img decoding=\"async\" class=\"alignnone size-medium wp-image-26854\" src=\"https:\/\/zen-center-regensburg.com\/wp-content\/uploads\/2024\/11\/Untitled-design-9-300x169.png\" alt=\"\" width=\"300\" height=\"169\" srcset=\"https:\/\/zen-center-regensburg.com\/wp-content\/uploads\/2024\/11\/Untitled-design-9-300x169.png 300w, https:\/\/zen-center-regensburg.com\/wp-content\/uploads\/2024\/11\/Untitled-design-9-1024x576.png 1024w, https:\/\/zen-center-regensburg.com\/wp-content\/uploads\/2024\/11\/Untitled-design-9-768x432.png 768w, https:\/\/zen-center-regensburg.com\/wp-content\/uploads\/2024\/11\/Untitled-design-9-750x422.png 750w, https:\/\/zen-center-regensburg.com\/wp-content\/uploads\/2024\/11\/Untitled-design-9-600x338.png 600w, https:\/\/zen-center-regensburg.com\/wp-content\/uploads\/2024\/11\/Untitled-design-9.png 1280w\" sizes=\"(max-width: 300px) 100vw, 300px\" \/><\/p>\n","protected":false},"featured_media":24482,"template":"","meta":{"iawp_total_views":18},"product_brand":[],"product_cat":[187,173,189,181],"product_tag":[],"class_list":{"0":"post-25070","1":"product","2":"type-product","3":"status-publish","4":"has-post-thumbnail","6":"product_cat-ausgewahlte","7":"product_cat-dharma-clothes","8":"product_cat-spenden","9":"product_cat-unterrichten","11":"first","12":"instock","13":"virtual","14":"purchasable","15":"product-type-simple"},"_links":{"self":[{"href":"https:\/\/zen-center-regensburg.com\/de\/wp-json\/wp\/v2\/product\/25070","targetHints":{"allow":["GET"]}}],"collection":[{"href":"https:\/\/zen-center-regensburg.com\/de\/wp-json\/wp\/v2\/product"}],"about":[{"href":"https:\/\/zen-center-regensburg.com\/de\/wp-json\/wp\/v2\/types\/product"}],"version-history":[{"count":3,"href":"https:\/\/zen-center-regensburg.com\/de\/wp-json\/wp\/v2\/product\/25070\/revisions"}],"predecessor-version":[{"id":26860,"href":"https:\/\/zen-center-regensburg.com\/de\/wp-json\/wp\/v2\/product\/25070\/revisions\/26860"}],"wp:featuredmedia":[{"embeddable":true,"href":"https:\/\/zen-center-regensburg.com\/de\/wp-json\/wp\/v2\/media\/24482"}],"wp:attachment":[{"href":"https:\/\/zen-center-regensburg.com\/de\/wp-json\/wp\/v2\/media?parent=25070"}],"wp:term":[{"taxonomy":"product_brand","embeddable":true,"href":"https:\/\/zen-center-regensburg.com\/de\/wp-json\/wp\/v2\/product_brand?post=25070"},{"taxonomy":"product_cat","embeddable":true,"href":"https:\/\/zen-center-regensburg.com\/de\/wp-json\/wp\/v2\/product_cat?post=25070"},{"taxonomy":"product_tag","embeddable":true,"href":"https:\/\/zen-center-regensburg.com\/de\/wp-json\/wp\/v2\/product_tag?post=25070"}],"curies":[{"name":"wp","href":"https:\/\/api.w.org\/{rel}","templated":true}]}}