{"id":24820,"date":"2024-10-10T12:18:36","date_gmt":"2024-10-10T10:18:36","guid":{"rendered":"https:\/\/zen-center-regensburg.com\/product\/meditationskissen\/"},"modified":"2026-03-29T18:55:15","modified_gmt":"2026-03-29T16:55:15","slug":"meditationskissen","status":"publish","type":"product","link":"https:\/\/zen-center-regensburg.com\/de\/produkt\/meditationskissen\/","title":{"rendered":"Unser &#8220;Zenman&#8221; Meditationskissen"},"content":{"rendered":"<p>Finde inneren Frieden und Gleichgewicht mit unserem hochwertigen, fair produzierten Bio-Meditationskissen. Sie wurde speziell f\u00fcr Meditierende und Yogis entwickelt und hat mit 30 cm Durchmesser und 16 cm H\u00f6he die perfekte Gr\u00f6\u00dfe f\u00fcr eine bequeme und ergonomische Sitzposition.<\/p>\n<p>Gef\u00fcllt mit Bio-Dinkelspelzen aus Deutschland, passt sich unser Kissen deinem K\u00f6rper an und erm\u00f6glicht es dir, tief in die Meditation einzutauchen. Der Bezug aus Bio-Baumwolle ist nicht nur umweltfreundlich und nachhaltig, sondern auch abnehmbar und waschbar f\u00fcr eine einfache Reinigung.<\/p>\n<p>Unser fair produziertes Meditationskissen vereint Komfort, Funktionalit\u00e4t und einen bewussten Umgang mit unserer Umwelt. Es ist mehr als nur ein Kissen &#8211; es ist dein Begleiter f\u00fcr einen ausgeglichenen und ruhigen Geist.<\/p>\n<p>&nbsp;<\/p>\n<p>&nbsp;<\/p>\n<p>&nbsp;<\/p>\n","protected":false},"excerpt":{"rendered":"<p>Meditationskissen aus 100% Bio-Baumwolle und mit Bio-Dinkel-F\u00fcllung<\/p>\n","protected":false},"featured_media":24762,"template":"","meta":{"iawp_total_views":141},"product_brand":[],"product_cat":[166],"product_tag":[],"class_list":{"0":"post-24820","1":"product","2":"type-product","3":"status-publish","4":"has-post-thumbnail","6":"product_cat-praxis","8":"first","9":"instock","10":"shipping-taxable","11":"purchasable","12":"product-type-simple"},"_links":{"self":[{"href":"https:\/\/zen-center-regensburg.com\/de\/wp-json\/wp\/v2\/product\/24820","targetHints":{"allow":["GET"]}}],"collection":[{"href":"https:\/\/zen-center-regensburg.com\/de\/wp-json\/wp\/v2\/product"}],"about":[{"href":"https:\/\/zen-center-regensburg.com\/de\/wp-json\/wp\/v2\/types\/product"}],"version-history":[{"count":2,"href":"https:\/\/zen-center-regensburg.com\/de\/wp-json\/wp\/v2\/product\/24820\/revisions"}],"predecessor-version":[{"id":28393,"href":"https:\/\/zen-center-regensburg.com\/de\/wp-json\/wp\/v2\/product\/24820\/revisions\/28393"}],"wp:featuredmedia":[{"embeddable":true,"href":"https:\/\/zen-center-regensburg.com\/de\/wp-json\/wp\/v2\/media\/24762"}],"wp:attachment":[{"href":"https:\/\/zen-center-regensburg.com\/de\/wp-json\/wp\/v2\/media?parent=24820"}],"wp:term":[{"taxonomy":"product_brand","embeddable":true,"href":"https:\/\/zen-center-regensburg.com\/de\/wp-json\/wp\/v2\/product_brand?post=24820"},{"taxonomy":"product_cat","embeddable":true,"href":"https:\/\/zen-center-regensburg.com\/de\/wp-json\/wp\/v2\/product_cat?post=24820"},{"taxonomy":"product_tag","embeddable":true,"href":"https:\/\/zen-center-regensburg.com\/de\/wp-json\/wp\/v2\/product_tag?post=24820"}],"curies":[{"name":"wp","href":"https:\/\/api.w.org\/{rel}","templated":true}]}}