{"id":24777,"date":"2024-10-07T08:59:19","date_gmt":"2024-10-07T06:59:19","guid":{"rendered":"https:\/\/zen-center-regensburg.com\/?post_type=product&#038;p=24777"},"modified":"2026-04-13T13:04:58","modified_gmt":"2026-04-13T11:04:58","slug":"knie-supporter-hyon-gak-sunims-wahl","status":"publish","type":"product","link":"https:\/\/zen-center-regensburg.com\/de\/produkt\/knie-supporter-hyon-gak-sunims-wahl\/","title":{"rendered":"Kniesch\u00fctzer &#8211; Hyon Gak Sunim&#8217;s Wahl"},"content":{"rendered":"<p>Wie bei vielen anderen Menschen auch, kann selbst ein mega-erfahrener Meditierender wie Hyon Gak Sunim w\u00e4hrend langer Meditationsphasen k\u00f6rperliche Probleme mit seinen Knien bekommen. Seine j\u00fcngsten Knieoperationen haben seine Beweglichkeit eingeschr\u00e4nkt, so dass er unter jedem Knie einen kleinen &#8220;Klotz&#8221; zum Abst\u00fctzen braucht. Viele andere Praktizierende benutzen aufgerollte Handt\u00fccher oder andere Meditationskissen, um auf die gleiche Weise zu helfen.<\/p>\n<p>Jetzt kannst du deine Praxis mit dem ZCR Meditation Knee Supporter verbessern, einem einfachen, aber effektiven Werkzeug, das Hyon Gak Sunim bei jeder Sitzung verwendet. Diese kleine Rolle, die mit Dinkelh\u00fclsen gef\u00fcllt ist, wurde entwickelt, um Stabilit\u00e4t und Komfort w\u00e4hrend l\u00e4ngerer Meditationssitzungen zu bieten &#8211; nat\u00fcrlich und letztendlich biologisch abbaubar (genau wie du und deine Mutter). Es hilft, den Druck von den Knien zu nehmen und f\u00f6rdert eine ausgewogene K\u00f6rperhaltung.<\/p>\n<p>Viele, viele, viele andere supercoole Zen-Hilfen in unserem tollen Temple Shop. (ALLE Gewinne unterst\u00fctzen 100% der Betriebskosten von Temple!)<\/p>\n<ul>\n<li>Hergestellt aus 100% Baumwolle mit nat\u00fcrlicher Dinkelspelzf\u00fcllung<\/li>\n<li>Abmessungen: 30 cm lang, 5 cm hoch<\/li>\n<li>Bietet eine sanfte, stabilisierende Unterst\u00fctzung f\u00fcr l\u00e4ngere Meditationen<\/li>\n<li>F\u00f6rdert eine bequeme und ausgewogene Sitzhaltung<\/li>\n<\/ul>\n<p>Schaffe eine f\u00f6rderliche Meditationsumgebung und verbessere deine Praxis mit diesem wichtigen Werkzeug.<\/p>\n<p>&nbsp;<\/p>\n","protected":false},"excerpt":{"rendered":"<p>Meditation Knee Supporter, ein einfaches, aber effektives Hilfsmittel, das f\u00fcr Stabilit\u00e4t und Komfort w\u00e4hrend der Meditationssitzungen sorgt.<\/p>\n<p><span style=\"color: #ff0000;\">Wird von Hyon Gak Sunim jeden Tag benutzt.<\/span><\/p>\n","protected":false},"featured_media":24827,"template":"","meta":{"iawp_total_views":60},"product_brand":[],"product_cat":[166],"product_tag":[],"class_list":{"0":"post-24777","1":"product","2":"type-product","3":"status-publish","4":"has-post-thumbnail","6":"product_cat-praxis","7":"product_shipping_class-dhl-packchen-m-international-de","9":"first","10":"instock","11":"shipping-taxable","12":"purchasable","13":"product-type-simple"},"_links":{"self":[{"href":"https:\/\/zen-center-regensburg.com\/de\/wp-json\/wp\/v2\/product\/24777","targetHints":{"allow":["GET"]}}],"collection":[{"href":"https:\/\/zen-center-regensburg.com\/de\/wp-json\/wp\/v2\/product"}],"about":[{"href":"https:\/\/zen-center-regensburg.com\/de\/wp-json\/wp\/v2\/types\/product"}],"version-history":[{"count":7,"href":"https:\/\/zen-center-regensburg.com\/de\/wp-json\/wp\/v2\/product\/24777\/revisions"}],"predecessor-version":[{"id":28557,"href":"https:\/\/zen-center-regensburg.com\/de\/wp-json\/wp\/v2\/product\/24777\/revisions\/28557"}],"wp:featuredmedia":[{"embeddable":true,"href":"https:\/\/zen-center-regensburg.com\/de\/wp-json\/wp\/v2\/media\/24827"}],"wp:attachment":[{"href":"https:\/\/zen-center-regensburg.com\/de\/wp-json\/wp\/v2\/media?parent=24777"}],"wp:term":[{"taxonomy":"product_brand","embeddable":true,"href":"https:\/\/zen-center-regensburg.com\/de\/wp-json\/wp\/v2\/product_brand?post=24777"},{"taxonomy":"product_cat","embeddable":true,"href":"https:\/\/zen-center-regensburg.com\/de\/wp-json\/wp\/v2\/product_cat?post=24777"},{"taxonomy":"product_tag","embeddable":true,"href":"https:\/\/zen-center-regensburg.com\/de\/wp-json\/wp\/v2\/product_tag?post=24777"}],"curies":[{"name":"wp","href":"https:\/\/api.w.org\/{rel}","templated":true}]}}