{"id":24765,"date":"2024-06-29T09:54:36","date_gmt":"2024-06-29T07:54:36","guid":{"rendered":"https:\/\/zen-center-regensburg.com\/?post_type=product&#038;p=24765"},"modified":"2025-11-18T11:36:47","modified_gmt":"2025-11-18T10:36:47","slug":"chanting-book","status":"publish","type":"product","link":"https:\/\/zen-center-regensburg.com\/de\/produkt\/chanting-book\/","title":{"rendered":"Gesangsbuch"},"content":{"rendered":"<div style=\"position: relative; padding-top: 56.25%;\"><iframe style=\"border: 0; position: absolute; top: 0; height: 100%; width: 100%;\" src=\"https:\/\/iframe.mediadelivery.net\/embed\/339489\/5705fb8a-be3b-473b-9361-d6cd66c33adc?autoplay=true&amp;loop=false&amp;muted=false&amp;preload=true&amp;responsive=true\" allowfullscreen=\"allowfullscreen\"><\/iframe><\/div>\n<p>&nbsp;<\/p>\n<p>F\u00fcr deine t\u00e4gliche spirituelle Praxis mit unserem sorgf\u00e4ltig gestalteten Gesangsbuch. Diese unverzichtbare Sammlung von Ges\u00e4ngen, die wundersch\u00f6n im traditionellen koreanischen Stil gebunden sind, wurde entwickelt, um deine Praxis am Morgen und am Abend mit tiefgr\u00fcndigen Ges\u00e4ngen zu bereichern.<\/p>\n<p>Hyon Gak Sunim lehrt den Gesang als eine Methode, um den Geist zu fokussieren und Achtsamkeit zu kultivieren. Diese Praxis hilft dabei, die eigene Energie auszurichten, mentale Barrieren zu \u00fcberwinden und das Gemeinschaftsgef\u00fchl unter den Praktizierenden zu f\u00f6rdern. Durch den Gesang k\u00f6nnen Menschen einen Zustand des &#8220;Nicht-Wissen-Geistes&#8221; erreichen.<\/p>\n<p>Das Buch enth\u00e4lt die Huldigung an die Drei Juwelen, das Herz-Sutra auf Koreanisch und Englisch sowie das Gro\u00dfe Dharani. So kannst du deinen Tag mit tiefem Respekt und Dankbarkeit f\u00fcr Buddha, Dharma und Sangha beginnen und beenden und eine Atmosph\u00e4re der Achtsamkeit und des Friedens schaffen. Das Sutra der 1000 H\u00e4nde und Augen sowie eine kuratierte Auswahl weiterer wichtiger Ges\u00e4nge unterst\u00fctzen deine Kido-Praxis und zeremoniellen Rituale und bereichern deine spirituelle Reise mit altehrw\u00fcrdigen Traditionen.<\/p>\n<p>Unser Gesangsbuch ist elegant nach der traditionellen koreanischen Methode gebunden und verleiht deinem spirituellen Werkzeugkasten Haltbarkeit und einen Hauch von Authentizit\u00e4t. Dieses Buch ist kompakt und tragbar, so dass du es \u00fcberallhin mitnehmen kannst und deine Praxis nie unterbrochen wird. Jeder Gesang wird in einem klaren, leicht zu lesenden Format dargestellt, damit deine Praxis des Gesangs reibungslos und konzentriert abl\u00e4uft.<\/p>\n<p>Egal, ob du ein erfahrener Praktizierender oder ein Neuling im Gesang bist, unser Buch zum t\u00e4glichen Gesang ist der perfekte Begleiter, um deine Praxis zu vertiefen, Achtsamkeit zu kultivieren und dich mit der zeitlosen Weisheit der buddhistischen Lehren zu verbinden. Bringe mit diesem unverzichtbaren Leitfaden ein Gef\u00fchl von Heiligkeit und Ruhe in deinen Alltag.<\/p>\n","protected":false},"excerpt":{"rendered":"<p>Das Gesangsbuch f\u00fcr deine t\u00e4gliche Praxis, wie es in unserem Zen Center verwendet wird (<strong>*Gleiche Ges\u00e4nge und Texte wie in den KUSZ-Gesangsb\u00fcchern*<\/strong>). Handgebunden in alter koreanischer Schnurbindung, auf feinem Karton.<\/p>\n<p><span style=\"color: #ff0000;\"><em>Ein Exklusivbericht f\u00fcr Zen Center Regensburg.<\/em><\/span><\/p>\n","protected":false},"featured_media":24977,"template":"","meta":{"iawp_total_views":35},"product_brand":[],"product_cat":[166],"product_tag":[],"class_list":{"0":"post-24765","1":"product","2":"type-product","3":"status-publish","4":"has-post-thumbnail","6":"product_cat-praxis","8":"first","9":"instock","10":"shipping-taxable","11":"purchasable","12":"product-type-simple"},"_links":{"self":[{"href":"https:\/\/zen-center-regensburg.com\/de\/wp-json\/wp\/v2\/product\/24765","targetHints":{"allow":["GET"]}}],"collection":[{"href":"https:\/\/zen-center-regensburg.com\/de\/wp-json\/wp\/v2\/product"}],"about":[{"href":"https:\/\/zen-center-regensburg.com\/de\/wp-json\/wp\/v2\/types\/product"}],"version-history":[{"count":15,"href":"https:\/\/zen-center-regensburg.com\/de\/wp-json\/wp\/v2\/product\/24765\/revisions"}],"predecessor-version":[{"id":28074,"href":"https:\/\/zen-center-regensburg.com\/de\/wp-json\/wp\/v2\/product\/24765\/revisions\/28074"}],"wp:featuredmedia":[{"embeddable":true,"href":"https:\/\/zen-center-regensburg.com\/de\/wp-json\/wp\/v2\/media\/24977"}],"wp:attachment":[{"href":"https:\/\/zen-center-regensburg.com\/de\/wp-json\/wp\/v2\/media?parent=24765"}],"wp:term":[{"taxonomy":"product_brand","embeddable":true,"href":"https:\/\/zen-center-regensburg.com\/de\/wp-json\/wp\/v2\/product_brand?post=24765"},{"taxonomy":"product_cat","embeddable":true,"href":"https:\/\/zen-center-regensburg.com\/de\/wp-json\/wp\/v2\/product_cat?post=24765"},{"taxonomy":"product_tag","embeddable":true,"href":"https:\/\/zen-center-regensburg.com\/de\/wp-json\/wp\/v2\/product_tag?post=24765"}],"curies":[{"name":"wp","href":"https:\/\/api.w.org\/{rel}","templated":true}]}}