{"id":24623,"date":"2024-07-31T08:35:38","date_gmt":"2024-07-31T07:27:58","guid":{"rendered":"https:\/\/zen-center-regensburg.com\/?post_type=product&#038;p=24623"},"modified":"2024-11-07T15:00:02","modified_gmt":"2024-11-07T14:00:02","slug":"erlebe-die-art-des-achtsamen-essens-mit-handgefertigten-holzschalen","status":"publish","type":"product","link":"https:\/\/zen-center-regensburg.com\/de\/produkt\/erlebe-die-art-des-achtsamen-essens-mit-handgefertigten-holzschalen\/","title":{"rendered":"Erlebe die Kunst des achtsamen Essens mit handgefertigten Holzschalen"},"content":{"rendered":"<p>Unsere handgefertigten Holzschalen bereichern die Praxis des achtsamen Essens &#8211; eine Tradition, die von Zen-M\u00f6nchen seit \u00fcber 2.500 Jahren gepflegt wird. In unserer schnelllebigen Welt, in der es viele Ablenkungen gibt, erinnert uns die renommierte \u00c4rztin und Autorin Giulia Enders daran, dass Stress und Multitasking die Verdauung beeintr\u00e4chtigen k\u00f6nnen. Wenn wir w\u00e4hrend der Mahlzeiten pr\u00e4sent sind, k\u00f6nnen wir nicht nur den Geschmack, die Aromen und die Farben besser wahrnehmen, sondern uns auch besser auf die Bed\u00fcrfnisse unseres K\u00f6rpers einstellen. Unsere Schalen sind von der jahrhundertealten Tradition der Zen-M\u00f6nche inspiriert, die bei ihrem Abschluss eine Robe und einen Satz Essschalen erhalten &#8211; ein Symbol f\u00fcr Achtsamkeit und Einfachheit. Diese Schalen, die oft ein Leben lang gehegt und an die Sch\u00fcler weitergegeben werden, werden mit gro\u00dfer Sorgfalt und mit Absicht hergestellt. Unsere Schalen werden in einem ruhigen Bergdorf von Meister Dae Won, einem angesehenen koreanischen Kunsthandwerker, aus Ginkgo Biloba, auch bekannt als Tempelholz, handgefertigt. Jede Schale wird in einem sorgf\u00e4ltigen Verfahren in unz\u00e4hligen Schichten mit einer geheimen Naturharzrezeptur lackiert, die f\u00fcr Langlebigkeit und eine gl\u00e4nzende Oberfl\u00e4che sorgt. Das Siegel auf dem Boden der gr\u00f6\u00dften Schale mit der Aufschrift &#8220;Great Perfection&#8221; steht f\u00fcr h\u00f6chste Qualit\u00e4t und Handwerkskunst, \u00e4hnlich wie bei den legend\u00e4ren Stradivari-Geigen. Bisher waren diese Schalen ausschlie\u00dflich den Zen-M\u00f6nchen in Korea vorbehalten und auf anderen Websites, in Gesch\u00e4ften oder L\u00e4den nicht erh\u00e4ltlich. Jetzt sind sie hier erh\u00e4ltlich, um deine kulinarischen Rituale zu bereichern und einen Hauch von zeitloser Tradition in dein Zuhause zu bringen. Entdecke die tiefe Sch\u00f6nheit und Funktionalit\u00e4t unserer Holzschalen &#8211; perfekt f\u00fcr alle, die Achtsamkeit praktizieren und ihr Essverhalten verbessern wollen. Jede Schale ist ein Zeugnis der Kunstfertigkeit und Hingabe von Meister Dae Won und verspricht eine einzigartige und bereichernde Erg\u00e4nzung f\u00fcr deinen Tisch.  <\/p>\n","protected":false},"excerpt":{"rendered":"<p>Mit unseren handgefertigten Holzschalen, die von jahrhundertealten Zen-Traditionen inspiriert sind, wird achtsames Essen zum Erlebnis.<\/p>\n<p>Lieferung ohne L\u00f6ffel und Tuch.<\/p>\n<p>Nur solange der Vorrat reicht.<\/p>\n","protected":false},"featured_media":24619,"template":"","meta":{"iawp_total_views":97},"product_brand":[],"product_cat":[166],"product_tag":[],"class_list":{"0":"post-24623","1":"product","2":"type-product","3":"status-publish","4":"has-post-thumbnail","6":"product_cat-praxis","8":"first","9":"instock","10":"shipping-taxable","11":"purchasable","12":"product-type-simple"},"_links":{"self":[{"href":"https:\/\/zen-center-regensburg.com\/de\/wp-json\/wp\/v2\/product\/24623","targetHints":{"allow":["GET"]}}],"collection":[{"href":"https:\/\/zen-center-regensburg.com\/de\/wp-json\/wp\/v2\/product"}],"about":[{"href":"https:\/\/zen-center-regensburg.com\/de\/wp-json\/wp\/v2\/types\/product"}],"version-history":[{"count":1,"href":"https:\/\/zen-center-regensburg.com\/de\/wp-json\/wp\/v2\/product\/24623\/revisions"}],"predecessor-version":[{"id":24930,"href":"https:\/\/zen-center-regensburg.com\/de\/wp-json\/wp\/v2\/product\/24623\/revisions\/24930"}],"wp:featuredmedia":[{"embeddable":true,"href":"https:\/\/zen-center-regensburg.com\/de\/wp-json\/wp\/v2\/media\/24619"}],"wp:attachment":[{"href":"https:\/\/zen-center-regensburg.com\/de\/wp-json\/wp\/v2\/media?parent=24623"}],"wp:term":[{"taxonomy":"product_brand","embeddable":true,"href":"https:\/\/zen-center-regensburg.com\/de\/wp-json\/wp\/v2\/product_brand?post=24623"},{"taxonomy":"product_cat","embeddable":true,"href":"https:\/\/zen-center-regensburg.com\/de\/wp-json\/wp\/v2\/product_cat?post=24623"},{"taxonomy":"product_tag","embeddable":true,"href":"https:\/\/zen-center-regensburg.com\/de\/wp-json\/wp\/v2\/product_tag?post=24623"}],"curies":[{"name":"wp","href":"https:\/\/api.w.org\/{rel}","templated":true}]}}