{"id":23962,"date":"2018-03-16T14:09:24","date_gmt":"2018-03-16T13:09:24","guid":{"rendered":"https:\/\/zen-center-regensburg.com\/product\/tempel-kleider\/"},"modified":"2026-02-07T19:52:04","modified_gmt":"2026-02-07T18:52:04","slug":"tempel-kleider","status":"publish","type":"product","link":"https:\/\/zen-center-regensburg.com\/de\/produkt\/tempel-kleider\/","title":{"rendered":"Traditionelles koreanisches Zen-Kleidungsset"},"content":{"rendered":"<p>Wenn koreanische Nonnen und M\u00f6nche meditieren, tragen sie weite Hosen, die das stundenlange Sitzen im Schneidersitz auf dem Boden, die Praxis der 108 Niederwerfungen und die ehrf\u00fcrchtigen Verbeugungen w\u00e4hrend des t\u00e4glichen Gesangs erm\u00f6glichen. Die grauen Roben, die ein M\u00f6nch tr\u00e4gt, erkl\u00e4ren, dass er ein Praktizierender ist, und stehen f\u00fcr den Geist der Besitzlosigkeit und des Loslassens aller weltlichen Begierden. Ein weiteres Kennzeichen der Zen-Nonne oder des Zen-M\u00f6nchs ist, dass sie alte Kleidung tragen, die mit Flicken bedeckt ist, Schicht f\u00fcr Schicht.<\/p>\n<p>Unser traditionelles koreanisches Zen-Kleidungsset ist die uralte Version dieses wichtigen Elements der Praxis, aber f\u00fcr das moderne Zeitalter leicht aktualisiert, um die Reinigung und Pflege zu erleichtern. Diese Kleidung ist keine Massenware, die in irgendeiner anonymen Fabrik in China oder sonstwo hergestellt wird: Sie werden aus reiner Baumwolle von koreanischen N\u00e4herinnen hergestellt, die ihr Leben ausschlie\u00dflich der Bekleidung von M\u00f6nchen und Nonnen widmen. Das traditionelle koreanische Zen-Bekleidungsset besteht aus der Baggy-Hose (mit Taschen) und einem Klettverschluss, der das Tragen erleichtert. Es gibt eine Au\u00dfenjacke mit weiten \u00c4rmeln, die ger\u00e4umig genug ist, um an kalten Wintertagen einen dicken Pullover darunter zu tragen. Die gro\u00dfz\u00fcgige L\u00e4nge der Jacke erm\u00f6glicht es, dass der Stoff die Beine beim Sitzen bedeckt und sie an k\u00fchlen Morgens warm h\u00e4lt.<\/p>\n<p>Die einzige charakteristische kl\u00f6sterliche Version dieses Ensembles ist die graue Farbe, als Zeichen der Askese. Solche Kleidungsst\u00fccke zeigen die Losl\u00f6sung von materiellen Besitzt\u00fcmern, sie sind &#8220;in der Welt, aber nicht von der Welt&#8221;.<\/p>\n","protected":false},"excerpt":{"rendered":"<p>Zu Hause oder auf Retreats, der Komfort und die Flexibilit\u00e4t einer koreanischen Zen-Nonne oder eines M\u00f6nchs!<\/p>\n<p><span style=\"color: #ff0000;\"><em>Ein ZCR-Exklusivartikel, entworfen von Hyon Gak Sunim.<\/em><\/span><\/p>\n","protected":false},"featured_media":23963,"template":"","meta":{"iawp_total_views":524},"product_brand":[],"product_cat":[173],"product_tag":[],"class_list":{"0":"post-23962","1":"product","2":"type-product","3":"status-publish","4":"has-post-thumbnail","6":"product_cat-dharma-clothes","8":"first","9":"instock","10":"shipping-taxable","11":"purchasable","12":"product-type-variable","13":"has-default-attributes"},"_links":{"self":[{"href":"https:\/\/zen-center-regensburg.com\/de\/wp-json\/wp\/v2\/product\/23962","targetHints":{"allow":["GET"]}}],"collection":[{"href":"https:\/\/zen-center-regensburg.com\/de\/wp-json\/wp\/v2\/product"}],"about":[{"href":"https:\/\/zen-center-regensburg.com\/de\/wp-json\/wp\/v2\/types\/product"}],"version-history":[{"count":8,"href":"https:\/\/zen-center-regensburg.com\/de\/wp-json\/wp\/v2\/product\/23962\/revisions"}],"predecessor-version":[{"id":27916,"href":"https:\/\/zen-center-regensburg.com\/de\/wp-json\/wp\/v2\/product\/23962\/revisions\/27916"}],"wp:featuredmedia":[{"embeddable":true,"href":"https:\/\/zen-center-regensburg.com\/de\/wp-json\/wp\/v2\/media\/23963"}],"wp:attachment":[{"href":"https:\/\/zen-center-regensburg.com\/de\/wp-json\/wp\/v2\/media?parent=23962"}],"wp:term":[{"taxonomy":"product_brand","embeddable":true,"href":"https:\/\/zen-center-regensburg.com\/de\/wp-json\/wp\/v2\/product_brand?post=23962"},{"taxonomy":"product_cat","embeddable":true,"href":"https:\/\/zen-center-regensburg.com\/de\/wp-json\/wp\/v2\/product_cat?post=23962"},{"taxonomy":"product_tag","embeddable":true,"href":"https:\/\/zen-center-regensburg.com\/de\/wp-json\/wp\/v2\/product_tag?post=23962"}],"curies":[{"name":"wp","href":"https:\/\/api.w.org\/{rel}","templated":true}]}}