{"id":23959,"date":"2023-06-24T19:12:47","date_gmt":"2023-06-24T17:12:47","guid":{"rendered":"https:\/\/zen-center-regensburg.com\/product\/koreanische-tempel-kleider-kopie\/"},"modified":"2025-11-12T11:22:56","modified_gmt":"2025-11-12T10:22:56","slug":"koreanische-tempel-kleider-kopie","status":"publish","type":"product","link":"https:\/\/zen-center-regensburg.com\/de\/produkt\/koreanische-tempel-kleider-kopie\/","title":{"rendered":"Jukpi"},"content":{"rendered":"<p><em>Jukpi<\/em> (manchmal anglisiert als &#8221; <em>Chukpi<\/em> &#8221; oder &#8221; <em>Chugpi<\/em> &#8220;) bedeutet &#8220;Bambusklacker&#8221;. Es ist ein Instrument, das in Korea verwendet wird, um den Beginn und das Ende von buddhistischen Zeremonien und Meditationssitzungen zu markieren. Traditionell besteht das Instrument aus einem hohlen, in der Mitte gespaltenen Bambusstab, der beim Anschlagen ein deutliches Klacken von sich gibt. Das <em>Jukpi<\/em> wird in der Regel dreimal geklatscht, um den Beginn und das Ende einer Zeremonie oder einer Meditationssitzung zu signalisieren, sowie bei formellen Mahlzeiten (einmal bei der Gehmeditation). Das Instrument wird in einer Hand gehalten und mit der offenen anderen Hand angeschlagen, um einen klatschenden Ton zu erzeugen.<\/p>\n<p>Wir bieten ZWEI verschiedene <em>Jukpi-Stile<\/em> an:<\/p>\n<ol>\n<li><strong>PREMIUM <\/strong><em><strong>Jukpi<\/strong><\/em><strong>:<\/strong> Die Herstellung der traditionellen handgefertigten <em>Bambus-Jukpi<\/em> ist extrem zeitaufw\u00e4ndig und erfordert ein uraltes K\u00f6nnen und Feingef\u00fchl, das heute nur noch wenige M\u00f6nche in Korea besitzen. <span style=\"vertical-align: inherit;\"><span style=\"vertical-align: inherit;\">Der Bambus muss je nach Reifegrad und Dicke von Hand ausgew\u00e4hlt, geschnitten, getrocknet und gereift werden. Dann wird es erhitzt, geformt und bearbeitet.  <\/span><\/span>Der Klang dieses <em>Jukpi<\/em> ist unvergleichlich! Sie wird von keiner Firma hergestellt, sondern wird heute in Korea von nur ein oder zwei Personen handgefertigt. <strong>Ab August 2023<\/strong> <strong>wird<\/strong> der Zen Center Online-Shop die Ehre haben, die Arbeit eines erfahrenen Praktizierenden der Meditation zu pr\u00e4sentieren, der diese einzigartigen St\u00fccke exklusiv f\u00fcr Zen Center Regensburg e.V. herstellt.<\/li>\n<li><strong>Standard <\/strong><em><strong>Jukpi<\/strong><\/em><strong>:<\/strong><span style=\"vertical-align: inherit;\"><span style=\"vertical-align: inherit;\"> Dies ist die Version, die von den meisten Meditationsgruppen in Korea verwendet wird. Sie ist leichter erh\u00e4ltlich, da sie von h\u00f6herer Qualit\u00e4t ist. Sie wird in Korea aus haltbarem Aprikosenholz hergestellt, sieht aus wie Bambus und ist mit dem chinesischen Schriftzeichen f\u00fcr &#8220;Himmel&#8221; versehen &#8211; ein wirklich sch\u00f6nes St\u00fcck. Es wird mit einem Band zum Aufh\u00e4ngen geliefert. <\/span><\/span>Auch der Klang dieser <em>Jukpi<\/em> ist hervorragend. Diese Version des koreanischen <em>Jukpi<\/em> wird z.B. in allen Zentren der Kwan Um Zen Schule verwendet.<\/li>\n<\/ol>\n","protected":false},"excerpt":{"rendered":"<p>Der h\u00f6lzerne Kl\u00f6ppel, der unsere Sitzmeditation einrahmt<\/p>\n","protected":false},"featured_media":21239,"template":"","meta":{"iawp_total_views":152},"product_brand":[],"product_cat":[166],"product_tag":[],"class_list":{"0":"post-23959","1":"product","2":"type-product","3":"status-publish","4":"has-post-thumbnail","6":"product_cat-praxis","8":"first","9":"instock","10":"shipping-taxable","11":"purchasable","12":"product-type-variable","13":"has-default-attributes"},"_links":{"self":[{"href":"https:\/\/zen-center-regensburg.com\/de\/wp-json\/wp\/v2\/product\/23959","targetHints":{"allow":["GET"]}}],"collection":[{"href":"https:\/\/zen-center-regensburg.com\/de\/wp-json\/wp\/v2\/product"}],"about":[{"href":"https:\/\/zen-center-regensburg.com\/de\/wp-json\/wp\/v2\/types\/product"}],"version-history":[{"count":7,"href":"https:\/\/zen-center-regensburg.com\/de\/wp-json\/wp\/v2\/product\/23959\/revisions"}],"predecessor-version":[{"id":28051,"href":"https:\/\/zen-center-regensburg.com\/de\/wp-json\/wp\/v2\/product\/23959\/revisions\/28051"}],"wp:featuredmedia":[{"embeddable":true,"href":"https:\/\/zen-center-regensburg.com\/de\/wp-json\/wp\/v2\/media\/21239"}],"wp:attachment":[{"href":"https:\/\/zen-center-regensburg.com\/de\/wp-json\/wp\/v2\/media?parent=23959"}],"wp:term":[{"taxonomy":"product_brand","embeddable":true,"href":"https:\/\/zen-center-regensburg.com\/de\/wp-json\/wp\/v2\/product_brand?post=23959"},{"taxonomy":"product_cat","embeddable":true,"href":"https:\/\/zen-center-regensburg.com\/de\/wp-json\/wp\/v2\/product_cat?post=23959"},{"taxonomy":"product_tag","embeddable":true,"href":"https:\/\/zen-center-regensburg.com\/de\/wp-json\/wp\/v2\/product_tag?post=23959"}],"curies":[{"name":"wp","href":"https:\/\/api.w.org\/{rel}","templated":true}]}}