{"id":23953,"date":"2023-06-24T20:08:14","date_gmt":"2023-06-24T18:08:14","guid":{"rendered":"https:\/\/zen-center-regensburg.com\/product\/nur-die-hose\/"},"modified":"2025-11-10T12:31:16","modified_gmt":"2025-11-10T11:31:16","slug":"nur-die-hose","status":"publish","type":"product","link":"https:\/\/zen-center-regensburg.com\/de\/produkt\/nur-die-hose\/","title":{"rendered":"Traditionelle Meditationshosen"},"content":{"rendered":"<p>Unser traditionelles koreanisches Zen-Kleidungsset ist die uralte Version dieses wichtigen Elements der Praxis, aber f\u00fcr das moderne Zeitalter leicht aktualisiert, um die Reinigung und Pflege zu erleichtern. Diese Kleidung ist keine Massenware, die in irgendeiner anonymen Fabrik in China oder sonstwo hergestellt wird: Sie werden aus reiner Baumwolle von koreanischen N\u00e4herinnen hergestellt, die ihr Leben ausschlie\u00dflich der Bekleidung von M\u00f6nchen und Nonnen widmen. Das traditionelle koreanische Zen-Bekleidungsset besteht aus der Schlabberhose und einem Klettverschluss, der das Tragen erleichtert. Es gibt zwei tiefe Taschen, in denen du deine Perlen und Taschent\u00fccher im Dharma-Raum verstauen kannst. Einige unserer Retreat-Teilnehmer m\u00f6gen diese Hosen so sehr, dass sie sie sogar zu Gesch\u00e4ftstreffen und bei Besorgungen zu Hause tragen.  <\/p>\n<p>Die einzige charakteristische kl\u00f6sterliche Version dieses Ensembles ist die graue Farbe, als Zeichen der Askese. Solche Kleidungsst\u00fccke zeigen die Losl\u00f6sung von materiellen Besitzt\u00fcmern, sie sind &#8220;in der Welt, aber nicht von der Welt&#8221;.<\/p>\n","protected":false},"excerpt":{"rendered":"<p>Zu Hause oder auf Retreats, der Komfort und die Flexibilit\u00e4t einer koreanischen Zen-Nonne oder eines M\u00f6nchs!<\/p>\n<p><span style=\"color: #ff0000;\"><em>Ein ZCR-Exklusivartikel, entworfen von Hyon Gak Sunim.<\/em><\/span><\/p>\n","protected":false},"featured_media":21579,"template":"","meta":{"iawp_total_views":296},"product_brand":[],"product_cat":[173],"product_tag":[],"class_list":{"0":"post-23953","1":"product","2":"type-product","3":"status-publish","4":"has-post-thumbnail","6":"product_cat-dharma-clothes","8":"first","9":"instock","10":"shipping-taxable","11":"purchasable","12":"product-type-variable","13":"has-default-attributes"},"_links":{"self":[{"href":"https:\/\/zen-center-regensburg.com\/de\/wp-json\/wp\/v2\/product\/23953","targetHints":{"allow":["GET"]}}],"collection":[{"href":"https:\/\/zen-center-regensburg.com\/de\/wp-json\/wp\/v2\/product"}],"about":[{"href":"https:\/\/zen-center-regensburg.com\/de\/wp-json\/wp\/v2\/types\/product"}],"version-history":[{"count":13,"href":"https:\/\/zen-center-regensburg.com\/de\/wp-json\/wp\/v2\/product\/23953\/revisions"}],"predecessor-version":[{"id":27914,"href":"https:\/\/zen-center-regensburg.com\/de\/wp-json\/wp\/v2\/product\/23953\/revisions\/27914"}],"wp:featuredmedia":[{"embeddable":true,"href":"https:\/\/zen-center-regensburg.com\/de\/wp-json\/wp\/v2\/media\/21579"}],"wp:attachment":[{"href":"https:\/\/zen-center-regensburg.com\/de\/wp-json\/wp\/v2\/media?parent=23953"}],"wp:term":[{"taxonomy":"product_brand","embeddable":true,"href":"https:\/\/zen-center-regensburg.com\/de\/wp-json\/wp\/v2\/product_brand?post=23953"},{"taxonomy":"product_cat","embeddable":true,"href":"https:\/\/zen-center-regensburg.com\/de\/wp-json\/wp\/v2\/product_cat?post=23953"},{"taxonomy":"product_tag","embeddable":true,"href":"https:\/\/zen-center-regensburg.com\/de\/wp-json\/wp\/v2\/product_tag?post=23953"}],"curies":[{"name":"wp","href":"https:\/\/api.w.org\/{rel}","templated":true}]}}