{"id":23942,"date":"2023-06-29T11:17:27","date_gmt":"2023-06-29T09:17:27","guid":{"rendered":"https:\/\/zen-center-regensburg.com\/product\/108-om-perlen-ein-exklusiv-fuer-zen-center-regensburg\/"},"modified":"2026-04-07T15:27:36","modified_gmt":"2026-04-07T13:27:36","slug":"108-om-perlen-ein-exklusiv-fuer-zen-center-regensburg","status":"publish","type":"product","link":"https:\/\/zen-center-regensburg.com\/de\/produkt\/108-om-perlen-ein-exklusiv-fuer-zen-center-regensburg\/","title":{"rendered":"108 Gingko OM-Perlen"},"content":{"rendered":"<p>Die Zahl 108 ist in den Traditionen der Hindus heilig, von den alten Veden bis zu den Sutras des Buddha. 108 ist eine wesentliche Keimzahl, die eine mystische Bedeutung repr\u00e4sentiert und eine architektonische Symmetrie aufweist, die in der gesamten menschlichen Erfahrung universell ist. Angefangen beim Sanskrit-Alphabet selbst (es gibt 54 Buchstaben im Sanskrit-Alphabet; jeder hat einen m\u00e4nnlichen und einen weiblichen Buchstaben, Shiva und Shakti; 54 multipliziert mit 2 ist also 108), bis hin zu den physikalischen Eigenschaften unseres Sonnensystems (der Durchmesser der Sonne ist 108 Mal so gro\u00df wie der Durchmesser der Erde; der Abstand von der Sonne zur Erde ist das 108-fache des Durchmessers der Sonne), bis hin zur Beziehung zwischen Mond und Erde (der durchschnittliche Abstand des Mondes von der Erde ist das 108-fache des Durchmessers des Mondes): 108 hat eine tiefe und allgegenw\u00e4rtige numerologische Bedeutung f\u00fcr das Studium des Geistes, das letztlich das Studium der Wirklichkeit selbst ist.<\/p>\n<p><strong>Unsere 108 OM-Perlen aus Gingko-Holz sind Originale.<\/strong>  Sie werden exklusiv f\u00fcr Hyon Gak Sunim von einer koreanischen Handarbeiterin in Seoul handgefertigt. Aufgrund von Ver\u00e4nderungen in der buddhistischen Wirtschaft in Korea wurden diese speziellen Perlen eingestellt und sind nicht mehr in buddhistischen Gesch\u00e4ften erh\u00e4ltlich. Auf jeder Perle ist das Zeichen &#8220;OM&#8221; eingraviert, das f\u00fcr den universellen Klang, die urspr\u00fcngliche Natur, &#8220;kwan um&#8221;, unsere urspr\u00fcngliche Substanz steht. Im Gegensatz zu Perlen, die in China in Massenproduktion hergestellt werden, ist die Schnur dieser Perlen extrem haltbar und wird viele Jahre lang halten.<\/p>\n<p>Diese Perlen werden zum Z\u00e4hlen der Niederwerfungen w\u00e4hrend deiner t\u00e4glichen Praxis der 108 Verbeugungen und zum Z\u00e4hlen der Mantras verwendet.<\/p>\n","protected":false},"excerpt":{"rendered":"<p>Diese Perlen werden zum Z\u00e4hlen der Niederwerfungen w\u00e4hrend deiner t\u00e4glichen Praxis der 108 Verbeugungen und zum Z\u00e4hlen der Mantras verwendet.<\/p>\n<p><em><span style=\"color: #ff0000;\">Ein Exklusivbericht f\u00fcr Zen Center Regensburg.<\/span><\/em><\/p>\n","protected":false},"featured_media":23943,"template":"","meta":{"iawp_total_views":843},"product_brand":[],"product_cat":[166],"product_tag":[],"class_list":{"0":"post-23942","1":"product","2":"type-product","3":"status-publish","4":"has-post-thumbnail","6":"product_cat-praxis","8":"first","9":"instock","10":"shipping-taxable","11":"purchasable","12":"product-type-simple"},"_links":{"self":[{"href":"https:\/\/zen-center-regensburg.com\/de\/wp-json\/wp\/v2\/product\/23942","targetHints":{"allow":["GET"]}}],"collection":[{"href":"https:\/\/zen-center-regensburg.com\/de\/wp-json\/wp\/v2\/product"}],"about":[{"href":"https:\/\/zen-center-regensburg.com\/de\/wp-json\/wp\/v2\/types\/product"}],"version-history":[{"count":9,"href":"https:\/\/zen-center-regensburg.com\/de\/wp-json\/wp\/v2\/product\/23942\/revisions"}],"predecessor-version":[{"id":27615,"href":"https:\/\/zen-center-regensburg.com\/de\/wp-json\/wp\/v2\/product\/23942\/revisions\/27615"}],"wp:featuredmedia":[{"embeddable":true,"href":"https:\/\/zen-center-regensburg.com\/de\/wp-json\/wp\/v2\/media\/23943"}],"wp:attachment":[{"href":"https:\/\/zen-center-regensburg.com\/de\/wp-json\/wp\/v2\/media?parent=23942"}],"wp:term":[{"taxonomy":"product_brand","embeddable":true,"href":"https:\/\/zen-center-regensburg.com\/de\/wp-json\/wp\/v2\/product_brand?post=23942"},{"taxonomy":"product_cat","embeddable":true,"href":"https:\/\/zen-center-regensburg.com\/de\/wp-json\/wp\/v2\/product_cat?post=23942"},{"taxonomy":"product_tag","embeddable":true,"href":"https:\/\/zen-center-regensburg.com\/de\/wp-json\/wp\/v2\/product_tag?post=23942"}],"curies":[{"name":"wp","href":"https:\/\/api.w.org\/{rel}","templated":true}]}}