{"id":23899,"date":"2024-01-04T15:55:09","date_gmt":"2024-01-04T14:55:09","guid":{"rendered":"https:\/\/zen-center-regensburg.com\/product\/meditationsbank\/"},"modified":"2026-02-05T21:05:30","modified_gmt":"2026-02-05T20:05:30","slug":"meditationsbank","status":"publish","type":"product","link":"https:\/\/zen-center-regensburg.com\/de\/produkt\/meditationsbank\/","title":{"rendered":"Norwegische handgefertigte Meditationsbank in Leichtbauweise"},"content":{"rendered":"<p>Du wirst dich in das Zen-verlieben!<\/p>\n<p>Diese leichte Meditationsbank wird von einem norwegischen Handwerker handgefertigt, der sie nach seinem eigenen Originalentwurf konstruiert. Es ist eine harmonische Mischung aus Komfort und Achtsamkeit, die deine Meditationspraxis unterst\u00fctzt. Mit den durchdachten Funktionen dieser Meditationsbank findest du zur Ruhe und in deine Mitte. Sie ist vollst\u00e4ndig faltbar und passt in deinen Rucksack, sodass du sie problemlos in dein \u00f6rtliches Meditationszentrum mitnehmen kannst.<\/p>\n<p>SIe ist h\u00f6henverstellbar und leicht geneigt und st\u00fctzt deinen R\u00fccken sanft in einem ausgewogenen Verh\u00e4ltnis, damit du bequem sitzen kannst. Die H\u00f6he l\u00e4sst sich stufenlos von ca. 17 bis 23 cm einstellen.<\/p>\n<p>Diese leichte (weniger als 750 g) und faltbare Bank ist leicht zu transportieren. Der Stoffbezug kann abgenommen werden und ist waschbar.<\/p>\n<p>&nbsp;<\/p>\n","protected":false},"excerpt":{"rendered":"<p>Die Meditationsbank, die \u00fcberallhin mitgenommen werden kann. Unterst\u00fctzt eine stabile K\u00f6rperhaltung. Passt in einen Rucksack. Elegantes nordisches, handgefertigtes Design.<\/p>\n<p>&nbsp;<\/p>\n","protected":false},"featured_media":23900,"template":"","meta":{"iawp_total_views":300},"product_brand":[],"product_cat":[166],"product_tag":[],"class_list":{"0":"post-23899","1":"product","2":"type-product","3":"status-publish","4":"has-post-thumbnail","6":"product_cat-praxis","8":"first","9":"instock","10":"shipping-taxable","11":"purchasable","12":"product-type-simple"},"_links":{"self":[{"href":"https:\/\/zen-center-regensburg.com\/de\/wp-json\/wp\/v2\/product\/23899","targetHints":{"allow":["GET"]}}],"collection":[{"href":"https:\/\/zen-center-regensburg.com\/de\/wp-json\/wp\/v2\/product"}],"about":[{"href":"https:\/\/zen-center-regensburg.com\/de\/wp-json\/wp\/v2\/types\/product"}],"version-history":[{"count":5,"href":"https:\/\/zen-center-regensburg.com\/de\/wp-json\/wp\/v2\/product\/23899\/revisions"}],"predecessor-version":[{"id":24927,"href":"https:\/\/zen-center-regensburg.com\/de\/wp-json\/wp\/v2\/product\/23899\/revisions\/24927"}],"wp:featuredmedia":[{"embeddable":true,"href":"https:\/\/zen-center-regensburg.com\/de\/wp-json\/wp\/v2\/media\/23900"}],"wp:attachment":[{"href":"https:\/\/zen-center-regensburg.com\/de\/wp-json\/wp\/v2\/media?parent=23899"}],"wp:term":[{"taxonomy":"product_brand","embeddable":true,"href":"https:\/\/zen-center-regensburg.com\/de\/wp-json\/wp\/v2\/product_brand?post=23899"},{"taxonomy":"product_cat","embeddable":true,"href":"https:\/\/zen-center-regensburg.com\/de\/wp-json\/wp\/v2\/product_cat?post=23899"},{"taxonomy":"product_tag","embeddable":true,"href":"https:\/\/zen-center-regensburg.com\/de\/wp-json\/wp\/v2\/product_tag?post=23899"}],"curies":[{"name":"wp","href":"https:\/\/api.w.org\/{rel}","templated":true}]}}