{"id":23897,"date":"2024-01-06T11:43:57","date_gmt":"2024-01-06T10:43:57","guid":{"rendered":"https:\/\/zen-center-regensburg.com\/product\/ein-zu-einem-gespraech-mit-hyon-gak-sunim\/"},"modified":"2025-10-13T09:30:42","modified_gmt":"2025-10-13T07:30:42","slug":"ein-zu-einem-gespraech-mit-hyon-gak-sunim","status":"publish","type":"product","link":"https:\/\/zen-center-regensburg.com\/de\/produkt\/ein-zu-einem-gespraech-mit-hyon-gak-sunim\/","title":{"rendered":"Beratungen zur Praxis, mit Hyon Gak Sunim"},"content":{"rendered":"<div class=\"elementor-element elementor-element-e70c2c4 elementor-widget elementor-widget-spacer\" data-id=\"e70c2c4\" data-element_type=\"widget\" data-widget_type=\"spacer.default\">\n<div class=\"elementor-widget-container\">\n<div class=\"elementor-spacer\">\n<div>Triffst du auf Hindernisse in deiner Praxis? F\u00fchlst du dich herausgefordert, weil du keinen Zugang zu einer \u00e4lteren Lehrkraft hast? M\u00f6chtest du mit einem lebenden Zen-Meister \u00fcber Themen sprechen, die auf deinem Weg zum Erwachen auftauchen?<\/div>\n<div><\/div>\n<div>Dank der Bequemlichkeit der sozialen Medien ist es jetzt m\u00f6glich, die lebendige Weisheit eines Zen-Meisters direkt bei dir zu Hause (oder wo immer du bist) zu erfahren. Tritt ein in das Reich eines wirklich transformativen Zoom-Anrufs mit diesem M\u00f6nch, der seit \u00fcber 35 Jahren intensiv trainiert. Tauche ein in eine einzigartige und tief inspirierende Erfahrung, w\u00e4hrend er die komplexen Fragen zur Meditationspraxis und zu pers\u00f6nlichen Herausforderungen erl\u00e4utert. Mit Verst\u00e4ndnis, grenzenlosem Einf\u00fchlungsverm\u00f6gen und einer gro\u00dfen Portion Humor aus New Jersey (rechne mit der einen oder anderen F-Bombe, es sei denn, du w\u00e4hlst die Version ab 13 Jahren!) vermittelt Hyon Gak Sunim tiefe Einsichten, die W\u00e4rme und Liebe ausstrahlen und dir helfen, eine klare Richtung in deiner Praxis einzuschlagen.<\/div>\n<div><\/div>\n<\/div>\n<div class=\"elementor-spacer\">\n<div>Mit mehr als drei Jahrzehnten engagierter Meditationspraxis, viele davon in den angesehensten Zen-Hallen S\u00fcdkoreas und Japans, verf\u00fcgt Sunim \u00fcber die au\u00dfergew\u00f6hnliche F\u00e4higkeit, den Kern eines jeden Problems schnell zu erkennen. Er ist nicht nur einf\u00fchlsam, sondern auch l\u00f6sungsorientiert und bietet wertvolle Anregungen, um die unz\u00e4hligen Situationen des Lebens zu meistern. Jede Begegnung mit ihm ist eine Reise in die Erleuchtung, und seine Weisheit hat bereits in unz\u00e4hligen Leben transformierende Ver\u00e4nderungen ausgel\u00f6st.<\/div>\n<div><\/div>\n<div>In dem beruhigenden Raum seiner Gegenwart verbindet Hyon Gak Sunim m\u00fchelos tiefgreifende spirituelle Lehren mit echter Liebe f\u00fcr die Menschheit.<\/div>\n<div><\/div>\n<div class=\"elementor-spacer-inner\">Hyon Gak Sunim (genannt &#8220;Sunim&#8221;) wurde 1964 als Paul J. Muenzen in einer Familie von gl\u00e4ubigen Katholiken in New Jersey, USA, geboren. Er studierte Literatur, Literaturtheorie und Philosophie an der Yale University (Klasse von 1987) und vergleichende Religionen an der Harvard Divinity School, wo er 1992 den Master of Theological Studies erwarb.<\/div>\n<\/div>\n<\/div>\n<\/div>\n<div><\/div>\n<div>Hyon Gak Sunim wurde 1989 ein Sch\u00fcler von Zen-Meister Seung Sahn. Er hat an verschiedenen abgelegenen Orten in den Bergen Asiens trainiert, darunter drei intensive 100-t\u00e4gige Retreats im Alleingang und etwa vierzig bis f\u00fcnfundvierzig dreimonatige Retreats in einigen der \u00e4ltesten Zen-Tempel Koreas.<\/div>\n<div><\/div>\n<div>Im August 2001 wurde Sunim in einer \u00f6ffentlichen Zeremonie im Hwa Gye Sah-Tempel vor einer Versammlung von M\u00f6nchen und Nonnen, die gerade das Sommer-Kyol-Che absolviert hatten, \u00f6ffentlich im &#8220;Dharma-Kampf&#8221; gepr\u00fcft und erhielt von Zen-Meister Seung Sahn die <em>Inka<\/em> (formale Anerkennung der Erleuchtung und Best\u00e4tigung der Lehrbefugnis).<\/div>\n<div><\/div>\n<div>\n<p>Sunim verlie\u00df Korea 2009\/10 in Richtung Westen und lie\u00df sich in Deutschland nieder, wo er heute lebt.<\/p>\n<\/div>\n","protected":false},"excerpt":{"rendered":"<h1>Eine Beratung zu deiner Praxis, mit Hyon Gak Sunim<\/h1>\n<p>Der Kaufpreis ist eine SPENDE an das Zen Center Regensburg. Sie gilt f\u00fcr bis zu 1,5 Stunden Beratung.<br \/>\nNach erfolgreichem Kauf schick uns bitte deine Wunschtermine \u00fcber unser <a href=\"https:\/\/zen-center-regensburg.com\/de\/kontakt\/\" target=\"_blank\" rel=\"noopener\">Kontaktformular<\/a>.<\/p>\n<p><strong>Sunim spendet alle Einnahmen aus diesen Beratungen ohne Abzug an den allgemeinen Betriebsfonds des Zen Center Regensburg e.V.. Er profitiert nicht pers\u00f6nlich davon.<\/strong><\/p>\n","protected":false},"featured_media":24417,"template":"","meta":{"iawp_total_views":10},"product_brand":[],"product_cat":[166,181],"product_tag":[],"class_list":{"0":"post-23897","1":"product","2":"type-product","3":"status-publish","4":"has-post-thumbnail","6":"product_cat-praxis","7":"product_cat-unterrichten","9":"first","10":"instock","11":"virtual","12":"purchasable","13":"product-type-simple"},"_links":{"self":[{"href":"https:\/\/zen-center-regensburg.com\/de\/wp-json\/wp\/v2\/product\/23897","targetHints":{"allow":["GET"]}}],"collection":[{"href":"https:\/\/zen-center-regensburg.com\/de\/wp-json\/wp\/v2\/product"}],"about":[{"href":"https:\/\/zen-center-regensburg.com\/de\/wp-json\/wp\/v2\/types\/product"}],"version-history":[{"count":1,"href":"https:\/\/zen-center-regensburg.com\/de\/wp-json\/wp\/v2\/product\/23897\/revisions"}],"predecessor-version":[{"id":27206,"href":"https:\/\/zen-center-regensburg.com\/de\/wp-json\/wp\/v2\/product\/23897\/revisions\/27206"}],"wp:featuredmedia":[{"embeddable":true,"href":"https:\/\/zen-center-regensburg.com\/de\/wp-json\/wp\/v2\/media\/24417"}],"wp:attachment":[{"href":"https:\/\/zen-center-regensburg.com\/de\/wp-json\/wp\/v2\/media?parent=23897"}],"wp:term":[{"taxonomy":"product_brand","embeddable":true,"href":"https:\/\/zen-center-regensburg.com\/de\/wp-json\/wp\/v2\/product_brand?post=23897"},{"taxonomy":"product_cat","embeddable":true,"href":"https:\/\/zen-center-regensburg.com\/de\/wp-json\/wp\/v2\/product_cat?post=23897"},{"taxonomy":"product_tag","embeddable":true,"href":"https:\/\/zen-center-regensburg.com\/de\/wp-json\/wp\/v2\/product_tag?post=23897"}],"curies":[{"name":"wp","href":"https:\/\/api.w.org\/{rel}","templated":true}]}}