{"id":23893,"date":"2024-01-07T17:28:37","date_gmt":"2024-01-07T16:28:37","guid":{"rendered":"https:\/\/zen-center-regensburg.com\/product\/online-meditation-kurs\/"},"modified":"2025-10-13T09:29:43","modified_gmt":"2025-10-13T07:29:43","slug":"online-meditation-kurs","status":"publish","type":"product","link":"https:\/\/zen-center-regensburg.com\/de\/produkt\/online-meditation-kurs\/","title":{"rendered":"&#8220;Authentisches Tempel-Zen&#8221;: Der Online-Meditationskurs von Hyon Gak Sunim"},"content":{"rendered":"<h2>Der Grundlagenkurs<\/h2>\n<p>Dies ist ein revolution\u00e4rer neuer Online-Kurs im Zen, der vom Abt des Zen Centers Regensburg, Zen-Meister Hyon Gak, geleitet wird.<\/p>\n<p>Entdecke das Potenzial deines Geistes und begib dich auf eine transformative Reise mit unserem umfassenden Online-Meditationskurs &#8220;Authentic Temple Zen&#8221;: Die Grundlagen. Dieser sorgf\u00e4ltig zusammengestellte Kurs richtet sich an Anf\u00e4nger oder erfahrene Praktizierende, die ein Software-Upgrade in Zen ben\u00f6tigen. Es ist auch f\u00fcr diejenigen gedacht, die eine tiefere Verbindung zur Praxis der Sangha w\u00fcnschen.<\/p>\n<p>Fragen wie &#8220;Was ist Erleuchtung?&#8221;, Meditation im t\u00e4glichen Leben, &#8220;Was ist wahre Meditation?&#8221; und &#8220;Was ist der Nicht-Wissen-Geist?&#8221; werden einfach und klar erkl\u00e4rt. Auch die verschiedenen Variationen des Sitzens, der Mudra und der richtigen Atmung werden anschaulich dargestellt.<\/p>\n<p>In der letzten Lektion werden alle gelernten Teile zusammengef\u00fchrt und Sunim f\u00fchrt dich einf\u00fchlsam durch eine erste Meditation.<\/p>\n<h2>Der Novizen-Kurs<\/h2>\n<p>Nachdem du die grundlegenden Prinzipien aus &#8220;The Basics&#8221; kennengelernt hast, ist der Kurs &#8220;The Novice&#8221; so konzipiert, dass er dich nahtlos von den grundlegenden Lehren aus &#8220;The Basics&#8221; zu einer soliden und stabilen Praxis zu Hause f\u00fchrt. Egal, ob du ein Anf\u00e4nger bist, der einen ruhigen Einstieg sucht, oder ein erfahrener Meditierender, der seine Praxis vertiefen m\u00f6chte, unser Anf\u00e4ngerkurs bietet f\u00fcr jeden etwas.<\/p>\n<p>\u00c4hnlich wie diejenigen, die sich in ruhigen Tempeln zur\u00fcckziehen, bef\u00e4higt dich unser Novizenkurs dazu, einen heiligen Raum in deinem eigenen Zuhause zu schaffen. Tauche ein in einfache, aber kraftvolle gef\u00fchrte Meditationen, die deine Praxis verbessern und ein Gef\u00fchl von Frieden und Ausgeglichenheit in deinem Alltag kultivieren.<\/p>\n<p>In beiden Kursen steckt die ganze Erfahrung, die Weisheit und das Herz von Sunim. Ein unsch\u00e4tzbarer Schatz f\u00fcr seine Sch\u00fcler und f\u00fcr jeden, der Meditation lernen m\u00f6chte.<\/p>\n","protected":false},"excerpt":{"rendered":"<p>Ein revolution\u00e4rer Kurs zum Aufbau einer starken und stabilen Praxis im Zen.<\/p>\n","protected":false},"featured_media":24417,"template":"","meta":{"iawp_total_views":405},"product_brand":[],"product_cat":[181],"product_tag":[],"class_list":{"0":"post-23893","1":"product","2":"type-product","3":"status-publish","4":"has-post-thumbnail","6":"product_cat-unterrichten","8":"first","9":"instock","10":"shipping-taxable","11":"product-type-external"},"_links":{"self":[{"href":"https:\/\/zen-center-regensburg.com\/de\/wp-json\/wp\/v2\/product\/23893","targetHints":{"allow":["GET"]}}],"collection":[{"href":"https:\/\/zen-center-regensburg.com\/de\/wp-json\/wp\/v2\/product"}],"about":[{"href":"https:\/\/zen-center-regensburg.com\/de\/wp-json\/wp\/v2\/types\/product"}],"version-history":[{"count":4,"href":"https:\/\/zen-center-regensburg.com\/de\/wp-json\/wp\/v2\/product\/23893\/revisions"}],"predecessor-version":[{"id":27912,"href":"https:\/\/zen-center-regensburg.com\/de\/wp-json\/wp\/v2\/product\/23893\/revisions\/27912"}],"wp:featuredmedia":[{"embeddable":true,"href":"https:\/\/zen-center-regensburg.com\/de\/wp-json\/wp\/v2\/media\/24417"}],"wp:attachment":[{"href":"https:\/\/zen-center-regensburg.com\/de\/wp-json\/wp\/v2\/media?parent=23893"}],"wp:term":[{"taxonomy":"product_brand","embeddable":true,"href":"https:\/\/zen-center-regensburg.com\/de\/wp-json\/wp\/v2\/product_brand?post=23893"},{"taxonomy":"product_cat","embeddable":true,"href":"https:\/\/zen-center-regensburg.com\/de\/wp-json\/wp\/v2\/product_cat?post=23893"},{"taxonomy":"product_tag","embeddable":true,"href":"https:\/\/zen-center-regensburg.com\/de\/wp-json\/wp\/v2\/product_tag?post=23893"}],"curies":[{"name":"wp","href":"https:\/\/api.w.org\/{rel}","templated":true}]}}