{"id":27753,"date":"2025-10-06T14:47:18","date_gmt":"2025-10-06T12:47:18","guid":{"rendered":"https:\/\/zen-center-regensburg.com\/lucid-dreaming-with-andreas-schwarz\/"},"modified":"2026-01-27T08:25:05","modified_gmt":"2026-01-27T07:25:05","slug":"lucid-dreaming-with-andreas-schwarz","status":"publish","type":"page","link":"https:\/\/zen-center-regensburg.com\/de\/lucid-dreaming-with-andreas-schwarz\/","title":{"rendered":"Meditatives Malen"},"content":{"rendered":"\t\t<div data-elementor-type=\"wp-page\" data-elementor-id=\"27753\" class=\"elementor elementor-27753 elementor-27747\" data-elementor-post-type=\"page\">\n\t\t\t\t\t\t<section class=\"elementor-section elementor-top-section elementor-element elementor-element-c2402c4 elementor-section-boxed elementor-section-height-default elementor-section-height-default\" data-id=\"c2402c4\" data-element_type=\"section\">\n\t\t\t\t\t\t<div class=\"elementor-container elementor-column-gap-default\">\n\t\t\t\t\t<div class=\"elementor-column elementor-col-100 elementor-top-column elementor-element elementor-element-db79693\" data-id=\"db79693\" data-element_type=\"column\">\n\t\t\t<div class=\"elementor-widget-wrap elementor-element-populated\">\n\t\t\t\t\t\t<div class=\"elementor-element elementor-element-2d30937 elementor-widget elementor-widget-image\" data-id=\"2d30937\" data-element_type=\"widget\" data-widget_type=\"image.default\">\n\t\t\t\t<div class=\"elementor-widget-container\">\n\t\t\t\t\t\t\t\t\t\t\t\t\t\t\t<img fetchpriority=\"high\" decoding=\"async\" width=\"800\" height=\"1000\" src=\"https:\/\/zen-center-regensburg.com\/wp-content\/uploads\/2026\/01\/Meditatives-Malen-1-819x1024.png\" class=\"attachment-large size-large wp-image-28321\" alt=\"\" srcset=\"https:\/\/zen-center-regensburg.com\/wp-content\/uploads\/2026\/01\/Meditatives-Malen-1-819x1024.png.webp 819w, https:\/\/zen-center-regensburg.com\/wp-content\/uploads\/2026\/01\/Meditatives-Malen-1-240x300.png.webp 240w, https:\/\/zen-center-regensburg.com\/wp-content\/uploads\/2026\/01\/Meditatives-Malen-1-768x960.png.webp 768w, https:\/\/zen-center-regensburg.com\/wp-content\/uploads\/2026\/01\/Meditatives-Malen-1-750x938.png.webp 750w, https:\/\/zen-center-regensburg.com\/wp-content\/uploads\/2026\/01\/Meditatives-Malen-1-600x750.png.webp 600w, https:\/\/zen-center-regensburg.com\/wp-content\/uploads\/2026\/01\/Meditatives-Malen-1.png.webp 1080w\" sizes=\"(max-width: 800px) 100vw, 800px\" \/>\t\t\t\t\t\t\t\t\t\t\t\t\t\t\t<\/div>\n\t\t\t\t<\/div>\n\t\t\t\t\t<\/div>\n\t\t<\/div>\n\t\t\t\t\t<\/div>\n\t\t<\/section>\n\t\t\t\t<section class=\"elementor-section elementor-top-section elementor-element elementor-element-9ee4d2a elementor-section-boxed elementor-section-height-default elementor-section-height-default\" data-id=\"9ee4d2a\" data-element_type=\"section\">\n\t\t\t\t\t\t<div class=\"elementor-container elementor-column-gap-default\">\n\t\t\t\t\t<div class=\"elementor-column elementor-col-100 elementor-top-column elementor-element elementor-element-d1ada3d\" data-id=\"d1ada3d\" data-element_type=\"column\">\n\t\t\t<div class=\"elementor-widget-wrap elementor-element-populated\">\n\t\t\t\t\t\t<div class=\"elementor-element elementor-element-b3ae3c6 elementor-widget elementor-widget-text-editor\" data-id=\"b3ae3c6\" data-element_type=\"widget\" data-widget_type=\"text-editor.default\">\n\t\t\t\t<div class=\"elementor-widget-container\">\n\t\t\t\t\t\t\t\t\t<p style=\"text-align: center;\" data-start=\"63\" data-end=\"408\">Tritt aus dem Tun heraus und ins Sein. In diesem intimen <strong data-start=\"116\" data-end=\"157\">1,5-st\u00fcndigen Workshop zum Meditativen Malen<\/strong> wirst du sanft in die Stille gef\u00fchrt, bevor du \u00fcberhaupt einen Pinsel in die Hand nimmst. Wir beginnen mit einer kurzen Meditation, um den Geist zu beruhigen und den inneren Raum zu \u00f6ffnen. Von dort aus l\u00e4sst du Farben, Formen und Bewegungen auf nat\u00fcrliche Weise entstehen &#8211; und kreierst dein eigenes <strong data-start=\"390\" data-end=\"407\">Seelengem\u00e4lde<\/strong>.<\/p><p style=\"text-align: center;\" data-start=\"410\" data-end=\"638\">Hier geht es <strong data-start=\"418\" data-end=\"461\">nicht um Technik, Talent oder Ergebnisse<\/strong>.<br data-start=\"462\" data-end=\"465\">Es gibt <strong data-start=\"474\" data-end=\"489\">kein Urteil<\/strong>, kein Richtig oder Falsch, und nichts zu erreichen. Das Bild wird zu einem Spiegel deiner inneren Welt in diesem Moment &#8211; ehrlich, lebendig und einzigartig.<\/p><p style=\"text-align: center;\" data-start=\"640\" data-end=\"867\">Viele Teilnehmer sind \u00fcberrascht, was alles entsteht, wenn der Verstand beiseite tritt und die Intuition die F\u00fchrung \u00fcbernimmt. Neugierde ersetzt die Erwartung. Anwesenheit ersetzt Druck. Was auf der Leinwand erscheint, f\u00fchlt sich oft sowohl fremd als auch sehr bekannt an.<\/p><p style=\"text-align: center;\" data-start=\"640\" data-end=\"867\">Es wird um eine Spende von 30 Euro gebeten.<\/p>\t\t\t\t\t\t\t\t<\/div>\n\t\t\t\t<\/div>\n\t\t\t\t\t<\/div>\n\t\t<\/div>\n\t\t\t\t\t<\/div>\n\t\t<\/section>\n\t\t\t\t<\/div>\n\t\t","protected":false},"excerpt":{"rendered":"<p>Tritt aus dem Tun heraus und ins Sein. In diesem intimen 1,5-st\u00fcndigen Workshop zum Meditativen Malen wirst du sanft in die Stille gef\u00fchrt, bevor du \u00fcberhaupt einen Pinsel in die Hand nimmst. Wir beginnen mit einer kurzen Meditation, um den Geist zu beruhigen und den inneren Raum zu \u00f6ffnen. Von dort aus l\u00e4sst du Farben, [&hellip;]<\/p>\n","protected":false},"author":21,"featured_media":0,"parent":0,"menu_order":0,"comment_status":"closed","ping_status":"closed","template":"","meta":{"iawp_total_views":26,"footnotes":""},"class_list":["post-27753","page","type-page","status-publish","hentry"],"_links":{"self":[{"href":"https:\/\/zen-center-regensburg.com\/de\/wp-json\/wp\/v2\/pages\/27753","targetHints":{"allow":["GET"]}}],"collection":[{"href":"https:\/\/zen-center-regensburg.com\/de\/wp-json\/wp\/v2\/pages"}],"about":[{"href":"https:\/\/zen-center-regensburg.com\/de\/wp-json\/wp\/v2\/types\/page"}],"author":[{"embeddable":true,"href":"https:\/\/zen-center-regensburg.com\/de\/wp-json\/wp\/v2\/users\/21"}],"replies":[{"embeddable":true,"href":"https:\/\/zen-center-regensburg.com\/de\/wp-json\/wp\/v2\/comments?post=27753"}],"version-history":[{"count":15,"href":"https:\/\/zen-center-regensburg.com\/de\/wp-json\/wp\/v2\/pages\/27753\/revisions"}],"predecessor-version":[{"id":28363,"href":"https:\/\/zen-center-regensburg.com\/de\/wp-json\/wp\/v2\/pages\/27753\/revisions\/28363"}],"wp:attachment":[{"href":"https:\/\/zen-center-regensburg.com\/de\/wp-json\/wp\/v2\/media?parent=27753"}],"curies":[{"name":"wp","href":"https:\/\/api.w.org\/{rel}","templated":true}]}}