{"id":27140,"date":"2025-08-06T13:32:45","date_gmt":"2025-08-06T11:32:45","guid":{"rendered":"https:\/\/zen-center-regensburg.com\/dharma-teachers\/"},"modified":"2025-10-14T10:06:22","modified_gmt":"2025-10-14T08:06:22","slug":"dharma-teachers","status":"publish","type":"page","link":"https:\/\/zen-center-regensburg.com\/de\/dharma-teachers\/","title":{"rendered":"Dharma-Lehrer"},"content":{"rendered":"\t\t<div data-elementor-type=\"wp-page\" data-elementor-id=\"27140\" class=\"elementor elementor-27140 elementor-26966\" data-elementor-post-type=\"page\">\n\t\t\t\t\t\t<section class=\"elementor-section elementor-top-section elementor-element elementor-element-91fc9ad elementor-section-boxed elementor-section-height-default elementor-section-height-default\" data-id=\"91fc9ad\" data-element_type=\"section\">\n\t\t\t\t\t\t<div class=\"elementor-container elementor-column-gap-default\">\n\t\t\t\t\t<div class=\"elementor-column elementor-col-100 elementor-top-column elementor-element elementor-element-96ae902\" data-id=\"96ae902\" data-element_type=\"column\">\n\t\t\t<div class=\"elementor-widget-wrap elementor-element-populated\">\n\t\t\t\t\t\t<div class=\"elementor-element elementor-element-e247d06 elementor-widget elementor-widget-spacer\" data-id=\"e247d06\" data-element_type=\"widget\" data-widget_type=\"spacer.default\">\n\t\t\t\t<div class=\"elementor-widget-container\">\n\t\t\t\t\t\t\t<div class=\"elementor-spacer\">\n\t\t\t<div class=\"elementor-spacer-inner\"><\/div>\n\t\t<\/div>\n\t\t\t\t\t\t<\/div>\n\t\t\t\t<\/div>\n\t\t\t\t<div class=\"elementor-element elementor-element-8f4cde1 elementor-widget elementor-widget-heading\" data-id=\"8f4cde1\" data-element_type=\"widget\" data-widget_type=\"heading.default\">\n\t\t\t\t<div class=\"elementor-widget-container\">\n\t\t\t\t\t<h1 class=\"elementor-heading-title elementor-size-default\">Unsere Dharma-Lehrer \/\/\/\n\uc6b0\ub9ac\uc758 \ubc95\uc0ac\ub2d8\ub4e4<\/h1>\t\t\t\t<\/div>\n\t\t\t\t<\/div>\n\t\t\t\t<div class=\"elementor-element elementor-element-3121cad elementor-widget elementor-widget-spacer\" data-id=\"3121cad\" data-element_type=\"widget\" data-widget_type=\"spacer.default\">\n\t\t\t\t<div class=\"elementor-widget-container\">\n\t\t\t\t\t\t\t<div class=\"elementor-spacer\">\n\t\t\t<div class=\"elementor-spacer-inner\"><\/div>\n\t\t<\/div>\n\t\t\t\t\t\t<\/div>\n\t\t\t\t<\/div>\n\t\t\t\t<section class=\"elementor-section elementor-inner-section elementor-element elementor-element-d8270bc elementor-section-boxed elementor-section-height-default elementor-section-height-default\" data-id=\"d8270bc\" data-element_type=\"section\">\n\t\t\t\t\t\t<div class=\"elementor-container elementor-column-gap-default\">\n\t\t\t\t\t<div class=\"elementor-column elementor-col-50 elementor-inner-column elementor-element elementor-element-fdb9aa2\" data-id=\"fdb9aa2\" data-element_type=\"column\">\n\t\t\t<div class=\"elementor-widget-wrap elementor-element-populated\">\n\t\t\t\t\t\t<div class=\"elementor-element elementor-element-21962f7 elementor-widget elementor-widget-image\" data-id=\"21962f7\" data-element_type=\"widget\" data-widget_type=\"image.default\">\n\t\t\t\t<div class=\"elementor-widget-container\">\n\t\t\t\t\t\t\t\t\t\t\t\t\t\t\t<img fetchpriority=\"high\" decoding=\"async\" width=\"683\" height=\"1024\" src=\"https:\/\/zen-center-regensburg.com\/wp-content\/uploads\/2025\/08\/dotzong-683x1024.png\" class=\"attachment-large size-large wp-image-27195\" alt=\"\" srcset=\"https:\/\/zen-center-regensburg.com\/wp-content\/uploads\/2025\/08\/dotzong-683x1024.png 683w, https:\/\/zen-center-regensburg.com\/wp-content\/uploads\/2025\/08\/dotzong-200x300.png 200w, https:\/\/zen-center-regensburg.com\/wp-content\/uploads\/2025\/08\/dotzong-768x1152.png 768w, https:\/\/zen-center-regensburg.com\/wp-content\/uploads\/2025\/08\/dotzong-1024x1536.png 1024w, https:\/\/zen-center-regensburg.com\/wp-content\/uploads\/2025\/08\/dotzong-1365x2048.png 1365w, https:\/\/zen-center-regensburg.com\/wp-content\/uploads\/2025\/08\/dotzong-750x1125.png 750w, https:\/\/zen-center-regensburg.com\/wp-content\/uploads\/2025\/08\/dotzong-600x900.png 600w, https:\/\/zen-center-regensburg.com\/wp-content\/uploads\/2025\/08\/dotzong-scaled.png 1707w\" sizes=\"(max-width: 683px) 100vw, 683px\" \/>\t\t\t\t\t\t\t\t\t\t\t\t\t\t\t<\/div>\n\t\t\t\t<\/div>\n\t\t\t\t\t<\/div>\n\t\t<\/div>\n\t\t\t\t<div class=\"elementor-column elementor-col-50 elementor-inner-column elementor-element elementor-element-5566d25\" data-id=\"5566d25\" data-element_type=\"column\">\n\t\t\t<div class=\"elementor-widget-wrap elementor-element-populated\">\n\t\t\t\t\t\t<div class=\"elementor-element elementor-element-528e39e elementor-widget elementor-widget-heading\" data-id=\"528e39e\" data-element_type=\"widget\" data-widget_type=\"heading.default\">\n\t\t\t\t<div class=\"elementor-widget-container\">\n\t\t\t\t\t<h2 class=\"elementor-heading-title elementor-size-default\">Do Tzong (\ub3c4\uc815)<\/h2>\t\t\t\t<\/div>\n\t\t\t\t<\/div>\n\t\t\t\t<div class=\"elementor-element elementor-element-c4237c1 elementor-widget elementor-widget-text-editor\" data-id=\"c4237c1\" data-element_type=\"widget\" data-widget_type=\"text-editor.default\">\n\t\t\t\t<div class=\"elementor-widget-container\">\n\t\t\t\t\t\t\t\t\t<p><br><span style=\"font-weight: 400\">Yonym Bang wurde 1975 in Daejon, S\u00fcdkorea, geboren.<\/span><\/p><p><span style=\"font-weight: 400\">Nachdem sie ihr Studium abgeschlossen hatte und nach Deutschland ausgewandert war, begann sie 2007 mit der Kwan Um School of Zen \/ M\u00fcnchner Zen-Gruppe zu praktizieren, seit 2009 unter der Leitung von Hyon Gak Sunim.  <\/span><\/p><p><span style=\"font-weight: 400\">Im Jahr 2016 erhielt sie den Dharma-Namen Do Tzong von Zen-Meister Dae Bong im Musangsa-Tempel. Sie nahm die Zehn Precepts und wurde 2019 Dharmalehrerin unter Zen Meister Dae Bong und Hyon Gak Sunim im Zen Center Regensburg.<\/span><\/p><p><span style=\"font-weight: 400\">Do Tzong ist Cybersecurity-Experte und Haupt-Dharmalehrer des Zen Centers Regensburg.  <\/span><\/p><p><span style=\"font-weight: 400\">Seit mehreren Jahren kehrt Do Tzong nach Korea zur\u00fcck, um an den 90-t\u00e4gigen Retreats im Musangsa-Tempel teilzunehmen, und sie hat sich geschworen, dies f\u00fcr den Rest ihres Lebens zu tun.<\/span><\/p><p><br style=\"font-weight: 400\"><br style=\"font-weight: 400\"><\/p>\t\t\t\t\t\t\t\t<\/div>\n\t\t\t\t<\/div>\n\t\t\t\t\t<\/div>\n\t\t<\/div>\n\t\t\t\t\t<\/div>\n\t\t<\/section>\n\t\t\t\t<div class=\"elementor-element elementor-element-e3c99b6 elementor-widget elementor-widget-spacer\" data-id=\"e3c99b6\" data-element_type=\"widget\" data-widget_type=\"spacer.default\">\n\t\t\t\t<div class=\"elementor-widget-container\">\n\t\t\t\t\t\t\t<div class=\"elementor-spacer\">\n\t\t\t<div class=\"elementor-spacer-inner\"><\/div>\n\t\t<\/div>\n\t\t\t\t\t\t<\/div>\n\t\t\t\t<\/div>\n\t\t\t\t<section class=\"elementor-section elementor-inner-section elementor-element elementor-element-5d387f8 elementor-section-boxed elementor-section-height-default elementor-section-height-default\" data-id=\"5d387f8\" data-element_type=\"section\">\n\t\t\t\t\t\t<div class=\"elementor-container elementor-column-gap-default\">\n\t\t\t\t\t<div class=\"elementor-column elementor-col-50 elementor-inner-column elementor-element elementor-element-e4f411c\" data-id=\"e4f411c\" data-element_type=\"column\">\n\t\t\t<div class=\"elementor-widget-wrap elementor-element-populated\">\n\t\t\t\t\t\t<div class=\"elementor-element elementor-element-f00483c elementor-widget elementor-widget-image\" data-id=\"f00483c\" data-element_type=\"widget\" data-widget_type=\"image.default\">\n\t\t\t\t<div class=\"elementor-widget-container\">\n\t\t\t\t\t\t\t\t\t\t\t\t\t\t\t<img decoding=\"async\" width=\"683\" height=\"1024\" src=\"https:\/\/zen-center-regensburg.com\/wp-content\/uploads\/2025\/08\/yorae-1-683x1024.png\" class=\"attachment-large size-large wp-image-27194\" alt=\"\" srcset=\"https:\/\/zen-center-regensburg.com\/wp-content\/uploads\/2025\/08\/yorae-1-683x1024.png 683w, https:\/\/zen-center-regensburg.com\/wp-content\/uploads\/2025\/08\/yorae-1-200x300.png 200w, https:\/\/zen-center-regensburg.com\/wp-content\/uploads\/2025\/08\/yorae-1-768x1152.png 768w, https:\/\/zen-center-regensburg.com\/wp-content\/uploads\/2025\/08\/yorae-1-1024x1536.png 1024w, https:\/\/zen-center-regensburg.com\/wp-content\/uploads\/2025\/08\/yorae-1-1365x2048.png 1365w, https:\/\/zen-center-regensburg.com\/wp-content\/uploads\/2025\/08\/yorae-1-750x1125.png 750w, https:\/\/zen-center-regensburg.com\/wp-content\/uploads\/2025\/08\/yorae-1-600x900.png 600w, https:\/\/zen-center-regensburg.com\/wp-content\/uploads\/2025\/08\/yorae-1-scaled.png 1707w\" sizes=\"(max-width: 683px) 100vw, 683px\" \/>\t\t\t\t\t\t\t\t\t\t\t\t\t\t\t<\/div>\n\t\t\t\t<\/div>\n\t\t\t\t\t<\/div>\n\t\t<\/div>\n\t\t\t\t<div class=\"elementor-column elementor-col-50 elementor-inner-column elementor-element elementor-element-b143820\" data-id=\"b143820\" data-element_type=\"column\">\n\t\t\t<div class=\"elementor-widget-wrap elementor-element-populated\">\n\t\t\t\t\t\t<div class=\"elementor-element elementor-element-f05667d elementor-widget elementor-widget-heading\" data-id=\"f05667d\" data-element_type=\"widget\" data-widget_type=\"heading.default\">\n\t\t\t\t<div class=\"elementor-widget-container\">\n\t\t\t\t\t<h2 class=\"elementor-heading-title elementor-size-default\">Yo Rae (\uc5ec\ub798)<\/h2>\t\t\t\t<\/div>\n\t\t\t\t<\/div>\n\t\t\t\t<div class=\"elementor-element elementor-element-e516103 elementor-widget__width-initial elementor-widget elementor-widget-text-editor\" data-id=\"e516103\" data-element_type=\"widget\" data-widget_type=\"text-editor.default\">\n\t\t\t\t<div class=\"elementor-widget-container\">\n\t\t\t\t\t\t\t\t\t<p data-start=\"175\" data-end=\"849\"> <\/p><p data-start=\"175\" data-end=\"849\">Pablo Rodas wurde in Santiago, Chile, geboren und verfolgte eine anspruchsvolle Karriere in der Multimedia-Kommunikation und arbeitete als VFX-Artist an gro\u00dfen Werbekampagnen und Musikvideos in ganz Lateinamerika. Er war Mitbegr\u00fcnder der \u00e4u\u00dferst erfolgreichen Heavy-Metal-Band <strong data-start=\"314\" data-end=\"331\">Rey Chocolate <\/strong>(Slang f\u00fcr &#8220;K\u00f6nig des Blutes&#8221;), einer Band, die zu einem Bezugspunkt in der chilenischen Metalszene wurde, drei Alben ver\u00f6ffentlichte, durch ganz Lateinamerika tourte und die ber\u00fchmte chilenische &#8220;Aggro Metal&#8221;-Bewegung (Nu-Metal) anf\u00fchrte, die Clubs und Stadien in ganz Lateinamerika ausverkaufte. 2005 war die Band von Yo Rae die Vorgruppe von Slipknot, als diese Band auf ihrem H\u00f6hepunkt war.<\/p><p>Yo Rae war 2001 Mitbegr\u00fcnder des Aggrofest &#8211; eines der gr\u00f6\u00dften Musikfestivals f\u00fcr Alternative- und Metal-Fans in Lateinamerika (manchmal auch &#8220;Latin America&#8217;s Glastonbury of Heavy Metal&#8221; genannt).<\/p><p>Auf dem H\u00f6hepunkt seines Erfolges traf Yo Rae die radikale Entscheidung, alles stehen und liegen zu lassen &#8211; weg vom L\u00e4rm, der Anerkennung und dem Ruhm, um sein wahres Selbst zu finden. Er praktizierte intensiv mit tibetischen Meistern in Indien und erhielt mehrere heilige Einweihungen. Sp\u00e4ter ging er in ein Retreat Center an der chilenischen K\u00fcste, wo er die Praxis des Zen und das Gemeinschaftsleben durch Schweigen, Dienen und Kochen kennenlernte.<\/p><p data-start=\"851\" data-end=\"1192\">Sein erster Lehrer war Claude Anshin Thomas, ein Vietnam-Veteran und Sch\u00fcler von Thich Nhat Hanh, der sp\u00e4ter von Bernie Glassman in der japanischen S\u014dt\u014d-Tradition ordiniert wurde. Danach trainierte er unter Jikusan, einem Chilenen, der \u00fcber 30 Jahre lang im Bukkokuji-Tempel in Japan unter dem legend\u00e4ren Harada Tangen Roshi (1924-2018) trainierte. Bei Jikusan studierte er die Rolle des Tenzo und wurde 2013 formell mit den 16 Bodhisattva Precepts als S\u014dt\u014d Zen-M\u00f6nch ordiniert.<\/p><p data-start=\"1194\" data-end=\"1486\">Im Jahr 2016 zog er nach Graz, \u00d6sterreich, und arbeitete dort als Spitzenkoch. 2019 traf er seinen jetzigen Lehrer, Zen-Meister Hyon Gak Sunim, und begab sich sofort in ein einj\u00e4hriges Retreat im Zen Center Regensburg. Er erhielt die Zehn Precepts eines Dharma-Lehrers in der Linie von Zen-Meister Seung Sahn im Jahr 2021 unter Zen-Meister Dae Bong vom Musangsa-Tempel (Korea) und Zen-Meister Hyon Gak.<\/p><p>Entdecke hier, wie Yo Rae das Dharma f\u00fcr die Headbanger \u00fcbertr\u00e4gt:  <br><a href=\"https:\/\/youtu.be\/v_yfE2hUvuo?si=nPHv-x1Q2RUZwS0r\">https:\/\/youtu.be\/v_yfE2hUvuo?si=nPHv-x1Q2RUZwS0r<\/a><\/p>\t\t\t\t\t\t\t\t<\/div>\n\t\t\t\t<\/div>\n\t\t\t\t\t<\/div>\n\t\t<\/div>\n\t\t\t\t\t<\/div>\n\t\t<\/section>\n\t\t\t\t<div class=\"elementor-element elementor-element-f496eb0 elementor-widget elementor-widget-spacer\" data-id=\"f496eb0\" data-element_type=\"widget\" data-widget_type=\"spacer.default\">\n\t\t\t\t<div class=\"elementor-widget-container\">\n\t\t\t\t\t\t\t<div class=\"elementor-spacer\">\n\t\t\t<div class=\"elementor-spacer-inner\"><\/div>\n\t\t<\/div>\n\t\t\t\t\t\t<\/div>\n\t\t\t\t<\/div>\n\t\t\t\t<section class=\"elementor-section elementor-inner-section elementor-element elementor-element-177cd8e elementor-section-boxed elementor-section-height-default elementor-section-height-default\" data-id=\"177cd8e\" data-element_type=\"section\">\n\t\t\t\t\t\t<div class=\"elementor-container elementor-column-gap-default\">\n\t\t\t\t\t<div class=\"elementor-column elementor-col-50 elementor-inner-column elementor-element elementor-element-8743e06\" data-id=\"8743e06\" data-element_type=\"column\">\n\t\t\t<div class=\"elementor-widget-wrap elementor-element-populated\">\n\t\t\t\t\t\t<div class=\"elementor-element elementor-element-c40491f elementor-widget elementor-widget-image\" data-id=\"c40491f\" data-element_type=\"widget\" data-widget_type=\"image.default\">\n\t\t\t\t<div class=\"elementor-widget-container\">\n\t\t\t\t\t\t\t\t\t\t\t\t\t\t\t<img decoding=\"async\" width=\"800\" height=\"1003\" src=\"https:\/\/zen-center-regensburg.com\/wp-content\/uploads\/2025\/08\/att.gSc4kTMC4ufftA1yoz8-JQP6oaIl9LftPIQvLbQKnjM-817x1024.jpg\" class=\"attachment-large size-large wp-image-27234\" alt=\"\" srcset=\"https:\/\/zen-center-regensburg.com\/wp-content\/uploads\/2025\/08\/att.gSc4kTMC4ufftA1yoz8-JQP6oaIl9LftPIQvLbQKnjM-817x1024.jpg 817w, https:\/\/zen-center-regensburg.com\/wp-content\/uploads\/2025\/08\/att.gSc4kTMC4ufftA1yoz8-JQP6oaIl9LftPIQvLbQKnjM-239x300.jpg 239w, https:\/\/zen-center-regensburg.com\/wp-content\/uploads\/2025\/08\/att.gSc4kTMC4ufftA1yoz8-JQP6oaIl9LftPIQvLbQKnjM-768x962.jpg 768w, https:\/\/zen-center-regensburg.com\/wp-content\/uploads\/2025\/08\/att.gSc4kTMC4ufftA1yoz8-JQP6oaIl9LftPIQvLbQKnjM-1226x1536.jpg 1226w, https:\/\/zen-center-regensburg.com\/wp-content\/uploads\/2025\/08\/att.gSc4kTMC4ufftA1yoz8-JQP6oaIl9LftPIQvLbQKnjM-750x940.jpg 750w, https:\/\/zen-center-regensburg.com\/wp-content\/uploads\/2025\/08\/att.gSc4kTMC4ufftA1yoz8-JQP6oaIl9LftPIQvLbQKnjM-600x752.jpg 600w, https:\/\/zen-center-regensburg.com\/wp-content\/uploads\/2025\/08\/att.gSc4kTMC4ufftA1yoz8-JQP6oaIl9LftPIQvLbQKnjM.jpg 1357w\" sizes=\"(max-width: 800px) 100vw, 800px\" \/>\t\t\t\t\t\t\t\t\t\t\t\t\t\t\t<\/div>\n\t\t\t\t<\/div>\n\t\t\t\t\t<\/div>\n\t\t<\/div>\n\t\t\t\t<div class=\"elementor-column elementor-col-50 elementor-inner-column elementor-element elementor-element-68ca1c8\" data-id=\"68ca1c8\" data-element_type=\"column\">\n\t\t\t<div class=\"elementor-widget-wrap elementor-element-populated\">\n\t\t\t\t\t\t<div class=\"elementor-element elementor-element-d2ca6a7 elementor-widget elementor-widget-heading\" data-id=\"d2ca6a7\" data-element_type=\"widget\" data-widget_type=\"heading.default\">\n\t\t\t\t<div class=\"elementor-widget-container\">\n\t\t\t\t\t<h2 class=\"elementor-heading-title elementor-size-default\">K\u00e5ei (\ud64d\uc608)<\/h2>\t\t\t\t<\/div>\n\t\t\t\t<\/div>\n\t\t\t\t<div class=\"elementor-element elementor-element-28c02b8 elementor-widget elementor-widget-text-editor\" data-id=\"28c02b8\" data-element_type=\"widget\" data-widget_type=\"text-editor.default\">\n\t\t\t\t<div class=\"elementor-widget-container\">\n\t\t\t\t\t\t\t\t\t<p data-start=\"219\" data-end=\"504\"><br>Der im norwegischen Stavanger geborene Trond Jostein Pettersen trug von Kindheit an ein stilles Unbehagen in sich, ein rastloses Gef\u00fchl, dass etwas Wesentliches fehlte. Als Teenager kam er durch den Kampfsport zum ersten Mal mit Zen in Ber\u00fchrung, wo Stille und Disziplin auf einen tieferen Weg hinwiesen. Aber der Hunger blieb.<\/p><p data-start=\"506\" data-end=\"866\">Als junger Mann wandte er sich mit Leidenschaft dem Christentum zu, gr\u00fcndete eine Familie und diente treu. Doch neben dem Gebet und dem Glauben wuchs die Unzufriedenheit. Selbst als er wortlose Formen der Meditation erforschte, merkte er, dass die Kirche keine Antwort auf die Tiefe seiner Suche geben konnte. Irgendwann legte er sie ab &#8211; und lie\u00df den blinden Glauben offen hinter sich.<\/p><p data-start=\"868\" data-end=\"1163\">Er nahm die Zen-Schulung bei S\u00e5zen Osho in der japanischen S\u014dt\u014d-Linie auf, erhielt die Precepts und den Namen K\u00e5ei und gr\u00fcndete eine aktive Zen-Gemeinschaft in Haugesund, Norwegen. Seine Praxis vertiefte sich, doch mit der Zeit stellte er fest, dass der Schwerpunkt des Soto auf Form und Tradition etwas unber\u00fchrt lie\u00df.<\/p><p data-start=\"1165\" data-end=\"1600\">Im Jahr 2017 sah er ein Video von Hyon Gak Sunim und f\u00fchlte sich sofort wiedererkannt. Als er ihn kurz darauf bei einem Retreat in Oslo traf, wusste er, dass er den Lehrer gefunden hatte, auf den er gewartet hatte.  <\/p><p data-start=\"1602\" data-end=\"1930\">Nach jahrelanger Praxis trat er 2023 durch Hyon Gak Sunim formell in die Linie von Zen-Meister Seung Sahn ein, erhielt die Zehn Precepts eines Dharma-Lehrers und den Namen Hong Ye (die koreanische Version seines japanischen Dharma-Namens).<\/p><p>Er gr\u00fcndete eine neue Zen-Gemeinschaft in Stavanger, die sich auf die lebendige Tradition st\u00fctzt, die ihn zu seinem Wahren Selbst zur\u00fcckgebracht hatte.<\/p>\t\t\t\t\t\t\t\t<\/div>\n\t\t\t\t<\/div>\n\t\t\t\t\t<\/div>\n\t\t<\/div>\n\t\t\t\t\t<\/div>\n\t\t<\/section>\n\t\t\t\t<div class=\"elementor-element elementor-element-30fd9b4 elementor-widget elementor-widget-spacer\" data-id=\"30fd9b4\" data-element_type=\"widget\" data-widget_type=\"spacer.default\">\n\t\t\t\t<div class=\"elementor-widget-container\">\n\t\t\t\t\t\t\t<div class=\"elementor-spacer\">\n\t\t\t<div class=\"elementor-spacer-inner\"><\/div>\n\t\t<\/div>\n\t\t\t\t\t\t<\/div>\n\t\t\t\t<\/div>\n\t\t\t\t<section class=\"elementor-section elementor-inner-section elementor-element elementor-element-d8c71d6 elementor-section-boxed elementor-section-height-default elementor-section-height-default\" data-id=\"d8c71d6\" data-element_type=\"section\">\n\t\t\t\t\t\t<div class=\"elementor-container elementor-column-gap-default\">\n\t\t\t\t\t<div class=\"elementor-column elementor-col-50 elementor-inner-column elementor-element elementor-element-e10b1b5\" data-id=\"e10b1b5\" data-element_type=\"column\">\n\t\t\t<div class=\"elementor-widget-wrap elementor-element-populated\">\n\t\t\t\t\t\t<div class=\"elementor-element elementor-element-37a0d68 elementor-widget elementor-widget-image\" data-id=\"37a0d68\" data-element_type=\"widget\" data-widget_type=\"image.default\">\n\t\t\t\t<div class=\"elementor-widget-container\">\n\t\t\t\t\t\t\t\t\t\t\t\t\t\t\t<img loading=\"lazy\" decoding=\"async\" width=\"720\" height=\"1024\" src=\"https:\/\/zen-center-regensburg.com\/wp-content\/uploads\/2025\/10\/IMG_8061-720x1024.jpg\" class=\"attachment-large size-large wp-image-27950\" alt=\"\" srcset=\"https:\/\/zen-center-regensburg.com\/wp-content\/uploads\/2025\/10\/IMG_8061-720x1024.jpg 720w, https:\/\/zen-center-regensburg.com\/wp-content\/uploads\/2025\/10\/IMG_8061-211x300.jpg 211w, https:\/\/zen-center-regensburg.com\/wp-content\/uploads\/2025\/10\/IMG_8061-768x1092.jpg 768w, https:\/\/zen-center-regensburg.com\/wp-content\/uploads\/2025\/10\/IMG_8061-750x1067.jpg 750w, https:\/\/zen-center-regensburg.com\/wp-content\/uploads\/2025\/10\/IMG_8061-600x853.jpg 600w, https:\/\/zen-center-regensburg.com\/wp-content\/uploads\/2025\/10\/IMG_8061.jpg 900w\" sizes=\"(max-width: 720px) 100vw, 720px\" \/>\t\t\t\t\t\t\t\t\t\t\t\t\t\t\t<\/div>\n\t\t\t\t<\/div>\n\t\t\t\t\t<\/div>\n\t\t<\/div>\n\t\t\t\t<div class=\"elementor-column elementor-col-50 elementor-inner-column elementor-element elementor-element-f223a11\" data-id=\"f223a11\" data-element_type=\"column\">\n\t\t\t<div class=\"elementor-widget-wrap elementor-element-populated\">\n\t\t\t\t\t\t<div class=\"elementor-element elementor-element-4416841 elementor-widget elementor-widget-heading\" data-id=\"4416841\" data-element_type=\"widget\" data-widget_type=\"heading.default\">\n\t\t\t\t<div class=\"elementor-widget-container\">\n\t\t\t\t\t<h2 class=\"elementor-heading-title elementor-size-default\">Boep Hwa (\ubc95\ud654)<\/h2>\t\t\t\t<\/div>\n\t\t\t\t<\/div>\n\t\t\t\t<div class=\"elementor-element elementor-element-e388437 elementor-widget elementor-widget-text-editor\" data-id=\"e388437\" data-element_type=\"widget\" data-widget_type=\"text-editor.default\">\n\t\t\t\t<div class=\"elementor-widget-container\">\n\t\t\t\t\t\t\t\t\t<p><br>Silke Merck, geboren in Mainz, ist Mutter von f\u00fcnf erwachsenen Kindern. Sie hat eine Ausbildung in Fl\u00f6te, Posaune und Trompete.<\/p><p>Im Jahr 2019 fiel sie aufgrund einer lebensbedrohlichen Krankheit ins Koma. Obwohl sie bewusstlos war, erlebte sie, wie sie aus ihrem K\u00f6rper auftauchte. Als sie auf ihren eigenen K\u00f6rper hinunterblickte, sah sie, wie die \u00c4rzte und Krankenschwestern verzweifelt versuchten, sie wiederzubeleben. Irgendwann h\u00f6rte sie einen Arzt sagen: &#8220;Wir haben sie verloren&#8221;. Doch sie erinnert sich daran, dass sie keine Angst hatte, sondern sehr friedlich war.<\/p><p>Pl\u00f6tzlich erinnerte sie sich an ihre f\u00fcnf Kinder und ihr kam ein Gedanke: &#8220;Es ist zu fr\u00fch, um zu gehen. Sie brauchen noch meine Hilfe.&#8221; In diesem Moment f\u00fchlte sie sich zur\u00fcck in ihren schweren K\u00f6rper gezogen. Sie h\u00f6rte einen jungen Arzt ausrufen: &#8220;Es hat funktioniert!&#8221;<\/p><p>Diese Erfahrung f\u00fchrte zu einem tiefgreifenden inneren Wendepunkt in ihrem Leben. Als sie aus dem Krankenhaus zur\u00fcckkehrte, googelte sie sofort: &#8220;Was ist der Sinn des Lebens?&#8221; Die Antwort, die auf ihrem Bildschirm erschien, ver\u00e4nderte ihr Leben f\u00fcr immer: &#8220;Fang an zu meditieren.&#8221; Sie versuchte es bei verschiedenen Internetlehrern, bis ihr eines Tages der YouTube-Algorithmus den t\u00e4glichen Livestream des Zen Centers Regensburg servierte. Die kraftvolle Pr\u00e4senz und Lehre, die sogar durch den Bildschirm hindurch zu sp\u00fcren war, ber\u00fchrte sie tief und f\u00fchrte sie Schritt f\u00fcr Schritt in die Welt des Zen.<\/p><p>Im Herbst 2021 war sie als Vollzeitbewohnerin in das Zen Center eingezogen.<\/p><p>Seitdem hat sich Boep Hwa intensiv der Praxis des Zen gewidmet. Das hat ihr nicht nur die M\u00f6glichkeit gegeben, pers\u00f6nlich zu heilen, sondern ihr auch die T\u00fcr zu einer neuen Richtung im Leben ge\u00f6ffnet. Die eindringlichen Einsichten von Hyon Gak Sunim und das Leben in der Sangha haben sie tief beeindruckt.<\/p><p>Boep Hwa hat viele intensive mehrt\u00e4gige Retreats im Zen Center Regensburg absolviert und im Januar 2023 die Zuflucht mit den F\u00fcnf Geboten genommen. Im Januar 2025 nahm sie die Zehn Gebote und wurde Dharmalehrerin in Ausbildung.<\/p><p>Boep Hwa war die Assistentin von Hyon Gak Sunim. Sie zeichnet und malt gerne, spielt Fl\u00f6te und m\u00f6chte eines Tages einen eigenen Garten haben. (Und ein H\u00fcndchen.)<\/p>\t\t\t\t\t\t\t\t<\/div>\n\t\t\t\t<\/div>\n\t\t\t\t\t<\/div>\n\t\t<\/div>\n\t\t\t\t\t<\/div>\n\t\t<\/section>\n\t\t\t\t\t<\/div>\n\t\t<\/div>\n\t\t\t\t\t<\/div>\n\t\t<\/section>\n\t\t\t\t<\/div>\n\t\t","protected":false},"excerpt":{"rendered":"<p>Unsere Dharma-Lehrer \/\/\/ \uc6b0\ub9ac\uc758 \ubc95\uc0ac\ub2d8\ub4e4 Do Tzong (\ub3c4\uc815) Yonym Bang wurde 1975 in Daejon, S\u00fcdkorea, geboren. Nachdem sie ihr Studium abgeschlossen hatte und nach Deutschland ausgewandert war, begann sie 2007 mit der Kwan Um School of Zen \/ M\u00fcnchner Zen-Gruppe zu praktizieren, seit 2009 unter der Leitung von Hyon Gak Sunim. Im Jahr 2016 erhielt [&hellip;]<\/p>\n","protected":false},"author":1,"featured_media":0,"parent":0,"menu_order":0,"comment_status":"closed","ping_status":"closed","template":"","meta":{"iawp_total_views":31,"footnotes":""},"class_list":["post-27140","page","type-page","status-publish","hentry"],"_links":{"self":[{"href":"https:\/\/zen-center-regensburg.com\/de\/wp-json\/wp\/v2\/pages\/27140","targetHints":{"allow":["GET"]}}],"collection":[{"href":"https:\/\/zen-center-regensburg.com\/de\/wp-json\/wp\/v2\/pages"}],"about":[{"href":"https:\/\/zen-center-regensburg.com\/de\/wp-json\/wp\/v2\/types\/page"}],"author":[{"embeddable":true,"href":"https:\/\/zen-center-regensburg.com\/de\/wp-json\/wp\/v2\/users\/1"}],"replies":[{"embeddable":true,"href":"https:\/\/zen-center-regensburg.com\/de\/wp-json\/wp\/v2\/comments?post=27140"}],"version-history":[{"count":23,"href":"https:\/\/zen-center-regensburg.com\/de\/wp-json\/wp\/v2\/pages\/27140\/revisions"}],"predecessor-version":[{"id":27954,"href":"https:\/\/zen-center-regensburg.com\/de\/wp-json\/wp\/v2\/pages\/27140\/revisions\/27954"}],"wp:attachment":[{"href":"https:\/\/zen-center-regensburg.com\/de\/wp-json\/wp\/v2\/media?parent=27140"}],"curies":[{"name":"wp","href":"https:\/\/api.w.org\/{rel}","templated":true}]}}