{"id":27065,"date":"2025-06-27T13:25:26","date_gmt":"2025-06-27T11:25:26","guid":{"rendered":"https:\/\/zen-center-regensburg.com\/membership-thank-you\/"},"modified":"2025-06-27T13:26:54","modified_gmt":"2025-06-27T11:26:54","slug":"mitgliedschafts-danke","status":"publish","type":"page","link":"https:\/\/zen-center-regensburg.com\/de\/mitgliedschafts-danke\/","title":{"rendered":"Mitgliedschafts-Dankesch\u00f6n"},"content":{"rendered":"\t\t<div data-elementor-type=\"wp-post\" data-elementor-id=\"27065\" class=\"elementor elementor-27065 elementor-27059\" data-elementor-post-type=\"page\">\n\t\t\t\t\t\t<section class=\"elementor-section elementor-top-section elementor-element elementor-element-a32984c elementor-section-boxed elementor-section-height-default elementor-section-height-default\" data-id=\"a32984c\" data-element_type=\"section\" data-settings=\"{&quot;background_background&quot;:&quot;classic&quot;}\">\n\t\t\t\t\t\t<div class=\"elementor-container elementor-column-gap-default\">\n\t\t\t\t\t<div class=\"elementor-column elementor-col-100 elementor-top-column elementor-element elementor-element-302749b\" data-id=\"302749b\" data-element_type=\"column\" data-settings=\"{&quot;background_background&quot;:&quot;classic&quot;}\">\n\t\t\t<div class=\"elementor-widget-wrap elementor-element-populated\">\n\t\t\t\t\t\t<div class=\"elementor-element elementor-element-34272e8 elementor-widget elementor-widget-spacer\" data-id=\"34272e8\" data-element_type=\"widget\" data-widget_type=\"spacer.default\">\n\t\t\t\t<div class=\"elementor-widget-container\">\n\t\t\t\t\t\t\t<div class=\"elementor-spacer\">\n\t\t\t<div class=\"elementor-spacer-inner\"><\/div>\n\t\t<\/div>\n\t\t\t\t\t\t<\/div>\n\t\t\t\t<\/div>\n\t\t\t\t<div class=\"elementor-element elementor-element-e90d22f elementor-widget elementor-widget-heading\" data-id=\"e90d22f\" data-element_type=\"widget\" data-widget_type=\"heading.default\">\n\t\t\t\t<div class=\"elementor-widget-container\">\n\t\t\t\t\t<h1 class=\"elementor-heading-title elementor-size-default\"><u>Vielen Dank!<\/u><\/h1>\t\t\t\t<\/div>\n\t\t\t\t<\/div>\n\t\t\t\t<div class=\"elementor-element elementor-element-3e94ad5 elementor-widget elementor-widget-spacer\" data-id=\"3e94ad5\" data-element_type=\"widget\" data-widget_type=\"spacer.default\">\n\t\t\t\t<div class=\"elementor-widget-container\">\n\t\t\t\t\t\t\t<div class=\"elementor-spacer\">\n\t\t\t<div class=\"elementor-spacer-inner\"><\/div>\n\t\t<\/div>\n\t\t\t\t\t\t<\/div>\n\t\t\t\t<\/div>\n\t\t\t\t<div class=\"elementor-element elementor-element-5bfdbe7 elementor-widget elementor-widget-text-editor\" data-id=\"5bfdbe7\" data-element_type=\"widget\" data-widget_type=\"text-editor.default\">\n\t\t\t\t<div class=\"elementor-widget-container\">\n\t\t\t\t\t\t\t\t\t<p>Wir haben deinen Mitgliedsantrag erfolgreich erhalten und werden uns so schnell wie m\u00f6glich bei dir melden.<\/p><p>Wir sind sehr dankbar f\u00fcr deine freundliche Unterst\u00fctzung unserer Zen Center Community.<\/p><p>Deine Gro\u00dfz\u00fcgigkeit wird uns helfen, diesen Ort und diese Praxis f\u00fcr alle offen zu halten, unabh\u00e4ngig von ihren finanziellen M\u00f6glichkeiten.<\/p>\t\t\t\t\t\t\t\t<\/div>\n\t\t\t\t<\/div>\n\t\t\t\t<div class=\"elementor-element elementor-element-cd1d75a elementor-widget elementor-widget-spacer\" data-id=\"cd1d75a\" data-element_type=\"widget\" data-widget_type=\"spacer.default\">\n\t\t\t\t<div class=\"elementor-widget-container\">\n\t\t\t\t\t\t\t<div class=\"elementor-spacer\">\n\t\t\t<div class=\"elementor-spacer-inner\"><\/div>\n\t\t<\/div>\n\t\t\t\t\t\t<\/div>\n\t\t\t\t<\/div>\n\t\t\t\t<div class=\"elementor-element elementor-element-8714ddc elementor-widget elementor-widget-image\" data-id=\"8714ddc\" data-element_type=\"widget\" data-widget_type=\"image.default\">\n\t\t\t\t<div class=\"elementor-widget-container\">\n\t\t\t\t\t\t\t\t\t\t\t\t\t\t\t<img fetchpriority=\"high\" decoding=\"async\" width=\"2560\" height=\"1707\" src=\"https:\/\/zen-center-regensburg.com\/wp-content\/uploads\/2019\/12\/W0A0171-scaled.jpg\" class=\"attachment-full size-full wp-image-17907\" alt=\"\" srcset=\"https:\/\/zen-center-regensburg.com\/wp-content\/uploads\/2019\/12\/W0A0171-scaled.jpg 2560w, https:\/\/zen-center-regensburg.com\/wp-content\/uploads\/2019\/12\/W0A0171-scaled-750x500.jpg 750w, https:\/\/zen-center-regensburg.com\/wp-content\/uploads\/2019\/12\/W0A0171-scaled-600x400.jpg 600w, https:\/\/zen-center-regensburg.com\/wp-content\/uploads\/2019\/12\/W0A0171-scaled-300x200.jpg 300w, https:\/\/zen-center-regensburg.com\/wp-content\/uploads\/2019\/12\/W0A0171-scaled-1024x683.jpg 1024w, https:\/\/zen-center-regensburg.com\/wp-content\/uploads\/2019\/12\/W0A0171-scaled-768x512.jpg 768w, https:\/\/zen-center-regensburg.com\/wp-content\/uploads\/2019\/12\/W0A0171-scaled-1536x1024.jpg 1536w, https:\/\/zen-center-regensburg.com\/wp-content\/uploads\/2019\/12\/W0A0171-scaled-2048x1366.jpg 2048w\" sizes=\"(max-width: 2560px) 100vw, 2560px\" \/>\t\t\t\t\t\t\t\t\t\t\t\t\t\t\t<\/div>\n\t\t\t\t<\/div>\n\t\t\t\t<div class=\"elementor-element elementor-element-ec169d2 elementor-widget elementor-widget-spacer\" data-id=\"ec169d2\" data-element_type=\"widget\" data-widget_type=\"spacer.default\">\n\t\t\t\t<div class=\"elementor-widget-container\">\n\t\t\t\t\t\t\t<div class=\"elementor-spacer\">\n\t\t\t<div class=\"elementor-spacer-inner\"><\/div>\n\t\t<\/div>\n\t\t\t\t\t\t<\/div>\n\t\t\t\t<\/div>\n\t\t\t\t<div class=\"elementor-element elementor-element-96d7a67 elementor-widget elementor-widget-spacer\" data-id=\"96d7a67\" data-element_type=\"widget\" data-widget_type=\"spacer.default\">\n\t\t\t\t<div class=\"elementor-widget-container\">\n\t\t\t\t\t\t\t<div class=\"elementor-spacer\">\n\t\t\t<div class=\"elementor-spacer-inner\"><\/div>\n\t\t<\/div>\n\t\t\t\t\t\t<\/div>\n\t\t\t\t<\/div>\n\t\t\t\t\t<\/div>\n\t\t<\/div>\n\t\t\t\t\t<\/div>\n\t\t<\/section>\n\t\t\t\t<\/div>\n\t\t","protected":false},"excerpt":{"rendered":"<p>Vielen Dank! Wir haben deinen Mitgliedsantrag erfolgreich erhalten und werden uns so schnell wie m\u00f6glich bei dir melden. Wir sind sehr dankbar f\u00fcr deine freundliche Unterst\u00fctzung unserer Zen Center Community. Deine Gro\u00dfz\u00fcgigkeit wird uns helfen, diesen Ort und diese Praxis f\u00fcr alle offen zu halten, unabh\u00e4ngig von ihren finanziellen M\u00f6glichkeiten.<\/p>\n","protected":false},"author":1,"featured_media":0,"parent":0,"menu_order":0,"comment_status":"closed","ping_status":"closed","template":"","meta":{"iawp_total_views":11,"footnotes":""},"class_list":["post-27065","page","type-page","status-publish","hentry"],"_links":{"self":[{"href":"https:\/\/zen-center-regensburg.com\/de\/wp-json\/wp\/v2\/pages\/27065","targetHints":{"allow":["GET"]}}],"collection":[{"href":"https:\/\/zen-center-regensburg.com\/de\/wp-json\/wp\/v2\/pages"}],"about":[{"href":"https:\/\/zen-center-regensburg.com\/de\/wp-json\/wp\/v2\/types\/page"}],"author":[{"embeddable":true,"href":"https:\/\/zen-center-regensburg.com\/de\/wp-json\/wp\/v2\/users\/1"}],"replies":[{"embeddable":true,"href":"https:\/\/zen-center-regensburg.com\/de\/wp-json\/wp\/v2\/comments?post=27065"}],"version-history":[{"count":1,"href":"https:\/\/zen-center-regensburg.com\/de\/wp-json\/wp\/v2\/pages\/27065\/revisions"}],"predecessor-version":[{"id":27066,"href":"https:\/\/zen-center-regensburg.com\/de\/wp-json\/wp\/v2\/pages\/27065\/revisions\/27066"}],"wp:attachment":[{"href":"https:\/\/zen-center-regensburg.com\/de\/wp-json\/wp\/v2\/media?parent=27065"}],"curies":[{"name":"wp","href":"https:\/\/api.w.org\/{rel}","templated":true}]}}