{"id":25666,"date":"2024-11-29T18:53:29","date_gmt":"2024-11-29T17:53:29","guid":{"rendered":"https:\/\/zen-center-regensburg.com\/zen-tage\/"},"modified":"2026-01-17T08:43:44","modified_gmt":"2026-01-17T07:43:44","slug":"zen-tage","status":"publish","type":"page","link":"https:\/\/zen-center-regensburg.com\/de\/zen-tage\/","title":{"rendered":"Zen Tage"},"content":{"rendered":"\t\t<div data-elementor-type=\"wp-page\" data-elementor-id=\"25666\" class=\"elementor elementor-25666 elementor-25556\" data-elementor-post-type=\"page\">\n\t\t\t\t\t\t<section class=\"elementor-section elementor-top-section elementor-element elementor-element-69c2d66 elementor-section-boxed elementor-section-height-default elementor-section-height-default\" data-id=\"69c2d66\" data-element_type=\"section\">\n\t\t\t\t\t\t<div class=\"elementor-container elementor-column-gap-default\">\n\t\t\t\t\t<div class=\"elementor-column elementor-col-100 elementor-top-column elementor-element elementor-element-f66e21f\" data-id=\"f66e21f\" data-element_type=\"column\">\n\t\t\t<div class=\"elementor-widget-wrap elementor-element-populated\">\n\t\t\t\t\t\t<div class=\"elementor-element elementor-element-cb94728 elementor-widget elementor-widget-spacer\" data-id=\"cb94728\" data-element_type=\"widget\" data-widget_type=\"spacer.default\">\n\t\t\t\t<div class=\"elementor-widget-container\">\n\t\t\t\t\t\t\t<div class=\"elementor-spacer\">\n\t\t\t<div class=\"elementor-spacer-inner\"><\/div>\n\t\t<\/div>\n\t\t\t\t\t\t<\/div>\n\t\t\t\t<\/div>\n\t\t\t\t<div class=\"elementor-element elementor-element-4c913c8 elementor-widget elementor-widget-heading\" data-id=\"4c913c8\" data-element_type=\"widget\" data-widget_type=\"heading.default\">\n\t\t\t\t<div class=\"elementor-widget-container\">\n\t\t\t\t\t<h2 class=\"elementor-heading-title elementor-size-default\">ZEN-TAG <br>gef\u00fchrt von <b>DoTzong<\/b><\/h2>\t\t\t\t<\/div>\n\t\t\t\t<\/div>\n\t\t\t\t<div class=\"elementor-element elementor-element-8888c25 elementor-widget elementor-widget-heading\" data-id=\"8888c25\" data-element_type=\"widget\" data-widget_type=\"heading.default\">\n\t\t\t\t<div class=\"elementor-widget-container\">\n\t\t\t\t\t<h2 class=\"elementor-heading-title elementor-size-default\"><h2 class=\"elementor-heading-title elementor-size-default elementor-inline-editing pen\" data-elementor-setting-key=\"title\" data-pen-placeholder=\"Type Here...\" style=\"font-style: normal;text-align: center\">Haupt-Dharmalehrer, Zen Center Regensburg<\/h2><\/h2>\t\t\t\t<\/div>\n\t\t\t\t<\/div>\n\t\t\t\t<div class=\"elementor-element elementor-element-ba7909e elementor-widget elementor-widget-image\" data-id=\"ba7909e\" data-element_type=\"widget\" data-widget_type=\"image.default\">\n\t\t\t\t<div class=\"elementor-widget-container\">\n\t\t\t\t\t\t\t\t\t\t\t\t\t\t\t<img fetchpriority=\"high\" decoding=\"async\" width=\"1080\" height=\"1350\" src=\"https:\/\/zen-center-regensburg.com\/wp-content\/uploads\/2025\/12\/Zen-Day-2.png\" class=\"attachment-2048x2048 size-2048x2048 wp-image-28226\" alt=\"\" srcset=\"https:\/\/zen-center-regensburg.com\/wp-content\/uploads\/2025\/12\/Zen-Day-2.png 1080w, https:\/\/zen-center-regensburg.com\/wp-content\/uploads\/2025\/12\/Zen-Day-2-240x300.png 240w, https:\/\/zen-center-regensburg.com\/wp-content\/uploads\/2025\/12\/Zen-Day-2-819x1024.png 819w, https:\/\/zen-center-regensburg.com\/wp-content\/uploads\/2025\/12\/Zen-Day-2-768x960.png 768w, https:\/\/zen-center-regensburg.com\/wp-content\/uploads\/2025\/12\/Zen-Day-2-750x938.png 750w, https:\/\/zen-center-regensburg.com\/wp-content\/uploads\/2025\/12\/Zen-Day-2-600x750.png 600w\" sizes=\"(max-width: 1080px) 100vw, 1080px\" \/>\t\t\t\t\t\t\t\t\t\t\t\t\t\t\t<\/div>\n\t\t\t\t<\/div>\n\t\t\t\t<div class=\"elementor-element elementor-element-dfbbc28 elementor-widget elementor-widget-spacer\" data-id=\"dfbbc28\" data-element_type=\"widget\" data-widget_type=\"spacer.default\">\n\t\t\t\t<div class=\"elementor-widget-container\">\n\t\t\t\t\t\t\t<div class=\"elementor-spacer\">\n\t\t\t<div class=\"elementor-spacer-inner\"><\/div>\n\t\t<\/div>\n\t\t\t\t\t\t<\/div>\n\t\t\t\t<\/div>\n\t\t\t\t<div class=\"elementor-element elementor-element-0c14fc0 elementor-widget elementor-widget-text-editor\" data-id=\"0c14fc0\" data-element_type=\"widget\" data-widget_type=\"text-editor.default\">\n\t\t\t\t<div class=\"elementor-widget-container\">\n\t\t\t\t\t\t\t\t\t<p><strong>Der Zen-Tag auf Zen Center Regensburg ist eine wunderbare Gelegenheit, in einem kurzen Retreat eine einfache Einf\u00fchrung in die Praxis des Zen zu bekommen. Neulinge in unserer Gemeinschaft k\u00f6nnen unsere Zen Center Formen und unseren Stil mit einem erfahrenen Zen-Praktizierenden kennenlernen, der f\u00fcnf der traditionellen 90-t\u00e4gigen Retreats (&#8220;ango&#8221;) in den Bergen Koreas absolviert hat.<\/strong><\/p><p>Wir bieten den Zen-Tag einmal im Monat an.  <\/p>\t\t\t\t\t\t\t\t<\/div>\n\t\t\t\t<\/div>\n\t\t\t\t<div class=\"elementor-element elementor-element-b3b73e3 elementor-widget-divider--view-line elementor-widget elementor-widget-divider\" data-id=\"b3b73e3\" data-element_type=\"widget\" data-widget_type=\"divider.default\">\n\t\t\t\t<div class=\"elementor-widget-container\">\n\t\t\t\t\t\t\t<div class=\"elementor-divider\">\n\t\t\t<span class=\"elementor-divider-separator\">\n\t\t\t\t\t\t<\/span>\n\t\t<\/div>\n\t\t\t\t\t\t<\/div>\n\t\t\t\t<\/div>\n\t\t\t\t<div class=\"elementor-element elementor-element-bcc79b5 elementor-widget elementor-widget-text-editor\" data-id=\"bcc79b5\" data-element_type=\"widget\" data-widget_type=\"text-editor.default\">\n\t\t\t\t<div class=\"elementor-widget-container\">\n\t\t\t\t\t\t\t\t\t<p><strong>SCHWEIGEN:<\/strong> Alle Retreats auf Zen Center Regensburg finden in Stille statt. Dadurch \u00f6ffnet sich ein Raum, der es dir erm\u00f6glicht, unbeschreiblich viel vertrauter mit deiner Wahren Natur zu werden.<\/p><p><strong>\u00dcBERSCHLAG:<\/strong> Obwohl der Zen-Tag ein eint\u00e4giges Programm ist, ist es auch m\u00f6glich, vor oder nach dem Zen-Tag zu \u00fcbernachten, wenn du lange Anfahrtszeiten hast oder einen tieferen Eindruck von einem Zen-Retreat bekommen m\u00f6chtest.<\/p><p><strong>DHARMA-BEITRAG:<\/strong> Der Zen-Tag ist komplett spendenbasiert. Die empfohlene Mindestspende betr\u00e4gt 60 EUR, du kannst aber auch gerne mehr anbieten. (Arbeitsspenden sind auch auf individuelle Anfrage an den Haupt-Dharmalehrer m\u00f6glich).<\/p><p><strong>VORBEREITUNG: <\/strong>Bitte bringe bequeme Kleidung mit, in der du auch l\u00e4ngere Zeit sitzen kannst. Wenn du deinen eigenen Schlafsack mitbringst, k\u00f6nnen wir die Reinigungsarbeiten nach dem Retreat reduzieren und so unserer leidenden Umwelt helfen. Kissen und St\u00fchle sind auf unserer Zen Center erh\u00e4ltlich.<\/p>\t\t\t\t\t\t\t\t<\/div>\n\t\t\t\t<\/div>\n\t\t\t\t<div class=\"elementor-element elementor-element-4a1bbc2 elementor-widget-divider--view-line elementor-widget elementor-widget-divider\" data-id=\"4a1bbc2\" data-element_type=\"widget\" data-widget_type=\"divider.default\">\n\t\t\t\t<div class=\"elementor-widget-container\">\n\t\t\t\t\t\t\t<div class=\"elementor-divider\">\n\t\t\t<span class=\"elementor-divider-separator\">\n\t\t\t\t\t\t<\/span>\n\t\t<\/div>\n\t\t\t\t\t\t<\/div>\n\t\t\t\t<\/div>\n\t\t\t\t<section class=\"elementor-section elementor-inner-section elementor-element elementor-element-df10d34 elementor-section-boxed elementor-section-height-default elementor-section-height-default\" data-id=\"df10d34\" data-element_type=\"section\">\n\t\t\t\t\t\t<div class=\"elementor-container elementor-column-gap-default\">\n\t\t\t\t\t<div class=\"elementor-column elementor-col-33 elementor-inner-column elementor-element elementor-element-1f425e0\" data-id=\"1f425e0\" data-element_type=\"column\">\n\t\t\t<div class=\"elementor-widget-wrap\">\n\t\t\t\t\t\t\t<\/div>\n\t\t<\/div>\n\t\t\t\t<div class=\"elementor-column elementor-col-33 elementor-inner-column elementor-element elementor-element-d328628\" data-id=\"d328628\" data-element_type=\"column\">\n\t\t\t<div class=\"elementor-widget-wrap elementor-element-populated\">\n\t\t\t\t\t\t<div class=\"elementor-element elementor-element-8bdfb73 elementor-widget elementor-widget-text-editor\" data-id=\"8bdfb73\" data-element_type=\"widget\" data-widget_type=\"text-editor.default\">\n\t\t\t\t<div class=\"elementor-widget-container\">\n\t\t\t\t\t\t\t\t\t<p style=\"text-align: center;\"><strong>Zeitplan<\/strong><\/p><p class=\"p1\"><span style=\"text-decoration: underline;\"><span class=\"s1\">Praxis am Morgen (optional)<\/span><\/span><\/p><p class=\"p1\"><span class=\"s2\">5:30 Gesang\/Sitzen<\/span><\/p><p class=\"p1\"><span class=\"s2\">07:00 Fr\u00fchst\u00fcck<\/span><\/p><p class=\"p1\"><span class=\"s2\">07:30 Arbeitsphase (1h)<\/span><\/p><p> <\/p><p class=\"p1\"><span style=\"text-decoration: underline;\">Offizieller Start<\/span><\/p><p class=\"p1\"><span class=\"s2\">09:00 Zen Tee<\/span><\/p><p class=\"p1\"><span class=\"s2\">10:00 Sitzender Zen<\/span><\/p><p class=\"p1\"><span class=\"s2\">12:00 Mittagessen<\/span><\/p><p class=\"p1\"><span class=\"s2\">12:30 Pause<\/span><\/p><p class=\"p1\"><span class=\"s2\">14:30 Sitzender Zen<\/span><\/p><p class=\"p1\"><span class=\"s2\">16:00 Yoga (optional)<\/span><\/p><p class=\"p1\"><span class=\"s2\">17:30 Abendessen (optional)<\/span><\/p><p class=\"p1\"><span class=\"s2\">19:00 Gesang, Sitzen<\/span><\/p><p class=\"p1\"><span class=\"s2\">20:00 Dharma Rede \/ Fragen und Antworten<\/span><\/p>\t\t\t\t\t\t\t\t<\/div>\n\t\t\t\t<\/div>\n\t\t\t\t\t<\/div>\n\t\t<\/div>\n\t\t\t\t<div class=\"elementor-column elementor-col-33 elementor-inner-column elementor-element elementor-element-e76d545\" data-id=\"e76d545\" data-element_type=\"column\">\n\t\t\t<div class=\"elementor-widget-wrap\">\n\t\t\t\t\t\t\t<\/div>\n\t\t<\/div>\n\t\t\t\t\t<\/div>\n\t\t<\/section>\n\t\t\t\t<div class=\"elementor-element elementor-element-c8cb132 elementor-widget-divider--view-line elementor-widget elementor-widget-divider\" data-id=\"c8cb132\" data-element_type=\"widget\" data-widget_type=\"divider.default\">\n\t\t\t\t<div class=\"elementor-widget-container\">\n\t\t\t\t\t\t\t<div class=\"elementor-divider\">\n\t\t\t<span class=\"elementor-divider-separator\">\n\t\t\t\t\t\t<\/span>\n\t\t<\/div>\n\t\t\t\t\t\t<\/div>\n\t\t\t\t<\/div>\n\t\t\t\t<div class=\"elementor-element elementor-element-2ebdcaf elementor-widget elementor-widget-menu-anchor\" data-id=\"2ebdcaf\" data-element_type=\"widget\" data-widget_type=\"menu-anchor.default\">\n\t\t\t\t<div class=\"elementor-widget-container\">\n\t\t\t\t\t\t\t<div class=\"elementor-menu-anchor\" id=\"register\"><\/div>\n\t\t\t\t\t\t<\/div>\n\t\t\t\t<\/div>\n\t\t\t\t<div class=\"elementor-element elementor-element-107b60c elementor-widget elementor-widget-spacer\" data-id=\"107b60c\" data-element_type=\"widget\" data-widget_type=\"spacer.default\">\n\t\t\t\t<div class=\"elementor-widget-container\">\n\t\t\t\t\t\t\t<div class=\"elementor-spacer\">\n\t\t\t<div class=\"elementor-spacer-inner\"><\/div>\n\t\t<\/div>\n\t\t\t\t\t\t<\/div>\n\t\t\t\t<\/div>\n\t\t\t\t<div class=\"elementor-element elementor-element-4dcdec9 elementor-widget elementor-widget-heading\" data-id=\"4dcdec9\" data-element_type=\"widget\" data-widget_type=\"heading.default\">\n\t\t\t\t<div class=\"elementor-widget-container\">\n\t\t\t\t\t<h2 class=\"elementor-heading-title elementor-size-default\">Anmeldung<\/h2>\t\t\t\t<\/div>\n\t\t\t\t<\/div>\n\t\t\t\t<div class=\"elementor-element elementor-element-3ad4459 elementor-widget-tablet__width-initial elementor-button-align-stretch elementor-widget elementor-widget-form\" data-id=\"3ad4459\" data-element_type=\"widget\" data-settings=\"{&quot;step_next_label&quot;:&quot;Weiter&quot;,&quot;step_previous_label&quot;:&quot;Zur\\u00fcck&quot;,&quot;button_width&quot;:&quot;100&quot;,&quot;step_type&quot;:&quot;number_text&quot;,&quot;step_icon_shape&quot;:&quot;circle&quot;}\" data-widget_type=\"form.default\">\n\t\t\t\t<div class=\"elementor-widget-container\">\n\t\t\t\t\t\t\t<form class=\"elementor-form\" method=\"post\" name=\"Zen-Tag\" aria-label=\"Zen-Tag\">\n\t\t\t<input type=\"hidden\" name=\"post_id\" value=\"25666\"\/>\n\t\t\t<input type=\"hidden\" name=\"form_id\" value=\"3ad4459\"\/>\n\t\t\t<input type=\"hidden\" name=\"referer_title\" value=\"Zen Tage\" \/>\n\n\t\t\t\t\t\t\t<input type=\"hidden\" name=\"queried_id\" value=\"25666\"\/>\n\t\t\t\n\t\t\t<div class=\"elementor-form-fields-wrapper elementor-labels-above\">\n\t\t\t\t\t\t\t\t<div class=\"elementor-field-type-date elementor-field-group elementor-column elementor-field-group-date elementor-col-100 elementor-field-required elementor-mark-required\">\n\t\t\t\t\t\t\t\t\t\t\t\t<label for=\"form-field-date\" class=\"elementor-field-label\">\n\t\t\t\t\t\t\t\tDatum (bitte aus der Liste oben ausw\u00e4hlen)\t\t\t\t\t\t\t<\/label>\n\t\t\t\t\t\t\n\t\t<input type=\"date\" name=\"form_fields[date]\" id=\"form-field-date\" class=\"elementor-field elementor-size-sm  elementor-field-textual elementor-date-field elementor-use-native\" required=\"required\" pattern=\"[0-9]{4}-[0-9]{2}-[0-9]{2}\" min=\"2024-11-28\">\n\t\t\t\t\t\t<\/div>\n\t\t\t\t\t\t\t\t<div class=\"elementor-field-type-text elementor-field-group elementor-column elementor-field-group-name elementor-col-100 elementor-field-required elementor-mark-required\">\n\t\t\t\t\t\t\t\t\t\t\t\t<label for=\"form-field-name\" class=\"elementor-field-label\">\n\t\t\t\t\t\t\t\tName\t\t\t\t\t\t\t<\/label>\n\t\t\t\t\t\t\t\t\t\t\t\t\t\t<input size=\"1\" type=\"text\" name=\"form_fields[name]\" id=\"form-field-name\" class=\"elementor-field elementor-size-sm  elementor-field-textual\" placeholder=\"Name\" required=\"required\">\n\t\t\t\t\t\t\t\t\t\t\t<\/div>\n\t\t\t\t\t\t\t\t<div class=\"elementor-field-type-email elementor-field-group elementor-column elementor-field-group-email elementor-col-100 elementor-field-required elementor-mark-required\">\n\t\t\t\t\t\t\t\t\t\t\t\t<label for=\"form-field-email\" class=\"elementor-field-label\">\n\t\t\t\t\t\t\t\tEmail\t\t\t\t\t\t\t<\/label>\n\t\t\t\t\t\t\t\t\t\t\t\t\t\t<input size=\"1\" type=\"email\" name=\"form_fields[email]\" id=\"form-field-email\" class=\"elementor-field elementor-size-sm  elementor-field-textual\" placeholder=\"Email\" required=\"required\">\n\t\t\t\t\t\t\t\t\t\t\t<\/div>\n\t\t\t\t\t\t\t\t<div class=\"elementor-field-type-tel elementor-field-group elementor-column elementor-field-group-field_5d1792c elementor-col-100 elementor-field-required elementor-mark-required\">\n\t\t\t\t\t\t\t\t\t\t\t\t<label for=\"form-field-field_5d1792c\" class=\"elementor-field-label\">\n\t\t\t\t\t\t\t\tTelefonnummer\t\t\t\t\t\t\t<\/label>\n\t\t\t\t\t\t\t\t<input size=\"1\" type=\"tel\" name=\"form_fields[field_5d1792c]\" id=\"form-field-field_5d1792c\" class=\"elementor-field elementor-size-sm  elementor-field-textual\" placeholder=\"Telefonnummer\" required=\"required\" pattern=\"[0-9()#&amp;+*-=.]+\" title=\"Nur Nummern oder Telefon-Zeichen (#, -, *, etc) werden akzeptiert.\">\n\n\t\t\t\t\t\t<\/div>\n\t\t\t\t\t\t\t\t<div class=\"elementor-field-type-radio elementor-field-group elementor-column elementor-field-group-field_7651ceb elementor-col-100 elementor-field-required elementor-mark-required\">\n\t\t\t\t\t\t\t\t\t\t\t\t<label for=\"form-field-field_7651ceb\" class=\"elementor-field-label\">\n\t\t\t\t\t\t\t\tBist du das erste Mal im Zen Center Regensburg?\t\t\t\t\t\t\t<\/label>\n\t\t\t\t\t\t<div class=\"elementor-field-subgroup  \"><span class=\"elementor-field-option\"><input type=\"radio\" value=\"Ja\" id=\"form-field-field_7651ceb-0\" name=\"form_fields[field_7651ceb]\" required=\"required\"> <label for=\"form-field-field_7651ceb-0\">Ja<\/label><\/span><span class=\"elementor-field-option\"><input type=\"radio\" value=\"Nein\" id=\"form-field-field_7651ceb-1\" name=\"form_fields[field_7651ceb]\" required=\"required\"> <label for=\"form-field-field_7651ceb-1\">Nein<\/label><\/span><\/div>\t\t\t\t<\/div>\n\t\t\t\t\t\t\t\t<div class=\"elementor-field-type-checkbox elementor-field-group elementor-column elementor-field-group-field_d09fb7a elementor-col-100\">\n\t\t\t\t\t\t\t\t\t\t\t\t<label for=\"form-field-field_d09fb7a\" class=\"elementor-field-label\">\n\t\t\t\t\t\t\t\tBleibst du \u00fcber Nacht?\t\t\t\t\t\t\t<\/label>\n\t\t\t\t\t\t<div class=\"elementor-field-subgroup  \"><span class=\"elementor-field-option\"><input type=\"checkbox\" value=\"Fr\/Sa\" id=\"form-field-field_d09fb7a-0\" name=\"form_fields[field_d09fb7a][]\"> <label for=\"form-field-field_d09fb7a-0\">Fr\/Sa<\/label><\/span><span class=\"elementor-field-option\"><input type=\"checkbox\" value=\"Sa\/So\" id=\"form-field-field_d09fb7a-1\" name=\"form_fields[field_d09fb7a][]\"> <label for=\"form-field-field_d09fb7a-1\">Sa\/So<\/label><\/span><\/div>\t\t\t\t<\/div>\n\t\t\t\t\t\t\t\t<div class=\"elementor-field-type-textarea elementor-field-group elementor-column elementor-field-group-message elementor-col-100\">\n\t\t\t\t\t\t\t\t\t\t\t\t<label for=\"form-field-message\" class=\"elementor-field-label\">\n\t\t\t\t\t\t\t\tNachricht\t\t\t\t\t\t\t<\/label>\n\t\t\t\t\t\t<textarea class=\"elementor-field-textual elementor-field  elementor-size-sm\" name=\"form_fields[message]\" id=\"form-field-message\" rows=\"4\" placeholder=\"Optional\"><\/textarea>\t\t\t\t<\/div>\n\t\t\t\t\t\t\t\t<div class=\"elementor-field-type-hcaptcha elementor-field-group elementor-column elementor-field-group-field_ceb4934 elementor-col-100\">\n\t\t\t\t\t<div class=\"elementor-field\" id=\"form-field-field_ceb4934\"><div class=\"elementor-hcaptcha\">\t\t<input\n\t\t\t\ttype=\"hidden\"\n\t\t\t\tclass=\"hcaptcha-widget-id\"\n\t\t\t\tname=\"hcaptcha-widget-id\"\n\t\t\t\tvalue=\"eyJzb3VyY2UiOlsiZWxlbWVudG9yLXByb1wvZWxlbWVudG9yLXByby5waHAiXSwiZm9ybV9pZCI6MH0=-14fbe7c2d95490017926f7f3686285e1\">\n\t\t\t\t<h-captcha\n\t\t\tclass=\"h-captcha\"\n\t\t\tdata-sitekey=\"82585128-7a38-476c-960b-88e0ae1f8f56\"\n\t\t\tdata-theme=\"light\"\n\t\t\tdata-size=\"normal\"\n\t\t\tdata-auto=\"false\"\n\t\t\tdata-ajax=\"false\"\n\t\t\tdata-force=\"false\">\n\t\t<\/h-captcha>\n\t\t<\/div><\/div>\t\t\t\t<\/div>\n\t\t\t\t\t\t\t\t<div class=\"elementor-field-group elementor-column elementor-field-type-submit elementor-col-100 e-form__buttons\">\n\t\t\t\t\t<button class=\"elementor-button elementor-size-sm\" type=\"submit\">\n\t\t\t\t\t\t<span class=\"elementor-button-content-wrapper\">\n\t\t\t\t\t\t\t\t\t\t\t\t\t\t\t\t\t\t\t\t\t\t<span class=\"elementor-button-text\">Senden<\/span>\n\t\t\t\t\t\t\t\t\t\t\t\t\t<\/span>\n\t\t\t\t\t<\/button>\n\t\t\t\t<\/div>\n\t\t\t<\/div>\n\t\t<\/form>\n\t\t\t\t\t\t<\/div>\n\t\t\t\t<\/div>\n\t\t\t\t<div class=\"elementor-element elementor-element-0237bea elementor-widget elementor-widget-html\" data-id=\"0237bea\" data-element_type=\"widget\" data-widget_type=\"html.default\">\n\t\t\t\t<div class=\"elementor-widget-container\">\n\t\t\t\t\t<!--<script>\n\/\/ This is used to only allow available dates in the datePicker\n(function() {\n  const originalFetch = window.fetch;\n  const dates =new Set();\n  document.getElementById(\"form-field-date\").addEventListener(\"input\", function () {\n        if (this.value && !dates.has(this.value)) {\n            console.log(\"Setting\")\n            this.setCustomValidity(\"Please check the list for available dates.\");\n            this.reportValidity();\n        }else{\n            this.setCustomValidity(\"\");\n        }\n    });\n  window.fetch = async (...args) => {\n    const response = await originalFetch(...args);\n\n    \/\/ Clone the response because a response can only be read once\n    const clonedResponse = response.clone();\n\n    clonedResponse.text().then(text => {\n        const parsed=JSON.parse(text);\n        if(parsed.summary===\"Zen Days\"){\n            console.log(parsed.items);\n            parsed.items.forEach(item => dates.add(item.start.date));\n            document.getElementById(\"form-field-date\").dispatchEvent(new Event(\"input\", { bubbles: true }));\n        }\n    });\n\n    return response;\n  };\n})();<\/script>-->\t\t\t\t<\/div>\n\t\t\t\t<\/div>\n\t\t\t\t<div class=\"elementor-element elementor-element-a00a09b elementor-widget elementor-widget-spacer\" data-id=\"a00a09b\" data-element_type=\"widget\" data-widget_type=\"spacer.default\">\n\t\t\t\t<div class=\"elementor-widget-container\">\n\t\t\t\t\t\t\t<div class=\"elementor-spacer\">\n\t\t\t<div class=\"elementor-spacer-inner\"><\/div>\n\t\t<\/div>\n\t\t\t\t\t\t<\/div>\n\t\t\t\t<\/div>\n\t\t\t\t\t<\/div>\n\t\t<\/div>\n\t\t\t\t\t<\/div>\n\t\t<\/section>\n\t\t\t\t<\/div>\n\t\t","protected":false},"excerpt":{"rendered":"","protected":false},"author":1,"featured_media":0,"parent":0,"menu_order":0,"comment_status":"closed","ping_status":"closed","template":"","meta":{"iawp_total_views":813,"footnotes":""},"class_list":["post-25666","page","type-page","status-publish","hentry"],"_links":{"self":[{"href":"https:\/\/zen-center-regensburg.com\/de\/wp-json\/wp\/v2\/pages\/25666","targetHints":{"allow":["GET"]}}],"collection":[{"href":"https:\/\/zen-center-regensburg.com\/de\/wp-json\/wp\/v2\/pages"}],"about":[{"href":"https:\/\/zen-center-regensburg.com\/de\/wp-json\/wp\/v2\/types\/page"}],"author":[{"embeddable":true,"href":"https:\/\/zen-center-regensburg.com\/de\/wp-json\/wp\/v2\/users\/1"}],"replies":[{"embeddable":true,"href":"https:\/\/zen-center-regensburg.com\/de\/wp-json\/wp\/v2\/comments?post=25666"}],"version-history":[{"count":148,"href":"https:\/\/zen-center-regensburg.com\/de\/wp-json\/wp\/v2\/pages\/25666\/revisions"}],"predecessor-version":[{"id":28282,"href":"https:\/\/zen-center-regensburg.com\/de\/wp-json\/wp\/v2\/pages\/25666\/revisions\/28282"}],"wp:attachment":[{"href":"https:\/\/zen-center-regensburg.com\/de\/wp-json\/wp\/v2\/media?parent=25666"}],"curies":[{"name":"wp","href":"https:\/\/api.w.org\/{rel}","templated":true}]}}