{"id":24052,"date":"2024-01-25T19:47:12","date_gmt":"2024-01-25T18:47:12","guid":{"rendered":"https:\/\/zen-center-regensburg.com\/precepts-info\/"},"modified":"2024-01-25T19:48:04","modified_gmt":"2024-01-25T18:48:04","slug":"precepts-info","status":"publish","type":"page","link":"https:\/\/zen-center-regensburg.com\/de\/precepts-info\/","title":{"rendered":"Precepts Infos"},"content":{"rendered":"\t\t<div data-elementor-type=\"wp-page\" data-elementor-id=\"24052\" class=\"elementor elementor-24052 elementor-24042\" data-elementor-post-type=\"page\">\n\t\t\t\t\t\t<section class=\"elementor-section elementor-top-section elementor-element elementor-element-f16a89e elementor-section-boxed elementor-section-height-default elementor-section-height-default\" data-id=\"f16a89e\" data-element_type=\"section\">\n\t\t\t\t\t\t<div class=\"elementor-container elementor-column-gap-default\">\n\t\t\t\t\t<div class=\"elementor-column elementor-col-100 elementor-top-column elementor-element elementor-element-56df369\" data-id=\"56df369\" data-element_type=\"column\">\n\t\t\t<div class=\"elementor-widget-wrap elementor-element-populated\">\n\t\t\t\t\t\t<div class=\"elementor-element elementor-element-b9db35d elementor-widget elementor-widget-spacer\" data-id=\"b9db35d\" data-element_type=\"widget\" data-widget_type=\"spacer.default\">\n\t\t\t\t<div class=\"elementor-widget-container\">\n\t\t\t\t\t\t\t<div class=\"elementor-spacer\">\n\t\t\t<div class=\"elementor-spacer-inner\"><\/div>\n\t\t<\/div>\n\t\t\t\t\t\t<\/div>\n\t\t\t\t<\/div>\n\t\t\t\t<div class=\"elementor-element elementor-element-d9ea2a8 elementor-widget elementor-widget-heading\" data-id=\"d9ea2a8\" data-element_type=\"widget\" data-widget_type=\"heading.default\">\n\t\t\t\t<div class=\"elementor-widget-container\">\n\t\t\t\t\t<h2 class=\"elementor-heading-title elementor-size-default\">Precepts Zeremonie<\/h2>\t\t\t\t<\/div>\n\t\t\t\t<\/div>\n\t\t\t\t<div class=\"elementor-element elementor-element-4db9bca elementor-widget elementor-widget-spacer\" data-id=\"4db9bca\" data-element_type=\"widget\" data-widget_type=\"spacer.default\">\n\t\t\t\t<div class=\"elementor-widget-container\">\n\t\t\t\t\t\t\t<div class=\"elementor-spacer\">\n\t\t\t<div class=\"elementor-spacer-inner\"><\/div>\n\t\t<\/div>\n\t\t\t\t\t\t<\/div>\n\t\t\t\t<\/div>\n\t\t\t\t<div class=\"elementor-element elementor-element-31ec9b2 elementor-widget elementor-widget-text-editor\" data-id=\"31ec9b2\" data-element_type=\"widget\" data-widget_type=\"text-editor.default\">\n\t\t\t\t<div class=\"elementor-widget-container\">\n\t\t\t\t\t\t\t\t\t<p>Die Praxis des Zen wird oft mit dem Reisen in einem schnellen Auto verglichen oder mit dem Flug in einem Jet auf dem stra\u00dfenlosen Weg ins Nirvana, dem Flug in einer Rakete in die Grenzenlosigkeit des leeren Raums. Aber jedes gro\u00dfe Fahrzeug, egal wie stark es ist, braucht ein effektives Navigationssystem. Ohne ein klares Navigationssystem kann uns dieser Meditations-Porsche, dieser Jet der Zen-Rakete, auch an einen schlechten Ort bringen. Das erste Gel\u00fcbde, das wir jeden Morgen gleich nach dem Aufwachen sprechen, lautet: &#8220;Die f\u00fchlenden Wesen sind zahllos; wir geloben, sie alle zu retten.&#8221;  <strong>Aber wie erreichen wir diese Navigation des Dienens und Lebens unter tr\u00e4umenden, leidenden Wesen?<\/strong> <\/p>\n<p>In der 2.500 Jahre alten buddhistischen Lehre sind<strong> die Precepts<\/strong> unser Navigationssystem, mit dem wir die Kraft der Meditation nutzen, um uns selbst und dieser Welt zu helfen. Sie sind keine Regeln oder Gesetze, wie etwa legalistische Einschr\u00e4nkungen. Wir beschreiben die Precepts gemeinhin als eine Art Verkehrsregeln, als grundlegende Erkenntnisse dar\u00fcber, wie wir uns in einer bestimmten Situation verhalten sollten, um uns selbst und alle f\u00fchlenden Wesen an einen Ort des Wohlbefindens und der unendlichen Ruhe zu bringen &#8211; um unsere wahre Natur zu erlangen. Die Precepts sorgen f\u00fcr ein klares Leben f\u00fcr uns selbst und unsere Gemeinschaft und helfen uns, unsere richtige Funktion in dieser Welt von Augenblick zu Augenblick zu bestimmen.<\/p>\n<p>Das Ablegen der F\u00fcnf Gebote wird als <strong>&#8220;Zuflucht nehmen (in Buddha, Dharma und Sangha)&#8221;<\/strong> bezeichnet. Es ist der grundlegende, universelle Ritus f\u00fcr den Eintritt in die buddhistischen Geisteswissenschaften, als Glaube an die direkte Erfahrung der unvermittelten Wirklichkeit &#8211; den Dharma. Diese Zeremonie formalisiert auch die Verbindung mit einem bestimmten Dharma-Lehrer oder einer bestimmten Linie, als Mentor und als spirituelle Basis. (Das Ablegen der F\u00fcnf Gebote schlie\u00dft die Teilnahme an Retreats in anderen Traditionen oder mit anderen Lehrern keineswegs aus). Nachdem man die F\u00fcnf Precepts abgelegt hat, kann man mit Zustimmung des Lehrers beginnen, andere in Meditation zu unterrichten.<\/p>\n<p>Bitte erw\u00e4ge, die F\u00fcnf Precepts auf die ewige Festplatte deiner Seele herunterzuladen. Es handelt sich um eine Reihe von Navigationsweisheiten, die auf \u00fcber 2.500 Jahren Meditation und Praxis beruhen und die einige grundlegende ethische Richtlinien herauskristallisieren, um uns selbst und alle f\u00fchlenden Mitreisenden zur Gl\u00fcckseligkeit von Anuttara Samyak Sam Bodhi zu bringen. Die Zeremonie selbst ist eine wundersch\u00f6ne Erkl\u00e4rung und Bekr\u00e4ftigung unserer Ziele als Bodhisattvas in der Ausbildung und es lohnt sich, ihr beizuwohnen und daran teilzunehmen.<\/p>\n<div> <\/div>\n\t\t\t\t\t\t\t\t<\/div>\n\t\t\t\t<\/div>\n\t\t\t\t<div class=\"elementor-element elementor-element-f3dd071 elementor-widget elementor-widget-text-editor\" data-id=\"f3dd071\" data-element_type=\"widget\" data-widget_type=\"text-editor.default\">\n\t\t\t\t<div class=\"elementor-widget-container\">\n\t\t\t\t\t\t\t\t\t<div><strong>ELIGIBILIT\u00c4T<\/strong><\/div>\n<div>Um die F\u00fcnf Gebote im Zen Center Regensburg zu erhalten, muss man innerhalb der letzten drei Jahre mindestens zwei Retreats mit Hyon Gak Sunim absolviert haben, entweder im ZCR (vorzugsweise) oder in einem anderen Land. Der Sch\u00fcler\/die Sch\u00fclerin muss die Zustimmung von Sunim haben und eine laufende Beziehung zur Sangha unterhalten.  <strong>F\u00fcr diejenigen, die neu in Sunim&#8217;s Praxis einsteigen und bereits Erfahrung in anderen Traditionen haben, sind Ausnahmen m\u00f6glich<\/strong>: Eine Selbstvorstellung deiner Entwicklung und Praxis und deines Wunsches, enger mit dem Zen Center Regensburg zu praktizieren, w\u00fcrde jede Bewerbung um die Precepts beinhalten.<\/div>\n<div>Eine begrenzte Anzahl von Anmeldungen wird auch f\u00fcr &#8220;remote&#8221; Precepts angenommen. Wir werden dich in die Live-Zeremonie mit Hyon Gak Sunim und der gesamten Sangha einbeziehen. <\/div>\n\t\t\t\t\t\t\t\t<\/div>\n\t\t\t\t<\/div>\n\t\t\t\t<div class=\"elementor-element elementor-element-1de2dd5 elementor-widget elementor-widget-spacer\" data-id=\"1de2dd5\" data-element_type=\"widget\" data-widget_type=\"spacer.default\">\n\t\t\t\t<div class=\"elementor-widget-container\">\n\t\t\t\t\t\t\t<div class=\"elementor-spacer\">\n\t\t\t<div class=\"elementor-spacer-inner\"><\/div>\n\t\t<\/div>\n\t\t\t\t\t\t<\/div>\n\t\t\t\t<\/div>\n\t\t\t\t<div class=\"elementor-element elementor-element-e30242b elementor-position-top elementor-widget elementor-widget-image-box\" data-id=\"e30242b\" data-element_type=\"widget\" data-widget_type=\"image-box.default\">\n\t\t\t\t<div class=\"elementor-widget-container\">\n\t\t\t\t\t<div class=\"elementor-image-box-wrapper\"><figure class=\"elementor-image-box-img\"><img fetchpriority=\"high\" decoding=\"async\" width=\"800\" height=\"534\" src=\"https:\/\/zen-center-regensburg.com\/wp-content\/uploads\/2020\/04\/W0A01362_1_2048x1365-1024x683.jpg\" class=\"attachment-large size-large wp-image-16515\" alt=\"\" srcset=\"https:\/\/zen-center-regensburg.com\/wp-content\/uploads\/2020\/04\/W0A01362_1_2048x1365-1024x683.jpg 1024w, https:\/\/zen-center-regensburg.com\/wp-content\/uploads\/2020\/04\/W0A01362_1_2048x1365-750x500.jpg 750w, https:\/\/zen-center-regensburg.com\/wp-content\/uploads\/2020\/04\/W0A01362_1_2048x1365-600x400.jpg 600w, https:\/\/zen-center-regensburg.com\/wp-content\/uploads\/2020\/04\/W0A01362_1_2048x1365-300x200.jpg 300w, https:\/\/zen-center-regensburg.com\/wp-content\/uploads\/2020\/04\/W0A01362_1_2048x1365-768x512.jpg 768w, https:\/\/zen-center-regensburg.com\/wp-content\/uploads\/2020\/04\/W0A01362_1_2048x1365-1536x1024.jpg 1536w, https:\/\/zen-center-regensburg.com\/wp-content\/uploads\/2020\/04\/W0A01362_1_2048x1365.jpg 2048w\" sizes=\"(max-width: 800px) 100vw, 800px\" \/><\/figure><div class=\"elementor-image-box-content\"><p class=\"elementor-image-box-description\">Das Gruppenfoto von der ersten Precepts Zeremonie des ZCR (2019) mit dem Gro\u00dfen Zen-Meister Dae Bong, Patriarch des Mu Sang Sah Tempels, Korea, und dem Ehrw\u00fcrdigen Oh Kwang Sunim, dem ehemaligen Abt des serbischen Zen Centers und dem Heiligen Metropoliten des All-Orthodoxen Buddhistischen Patriarchats und aller slawischen V\u00f6lker, Konstantinopel.<\/p><\/div><\/div>\t\t\t\t<\/div>\n\t\t\t\t<\/div>\n\t\t\t\t<div class=\"elementor-element elementor-element-793fbc6 elementor-widget elementor-widget-spacer\" data-id=\"793fbc6\" data-element_type=\"widget\" data-widget_type=\"spacer.default\">\n\t\t\t\t<div class=\"elementor-widget-container\">\n\t\t\t\t\t\t\t<div class=\"elementor-spacer\">\n\t\t\t<div class=\"elementor-spacer-inner\"><\/div>\n\t\t<\/div>\n\t\t\t\t\t\t<\/div>\n\t\t\t\t<\/div>\n\t\t\t\t<div class=\"elementor-element elementor-element-0fcdd49 elementor-align-center elementor-widget elementor-widget-button\" data-id=\"0fcdd49\" data-element_type=\"widget\" data-widget_type=\"button.default\">\n\t\t\t\t<div class=\"elementor-widget-container\">\n\t\t\t\t\t\t\t\t\t<div class=\"elementor-button-wrapper\">\n\t\t\t\t\t<a class=\"elementor-button elementor-button-link elementor-size-sm\" href=\"https:\/\/zen-center-regensburg.com\/de\/precepts-bewerbung\/\">\n\t\t\t\t\t\t<span class=\"elementor-button-content-wrapper\">\n\t\t\t\t\t\t\t\t\t<span class=\"elementor-button-text\">Hier bewerben<\/span>\n\t\t\t\t\t<\/span>\n\t\t\t\t\t<\/a>\n\t\t\t\t<\/div>\n\t\t\t\t\t\t\t\t<\/div>\n\t\t\t\t<\/div>\n\t\t\t\t<div class=\"elementor-element elementor-element-68ef9ef elementor-widget elementor-widget-spacer\" data-id=\"68ef9ef\" data-element_type=\"widget\" data-widget_type=\"spacer.default\">\n\t\t\t\t<div class=\"elementor-widget-container\">\n\t\t\t\t\t\t\t<div class=\"elementor-spacer\">\n\t\t\t<div class=\"elementor-spacer-inner\"><\/div>\n\t\t<\/div>\n\t\t\t\t\t\t<\/div>\n\t\t\t\t<\/div>\n\t\t\t\t\t<\/div>\n\t\t<\/div>\n\t\t\t\t\t<\/div>\n\t\t<\/section>\n\t\t\t\t<\/div>\n\t\t","protected":false},"excerpt":{"rendered":"<p>Precepts Zeremonie Die Praxis des Zen wird oft mit dem Reisen in einem schnellen Auto verglichen oder mit dem Flug in einem Jet auf dem stra\u00dfenlosen Weg ins Nirvana, dem Flug in einer Rakete in die Grenzenlosigkeit des leeren Raums. Aber jedes gro\u00dfe Fahrzeug, egal wie stark es ist, braucht ein effektives Navigationssystem. Ohne ein [&hellip;]<\/p>\n","protected":false},"author":1,"featured_media":0,"parent":0,"menu_order":0,"comment_status":"closed","ping_status":"closed","template":"","meta":{"iawp_total_views":13,"footnotes":""},"class_list":["post-24052","page","type-page","status-publish","hentry"],"_links":{"self":[{"href":"https:\/\/zen-center-regensburg.com\/de\/wp-json\/wp\/v2\/pages\/24052","targetHints":{"allow":["GET"]}}],"collection":[{"href":"https:\/\/zen-center-regensburg.com\/de\/wp-json\/wp\/v2\/pages"}],"about":[{"href":"https:\/\/zen-center-regensburg.com\/de\/wp-json\/wp\/v2\/types\/page"}],"author":[{"embeddable":true,"href":"https:\/\/zen-center-regensburg.com\/de\/wp-json\/wp\/v2\/users\/1"}],"replies":[{"embeddable":true,"href":"https:\/\/zen-center-regensburg.com\/de\/wp-json\/wp\/v2\/comments?post=24052"}],"version-history":[{"count":6,"href":"https:\/\/zen-center-regensburg.com\/de\/wp-json\/wp\/v2\/pages\/24052\/revisions"}],"predecessor-version":[{"id":24061,"href":"https:\/\/zen-center-regensburg.com\/de\/wp-json\/wp\/v2\/pages\/24052\/revisions\/24061"}],"wp:attachment":[{"href":"https:\/\/zen-center-regensburg.com\/de\/wp-json\/wp\/v2\/media?parent=24052"}],"curies":[{"name":"wp","href":"https:\/\/api.w.org\/{rel}","templated":true}]}}