{"id":24021,"date":"2024-01-25T13:38:43","date_gmt":"2024-01-25T12:38:43","guid":{"rendered":"https:\/\/zen-center-regensburg.com\/precepts-bewerbung\/"},"modified":"2024-01-25T19:43:54","modified_gmt":"2024-01-25T18:43:54","slug":"precepts-bewerbung","status":"publish","type":"page","link":"https:\/\/zen-center-regensburg.com\/de\/precepts-bewerbung\/","title":{"rendered":"Precepts Bewerbung"},"content":{"rendered":"\t\t<div data-elementor-type=\"wp-page\" data-elementor-id=\"24021\" class=\"elementor elementor-24021 elementor-24005\" data-elementor-post-type=\"page\">\n\t\t\t\t\t\t<section class=\"elementor-section elementor-top-section elementor-element elementor-element-b921929 elementor-section-boxed elementor-section-height-default elementor-section-height-default\" data-id=\"b921929\" data-element_type=\"section\">\n\t\t\t\t\t\t<div class=\"elementor-container elementor-column-gap-default\">\n\t\t\t\t\t<div class=\"elementor-column elementor-col-100 elementor-top-column elementor-element elementor-element-e3ae7eb\" data-id=\"e3ae7eb\" data-element_type=\"column\">\n\t\t\t<div class=\"elementor-widget-wrap elementor-element-populated\">\n\t\t\t\t\t\t<div class=\"elementor-element elementor-element-b5c1a35 elementor-widget elementor-widget-spacer\" data-id=\"b5c1a35\" data-element_type=\"widget\" data-widget_type=\"spacer.default\">\n\t\t\t\t<div class=\"elementor-widget-container\">\n\t\t\t\t\t\t\t<div class=\"elementor-spacer\">\n\t\t\t<div class=\"elementor-spacer-inner\"><\/div>\n\t\t<\/div>\n\t\t\t\t\t\t<\/div>\n\t\t\t\t<\/div>\n\t\t\t\t<div class=\"elementor-element elementor-element-e411c9d elementor-widget elementor-widget-heading\" data-id=\"e411c9d\" data-element_type=\"widget\" data-widget_type=\"heading.default\">\n\t\t\t\t<div class=\"elementor-widget-container\">\n\t\t\t\t\t<h2 class=\"elementor-heading-title elementor-size-default\">Precepts Zeremonie Bewerbung<\/h2>\t\t\t\t<\/div>\n\t\t\t\t<\/div>\n\t\t\t\t<div class=\"elementor-element elementor-element-01208f4 elementor-widget elementor-widget-spacer\" data-id=\"01208f4\" data-element_type=\"widget\" data-widget_type=\"spacer.default\">\n\t\t\t\t<div class=\"elementor-widget-container\">\n\t\t\t\t\t\t\t<div class=\"elementor-spacer\">\n\t\t\t<div class=\"elementor-spacer-inner\"><\/div>\n\t\t<\/div>\n\t\t\t\t\t\t<\/div>\n\t\t\t\t<\/div>\n\t\t\t\t<div class=\"elementor-element elementor-element-1df7df1 elementor-widget elementor-widget-text-editor\" data-id=\"1df7df1\" data-element_type=\"widget\" data-widget_type=\"text-editor.default\">\n\t\t\t\t<div class=\"elementor-widget-container\">\n\t\t\t\t\t\t\t\t\t<p>Vielen Dank f\u00fcr dein Interesse, \u00fcber das Zen Center Regensburg e.V. &#8220;Zuflucht&#8221; zu Buddha, Dharma und Sangha zu nehmen. Die Entscheidung, Zuflucht zu nehmen, ist keine leichte oder unbedeutende Entscheidung, denn sie bedeutet einen \u00f6ffentlichen Ausdruck deiner Hingabe, den Weg des Erwachens zu gehen und die Last des Leidens aller Wesen zu tragen. Dieses Engagement hat unsch\u00e4tzbare spirituelle Verdienste, die unsere Verbundenheit mit dem Buddhadharma st\u00e4rken und unsere Kr\u00e4fte der Liebe und des Mitgef\u00fchls f\u00fcr alle Lebewesen f\u00f6rdern.<\/p>\n<p>Das Ablegen der Precepts ist keine verbindliche Verpflichtung gegen\u00fcber einer Organisation oder Kirche oder gar einer Philosophie oder Religion. Es bietet dem\/der Preceptee jedoch die M\u00f6glichkeit, die Praxis mit einer Sangha von anderen engagierten Seelen zu vertiefen, die ebenfalls aufrichtig danach streben, ihre Weisheit zu entwickeln, ihre Einsicht zu vertiefen und ihre Werkzeuge f\u00fcr den Dienst an dieser Welt zu vervollkommnen.<\/p>\n<p>In asiatischen buddhistischen Gesellschaften ist es \u00fcblich, dass der Tempel eine bescheidene Spende f\u00fcr das Privileg erh\u00e4lt, den Segen der Precepts zu empfangen. Du verpflichtest dich au\u00dferdem zu einer monatlichen Mitgliedschaft im Zen Center Regensburg <a href=\"https:\/\/donate.zen-center-regensburg.com\/b\/28ocQs8sxfhMbo47sz\" target=\"_blank\" rel=\"noopener\">(Mitgliedschaftsformular<\/a>). Dies ist nur eine kleine M\u00f6glichkeit, wie du uns dabei unterst\u00fctzen kannst, diese Lehren und Veranstaltungen in diesem ruhigen, meditativen Raum in einer zu lauten Welt zu organisieren. (Durch die monatliche Mitgliedschaft im Zen Center Regensburg erh\u00e4ltst du auch Rabatte f\u00fcr Retreats!)<\/p>\n<p>Die empfohlene Mindestspende (Dana) f\u00fcr die Five Precepts Zeremonie selbst: 150 EUR (dies deckt haupts\u00e4chlich die Kosten f\u00fcr die traditionelle Kasa, die aus einem buddhistischen Tempel in Korea mitgebracht wird). Man ist immer willkommen, dem Tempel eine h\u00f6here Spende anzubieten, wie es \u00fcblich ist. In Deutschland sind alle Spenden an das Zen Center Regensburg steuerlich voll absetzbar.<\/p>\n<p>BEWERBUNGSFRIST: Sp\u00e4testens am 5. Februar 2024.<\/p>\n<p>Wir begl\u00fcckw\u00fcnschen dich zu deinem Bestreben, Zuflucht zu Buddha, Dharma und Sangha zu nehmen. Dies ist ein wichtiger Schritt, der unz\u00e4hligen Wesen den Weg aus dem brennenden Haus der Existenz weist. In dieser sich verdunkelnden Welt voller Kriege, politischer Verwirrung, Klimaangst und Sorgen \u00fcber KI und irref\u00fchrende Desinformation ist es absolut entscheidend f\u00fcr unser \u00dcberleben als Spezies &#8211; f\u00fcr alles Leben selbst! &#8211; dass diese Welt mit immer mehr Laternen des Lichts, der Weisheit, der Liebe und des Mitgef\u00fchls gef\u00fcllt wird, die wirklich nur die Lehren des Buddhas am besten manifestieren.<\/p>\n\t\t\t\t\t\t\t\t<\/div>\n\t\t\t\t<\/div>\n\t\t\t\t<div class=\"elementor-element elementor-element-16f08c2 elementor-widget elementor-widget-spacer\" data-id=\"16f08c2\" data-element_type=\"widget\" data-widget_type=\"spacer.default\">\n\t\t\t\t<div class=\"elementor-widget-container\">\n\t\t\t\t\t\t\t<div class=\"elementor-spacer\">\n\t\t\t<div class=\"elementor-spacer-inner\"><\/div>\n\t\t<\/div>\n\t\t\t\t\t\t<\/div>\n\t\t\t\t<\/div>\n\t\t\t\t<div class=\"elementor-element elementor-element-4406dec elementor-button-align-stretch elementor-widget elementor-widget-form\" data-id=\"4406dec\" data-element_type=\"widget\" data-settings=\"{&quot;step_next_label&quot;:&quot;N\\u00e4chstes&quot;,&quot;step_previous_label&quot;:&quot;Zur\\u00fcck&quot;,&quot;button_width&quot;:&quot;100&quot;,&quot;step_type&quot;:&quot;number_text&quot;,&quot;step_icon_shape&quot;:&quot;circle&quot;}\" data-widget_type=\"form.default\">\n\t\t\t\t<div class=\"elementor-widget-container\">\n\t\t\t\t\t\t\t<form class=\"elementor-form\" method=\"post\" name=\"New Form\" aria-label=\"New Form\">\n\t\t\t<input type=\"hidden\" name=\"post_id\" value=\"24021\"\/>\n\t\t\t<input type=\"hidden\" name=\"form_id\" value=\"4406dec\"\/>\n\t\t\t<input type=\"hidden\" name=\"referer_title\" value=\"Precepts Bewerbung\" \/>\n\n\t\t\t\t\t\t\t<input type=\"hidden\" name=\"queried_id\" value=\"24021\"\/>\n\t\t\t\n\t\t\t<div class=\"elementor-form-fields-wrapper elementor-labels-above\">\n\t\t\t\t\t\t\t\t<div class=\"elementor-field-type-text elementor-field-group elementor-column elementor-field-group-name elementor-col-100 elementor-field-required elementor-mark-required\">\n\t\t\t\t\t\t\t\t\t\t\t\t<label for=\"form-field-name\" class=\"elementor-field-label\">\n\t\t\t\t\t\t\t\tName\t\t\t\t\t\t\t<\/label>\n\t\t\t\t\t\t\t\t\t\t\t\t\t\t<input size=\"1\" type=\"text\" name=\"form_fields[name]\" id=\"form-field-name\" class=\"elementor-field elementor-size-sm  elementor-field-textual\" placeholder=\"Name\" required=\"required\">\n\t\t\t\t\t\t\t\t\t\t\t<\/div>\n\t\t\t\t\t\t\t\t<div class=\"elementor-field-type-text elementor-field-group elementor-column elementor-field-group-field_4057d0d elementor-col-100 elementor-field-required elementor-mark-required\">\n\t\t\t\t\t\t\t\t\t\t\t\t<label for=\"form-field-field_4057d0d\" class=\"elementor-field-label\">\n\t\t\t\t\t\t\t\tGeburtstag\t\t\t\t\t\t\t<\/label>\n\t\t\t\t\t\t\t\t\t\t\t\t\t\t<input size=\"1\" type=\"text\" name=\"form_fields[field_4057d0d]\" id=\"form-field-field_4057d0d\" class=\"elementor-field elementor-size-sm  elementor-field-textual\" placeholder=\"DD.MM.YYYY\" required=\"required\">\n\t\t\t\t\t\t\t\t\t\t\t<\/div>\n\t\t\t\t\t\t\t\t<div class=\"elementor-field-type-email elementor-field-group elementor-column elementor-field-group-email elementor-col-100 elementor-field-required elementor-mark-required\">\n\t\t\t\t\t\t\t\t\t\t\t\t<label for=\"form-field-email\" class=\"elementor-field-label\">\n\t\t\t\t\t\t\t\tEmail\t\t\t\t\t\t\t<\/label>\n\t\t\t\t\t\t\t\t\t\t\t\t\t\t<input size=\"1\" type=\"email\" name=\"form_fields[email]\" id=\"form-field-email\" class=\"elementor-field elementor-size-sm  elementor-field-textual\" placeholder=\"Email\" required=\"required\">\n\t\t\t\t\t\t\t\t\t\t\t<\/div>\n\t\t\t\t\t\t\t\t<div class=\"elementor-field-type-text elementor-field-group elementor-column elementor-field-group-field_dc23048 elementor-col-100 elementor-field-required elementor-mark-required\">\n\t\t\t\t\t\t\t\t\t\t\t\t<label for=\"form-field-field_dc23048\" class=\"elementor-field-label\">\n\t\t\t\t\t\t\t\tHeimatadresse\t\t\t\t\t\t\t<\/label>\n\t\t\t\t\t\t\t\t\t\t\t\t\t\t<input size=\"1\" type=\"text\" name=\"form_fields[field_dc23048]\" id=\"form-field-field_dc23048\" class=\"elementor-field elementor-size-sm  elementor-field-textual\" placeholder=\"Land, Postleitzahl, Ort, Stra\u00dfe, Nummer\" required=\"required\">\n\t\t\t\t\t\t\t\t\t\t\t<\/div>\n\t\t\t\t\t\t\t\t<div class=\"elementor-field-type-radio elementor-field-group elementor-column elementor-field-group-field_d2e6ba7 elementor-col-100 elementor-field-required elementor-mark-required\">\n\t\t\t\t\t\t\t\t\t\t\t\t<label for=\"form-field-field_d2e6ba7\" class=\"elementor-field-label\">\n\t\t\t\t\t\t\t\tGeschlecht (f\u00fcr die Wahl des Dharma-Namens)\t\t\t\t\t\t\t<\/label>\n\t\t\t\t\t\t<div class=\"elementor-field-subgroup  \"><span class=\"elementor-field-option\"><input type=\"radio\" value=\"m\u00e4nnlich\" id=\"form-field-field_d2e6ba7-0\" name=\"form_fields[field_d2e6ba7]\" required=\"required\"> <label for=\"form-field-field_d2e6ba7-0\">m\u00e4nnlich<\/label><\/span><span class=\"elementor-field-option\"><input type=\"radio\" value=\"weiblich\" id=\"form-field-field_d2e6ba7-1\" name=\"form_fields[field_d2e6ba7]\" required=\"required\"> <label for=\"form-field-field_d2e6ba7-1\">weiblich<\/label><\/span><span class=\"elementor-field-option\"><input type=\"radio\" value=\"m\u00f6chte ich nicht angeben\" id=\"form-field-field_d2e6ba7-2\" name=\"form_fields[field_d2e6ba7]\" required=\"required\"> <label for=\"form-field-field_d2e6ba7-2\">m\u00f6chte ich nicht angeben<\/label><\/span><\/div>\t\t\t\t<\/div>\n\t\t\t\t\t\t\t\t<div class=\"elementor-field-type-radio elementor-field-group elementor-column elementor-field-group-field_4ac3368 elementor-col-100 elementor-field-required elementor-mark-required\">\n\t\t\t\t\t\t\t\t\t\t\t\t<label for=\"form-field-field_4ac3368\" class=\"elementor-field-label\">\n\t\t\t\t\t\t\t\tTeilnahme\t\t\t\t\t\t\t<\/label>\n\t\t\t\t\t\t<div class=\"elementor-field-subgroup  \"><span class=\"elementor-field-option\"><input type=\"radio\" value=\"Zen Center\" id=\"form-field-field_4ac3368-0\" name=\"form_fields[field_4ac3368]\" required=\"required\"> <label for=\"form-field-field_4ac3368-0\">Zen Center<\/label><\/span><span class=\"elementor-field-option\"><input type=\"radio\" value=\"Online\" id=\"form-field-field_4ac3368-1\" name=\"form_fields[field_4ac3368]\" required=\"required\"> <label for=\"form-field-field_4ac3368-1\">Online<\/label><\/span><\/div>\t\t\t\t<\/div>\n\t\t\t\t\t\t\t\t<div class=\"elementor-field-type-textarea elementor-field-group elementor-column elementor-field-group-field_c7e395e elementor-col-100 elementor-field-required elementor-mark-required\">\n\t\t\t\t\t\t\t\t\t\t\t\t<label for=\"form-field-field_c7e395e\" class=\"elementor-field-label\">\n\t\t\t\t\t\t\t\tSelbstvorstellung\t\t\t\t\t\t\t<\/label>\n\t\t\t\t\t\t<textarea class=\"elementor-field-textual elementor-field  elementor-size-sm\" name=\"form_fields[field_c7e395e]\" id=\"form-field-field_c7e395e\" rows=\"8\" placeholder=\"Einige Angaben zu deinem Hintergrund und deiner aktuellen Situation (deine Art von Arbeit, da dies hilfreich ist, um deinen Dharma-Namen zu &quot;erkennen&quot;), insbesondere zu deiner bisherigen Arbeit oder Ausbildung in Meditation (oder spiritueller Praxis jeglicher Art), egal welcher Tradition. In deinem Aufsatz solltest du uns auch mitteilen, warum du die Precepts unter Zen-Meister Hyon Gak und der Gemeinschaft des Zen Center Regensburg ablegen m\u00f6chtest.\" required=\"required\"><\/textarea>\t\t\t\t<\/div>\n\t\t\t\t\t\t\t\t<div class=\"elementor-field-group elementor-column elementor-field-type-submit elementor-col-100 e-form__buttons\">\n\t\t\t\t\t<button class=\"elementor-button elementor-size-sm\" type=\"submit\">\n\t\t\t\t\t\t<span class=\"elementor-button-content-wrapper\">\n\t\t\t\t\t\t\t\t\t\t\t\t\t\t\t\t\t\t\t\t\t\t<span class=\"elementor-button-text\">Senden<\/span>\n\t\t\t\t\t\t\t\t\t\t\t\t\t<\/span>\n\t\t\t\t\t<\/button>\n\t\t\t\t<\/div>\n\t\t\t<\/div>\n\t\t<\/form>\n\t\t\t\t\t\t<\/div>\n\t\t\t\t<\/div>\n\t\t\t\t\t<\/div>\n\t\t<\/div>\n\t\t\t\t\t<\/div>\n\t\t<\/section>\n\t\t\t\t<section class=\"elementor-section elementor-top-section elementor-element elementor-element-4841f19 elementor-section-boxed elementor-section-height-default elementor-section-height-default\" data-id=\"4841f19\" data-element_type=\"section\">\n\t\t\t\t\t\t<div class=\"elementor-container elementor-column-gap-default\">\n\t\t\t\t\t<div class=\"elementor-column elementor-col-100 elementor-top-column elementor-element elementor-element-a5fd14c\" data-id=\"a5fd14c\" data-element_type=\"column\">\n\t\t\t<div class=\"elementor-widget-wrap elementor-element-populated\">\n\t\t\t\t\t\t<div class=\"elementor-element elementor-element-d7f8a32 elementor-widget elementor-widget-spacer\" data-id=\"d7f8a32\" data-element_type=\"widget\" data-widget_type=\"spacer.default\">\n\t\t\t\t<div class=\"elementor-widget-container\">\n\t\t\t\t\t\t\t<div class=\"elementor-spacer\">\n\t\t\t<div class=\"elementor-spacer-inner\"><\/div>\n\t\t<\/div>\n\t\t\t\t\t\t<\/div>\n\t\t\t\t<\/div>\n\t\t\t\t\t<\/div>\n\t\t<\/div>\n\t\t\t\t\t<\/div>\n\t\t<\/section>\n\t\t\t\t<\/div>\n\t\t","protected":false},"excerpt":{"rendered":"<p>Precepts Zeremonie Bewerbung Vielen Dank f\u00fcr dein Interesse, \u00fcber das Zen Center Regensburg e.V. &#8220;Zuflucht&#8221; zu Buddha, Dharma und Sangha zu nehmen. Die Entscheidung, Zuflucht zu nehmen, ist keine leichte oder unbedeutende Entscheidung, denn sie bedeutet einen \u00f6ffentlichen Ausdruck deiner Hingabe, den Weg des Erwachens zu gehen und die Last des Leidens aller Wesen zu [&hellip;]<\/p>\n","protected":false},"author":1,"featured_media":0,"parent":0,"menu_order":0,"comment_status":"closed","ping_status":"closed","template":"","meta":{"iawp_total_views":3,"footnotes":""},"class_list":["post-24021","page","type-page","status-publish","hentry"],"_links":{"self":[{"href":"https:\/\/zen-center-regensburg.com\/de\/wp-json\/wp\/v2\/pages\/24021","targetHints":{"allow":["GET"]}}],"collection":[{"href":"https:\/\/zen-center-regensburg.com\/de\/wp-json\/wp\/v2\/pages"}],"about":[{"href":"https:\/\/zen-center-regensburg.com\/de\/wp-json\/wp\/v2\/types\/page"}],"author":[{"embeddable":true,"href":"https:\/\/zen-center-regensburg.com\/de\/wp-json\/wp\/v2\/users\/1"}],"replies":[{"embeddable":true,"href":"https:\/\/zen-center-regensburg.com\/de\/wp-json\/wp\/v2\/comments?post=24021"}],"version-history":[{"count":4,"href":"https:\/\/zen-center-regensburg.com\/de\/wp-json\/wp\/v2\/pages\/24021\/revisions"}],"predecessor-version":[{"id":24051,"href":"https:\/\/zen-center-regensburg.com\/de\/wp-json\/wp\/v2\/pages\/24021\/revisions\/24051"}],"wp:attachment":[{"href":"https:\/\/zen-center-regensburg.com\/de\/wp-json\/wp\/v2\/media?parent=24021"}],"curies":[{"name":"wp","href":"https:\/\/api.w.org\/{rel}","templated":true}]}}