{"id":21552,"date":"2023-08-07T14:10:16","date_gmt":"2023-08-07T12:10:16","guid":{"rendered":"https:\/\/zen-center-regensburg.com\/wohnaufenthalt\/"},"modified":"2025-05-25T15:57:31","modified_gmt":"2025-05-25T13:57:31","slug":"wohnaufenthalt","status":"publish","type":"page","link":"https:\/\/zen-center-regensburg.com\/de\/wohnaufenthalt\/","title":{"rendered":"Wohnaufenthalt"},"content":{"rendered":"\t\t<div data-elementor-type=\"wp-page\" data-elementor-id=\"21552\" class=\"elementor elementor-21552 elementor-21529\" data-elementor-post-type=\"page\">\n\t\t\t\t\t\t<section class=\"elementor-section elementor-top-section elementor-element elementor-element-cb65877 elementor-section-boxed elementor-section-height-default elementor-section-height-default\" data-id=\"cb65877\" data-element_type=\"section\">\n\t\t\t\t\t\t<div class=\"elementor-container elementor-column-gap-default\">\n\t\t\t\t\t<div class=\"elementor-column elementor-col-100 elementor-top-column elementor-element elementor-element-7ae07c4\" data-id=\"7ae07c4\" data-element_type=\"column\">\n\t\t\t<div class=\"elementor-widget-wrap elementor-element-populated\">\n\t\t\t\t\t\t<div class=\"elementor-element elementor-element-abc04ad elementor-widget elementor-widget-spacer\" data-id=\"abc04ad\" data-element_type=\"widget\" data-widget_type=\"spacer.default\">\n\t\t\t\t<div class=\"elementor-widget-container\">\n\t\t\t\t\t\t\t<div class=\"elementor-spacer\">\n\t\t\t<div class=\"elementor-spacer-inner\"><\/div>\n\t\t<\/div>\n\t\t\t\t\t\t<\/div>\n\t\t\t\t<\/div>\n\t\t\t\t<div class=\"elementor-element elementor-element-be9b549 elementor-widget elementor-widget-heading\" data-id=\"be9b549\" data-element_type=\"widget\" data-widget_type=\"heading.default\">\n\t\t\t\t<div class=\"elementor-widget-container\">\n\t\t\t\t\t<h1 class=\"elementor-heading-title elementor-size-default\"><u>Wohnaufenthalt<br>unter Zen Center Regensburg<\/u><\/h1>\t\t\t\t<\/div>\n\t\t\t\t<\/div>\n\t\t\t\t<div class=\"elementor-element elementor-element-1949e8f elementor-widget elementor-widget-spacer\" data-id=\"1949e8f\" data-element_type=\"widget\" data-widget_type=\"spacer.default\">\n\t\t\t\t<div class=\"elementor-widget-container\">\n\t\t\t\t\t\t\t<div class=\"elementor-spacer\">\n\t\t\t<div class=\"elementor-spacer-inner\"><\/div>\n\t\t<\/div>\n\t\t\t\t\t\t<\/div>\n\t\t\t\t<\/div>\n\t\t\t\t<div class=\"elementor-element elementor-element-8a495af elementor-widget elementor-widget-text-editor\" data-id=\"8a495af\" data-element_type=\"widget\" data-widget_type=\"text-editor.default\">\n\t\t\t\t<div class=\"elementor-widget-container\">\n\t\t\t\t\t\t\t\t\t<p>F\u00fcr Besucher, die zum ersten Mal in unsere Praxis kommen, bieten wir Kurzzeitaufenthalte von 1-3 Tagen an, die die Teilnahme an unserer t\u00e4glichen Morgen- und Abendpraxis beinhalten. F\u00fcr qualifizierte Praktizierende (die bereits ein Retreat mit dem ZCR absolviert haben) gibt es auch Wohnm\u00f6glichkeiten f\u00fcr Langzeitaufenthalte im Zen Center. Wir empfehlen einen Langzeitaufenthalt von mindestens 3 Monaten.<\/p><p>Bitte benutze das untenstehende Bewerbungsformular f\u00fcr weitere Informationen. Wenn du neu in unserer Gemeinschaft und in unserer Praxis bist, bitten wir dich um eine kurze Selbstvorstellung, in der du ein wenig \u00fcber deinen Hintergrund, deine Erfahrungen mit der Meditationspraxis in dieser oder anderen Traditionen und die Gr\u00fcnde f\u00fcr deinen Wunsch, zu diesem Zeitpunkt mit Hyon Gak Sunim \/ Zen Center Regensburg zu praktizieren, erz\u00e4hlst.<\/p><p>Wir empfehlen dir, im Tempel zu \u00fcbernachten, damit du das Erlebnis voll auskosten kannst. Wenn du jedoch aus irgendeinem Grund au\u00dferhalb des Zen Center \u00fcbernachten m\u00f6chtest, findest du hier einige Hotels in der N\u00e4he, aus denen du w\u00e4hlen kannst: <\/p>\t\t\t\t\t\t\t\t<\/div>\n\t\t\t\t<\/div>\n\t\t\t\t<div class=\"elementor-element elementor-element-9b6b044 elementor-widget elementor-widget-global elementor-global-23539 elementor-global-23521 elementor-widget-toggle\" data-id=\"9b6b044\" data-element_type=\"widget\" data-widget_type=\"toggle.default\">\n\t\t\t\t<div class=\"elementor-widget-container\">\n\t\t\t\t\t\t\t<div class=\"elementor-toggle\">\n\t\t\t\t\t\t\t<div class=\"elementor-toggle-item\">\n\t\t\t\t\t<div id=\"elementor-tab-title-1621\" class=\"elementor-tab-title\" data-tab=\"1\" role=\"button\" aria-controls=\"elementor-tab-content-1621\" aria-expanded=\"false\">\n\t\t\t\t\t\t\t\t\t\t\t\t<span class=\"elementor-toggle-icon elementor-toggle-icon-left\" aria-hidden=\"true\">\n\t\t\t\t\t\t\t\t\t\t\t\t\t\t\t<span class=\"elementor-toggle-icon-closed\"><svg class=\"e-font-icon-svg e-fas-caret-right\" viewBox=\"0 0 192 512\" xmlns=\"http:\/\/www.w3.org\/2000\/svg\"><path d=\"M0 384.662V127.338c0-17.818 21.543-26.741 34.142-14.142l128.662 128.662c7.81 7.81 7.81 20.474 0 28.284L34.142 398.804C21.543 411.404 0 402.48 0 384.662z\"><\/path><\/svg><\/span>\n\t\t\t\t\t\t\t\t<span class=\"elementor-toggle-icon-opened\"><svg class=\"elementor-toggle-icon-opened e-font-icon-svg e-fas-caret-up\" viewBox=\"0 0 320 512\" xmlns=\"http:\/\/www.w3.org\/2000\/svg\"><path d=\"M288.662 352H31.338c-17.818 0-26.741-21.543-14.142-34.142l128.662-128.662c7.81-7.81 20.474-7.81 28.284 0l128.662 128.662c12.6 12.599 3.676 34.142-14.142 34.142z\"><\/path><\/svg><\/span>\n\t\t\t\t\t\t\t\t\t\t\t\t\t<\/span>\n\t\t\t\t\t\t\t\t\t\t\t\t<a class=\"elementor-toggle-title\" tabindex=\"0\">Hotels in der N\u00e4he<\/a>\n\t\t\t\t\t<\/div>\n\n\t\t\t\t\t<div id=\"elementor-tab-content-1621\" class=\"elementor-tab-content elementor-clearfix\" data-tab=\"1\" role=\"region\" aria-labelledby=\"elementor-tab-title-1621\"><ul>\n<li><a href=\"https:\/\/hotel-rosi.de\/index.php\/home.html\" target=\"_blank\" rel=\"noopener\">Hotel Rosi<\/a><\/li>\n<li><a href=\"https:\/\/www.elaya-hotels.com\/regensburg-city-center\/\" target=\"_blank\" rel=\"noopener\">Elayne Hotel Stadtzentrum Regensburg<\/a><\/li>\n<li><a href=\"https:\/\/hotel-am-peterstor.de\/index.php\/home.html\" target=\"_blank\" rel=\"noopener\">Hotel am Peterstor<\/a><\/li>\n<li><a href=\"https:\/\/domresidenz.de\/\" target=\"_blank\" rel=\"noopener\">Domresidenz<\/a><\/li>\n<li><a href=\"https:\/\/all.accor.com\/hotel\/0904\/index.de.shtml\">Ibis Hotel<\/a><\/li>\n<\/ul>\n<\/div>\n\t\t\t\t<\/div>\n\t\t\t\t\t\t\t\t<\/div>\n\t\t\t\t\t\t<\/div>\n\t\t\t\t<\/div>\n\t\t\t\t<div class=\"elementor-element elementor-element-f023eda elementor-widget elementor-widget-spacer\" data-id=\"f023eda\" data-element_type=\"widget\" data-widget_type=\"spacer.default\">\n\t\t\t\t<div class=\"elementor-widget-container\">\n\t\t\t\t\t\t\t<div class=\"elementor-spacer\">\n\t\t\t<div class=\"elementor-spacer-inner\"><\/div>\n\t\t<\/div>\n\t\t\t\t\t\t<\/div>\n\t\t\t\t<\/div>\n\t\t\t\t<section class=\"elementor-section elementor-inner-section elementor-element elementor-element-f3b8bfe elementor-section-boxed elementor-section-height-default elementor-section-height-default\" data-id=\"f3b8bfe\" data-element_type=\"section\">\n\t\t\t\t\t\t<div class=\"elementor-container elementor-column-gap-default\">\n\t\t\t\t\t<div class=\"elementor-column elementor-col-33 elementor-inner-column elementor-element elementor-element-c1730fe\" data-id=\"c1730fe\" data-element_type=\"column\">\n\t\t\t<div class=\"elementor-widget-wrap\">\n\t\t\t\t\t\t\t<\/div>\n\t\t<\/div>\n\t\t\t\t<div class=\"elementor-column elementor-col-33 elementor-inner-column elementor-element elementor-element-38a6706\" data-id=\"38a6706\" data-element_type=\"column\">\n\t\t\t<div class=\"elementor-widget-wrap elementor-element-populated\">\n\t\t\t\t\t\t<div class=\"elementor-element elementor-element-226ba4e elementor-widget elementor-widget-text-editor\" data-id=\"226ba4e\" data-element_type=\"widget\" data-widget_type=\"text-editor.default\">\n\t\t\t\t<div class=\"elementor-widget-container\">\n\t\t\t\t\t\t\t\t\t<p><strong><span style=\"text-decoration: underline;\">Preise:<\/span><\/strong><\/p><p><strong>Standard<\/strong>: 60\u20ac\/Nacht, 350\u20ac\/Woche, 1100\u20ac\/Monat<\/p><p><strong>Studierende<\/strong>: 50\u20ac\/Nacht, 300\u20ac\/Woche, 950\u20ac\/Monat<\/p><p><strong>Langfristig wohnende Personen: <\/strong>350\u20ac im ersten Monat, dann 950\u20ac\/Monat<\/p>\t\t\t\t\t\t\t\t<\/div>\n\t\t\t\t<\/div>\n\t\t\t\t\t<\/div>\n\t\t<\/div>\n\t\t\t\t<div class=\"elementor-column elementor-col-33 elementor-inner-column elementor-element elementor-element-8402b8d\" data-id=\"8402b8d\" data-element_type=\"column\">\n\t\t\t<div class=\"elementor-widget-wrap\">\n\t\t\t\t\t\t\t<\/div>\n\t\t<\/div>\n\t\t\t\t\t<\/div>\n\t\t<\/section>\n\t\t\t\t<div class=\"elementor-element elementor-element-dae4ad4 elementor-widget elementor-widget-spacer\" data-id=\"dae4ad4\" data-element_type=\"widget\" data-widget_type=\"spacer.default\">\n\t\t\t\t<div class=\"elementor-widget-container\">\n\t\t\t\t\t\t\t<div class=\"elementor-spacer\">\n\t\t\t<div class=\"elementor-spacer-inner\"><\/div>\n\t\t<\/div>\n\t\t\t\t\t\t<\/div>\n\t\t\t\t<\/div>\n\t\t\t\t<div class=\"elementor-element elementor-element-da52af6 elementor-widget elementor-widget-text-editor\" data-id=\"da52af6\" data-element_type=\"widget\" data-widget_type=\"text-editor.default\">\n\t\t\t\t<div class=\"elementor-widget-container\">\n\t\t\t\t\t\t\t\t\t<p>Die Preise werden so niedrig wie m\u00f6glich gehalten, damit so viele Menschen wie m\u00f6glich an der Praxis teilnehmen k\u00f6nnen. <strong>Der monatliche \u201eSch\u00fcler\u201c-Preis deckt nur unsere Grundkosten<\/strong> und besteht aus:<\/p><ul><li>Miete f\u00fcr ein WG-Zimmer im Herzen der Regensburger Altstadt (Altstadt): 400\u20ac<\/li><li>Gesundes, biologisches, vegetarisches Essen: 300\u20ac<\/li><li>Zus\u00e4tzliche Kosten, wie Wasser und Strom: 100\u20ac<\/li><li>Unterweisungen durch einen autorisierten Zen-Meister (inkl. Retreats): 150\u20ac<\/li><li>Leben und Praxis in einer Gemeinschaft von Gleichgesinnten: UNBEZAHLBAR!<\/li><\/ul>\t\t\t\t\t\t\t\t<\/div>\n\t\t\t\t<\/div>\n\t\t\t\t<div class=\"elementor-element elementor-element-67a0a44 elementor-widget elementor-widget-spacer\" data-id=\"67a0a44\" data-element_type=\"widget\" data-widget_type=\"spacer.default\">\n\t\t\t\t<div class=\"elementor-widget-container\">\n\t\t\t\t\t\t\t<div class=\"elementor-spacer\">\n\t\t\t<div class=\"elementor-spacer-inner\"><\/div>\n\t\t<\/div>\n\t\t\t\t\t\t<\/div>\n\t\t\t\t<\/div>\n\t\t\t\t<div class=\"elementor-element elementor-element-9320fa0 elementor-align-center elementor-widget elementor-widget-button\" data-id=\"9320fa0\" data-element_type=\"widget\" data-widget_type=\"button.default\">\n\t\t\t\t<div class=\"elementor-widget-container\">\n\t\t\t\t\t\t\t\t\t<div class=\"elementor-button-wrapper\">\n\t\t\t\t\t<a class=\"elementor-button elementor-button-link elementor-size-md elementor-animation-buzz-out\" href=\"https:\/\/zen-center-regensburg.com\/de\/bewerbung\/\">\n\t\t\t\t\t\t<span class=\"elementor-button-content-wrapper\">\n\t\t\t\t\t\t\t\t\t<span class=\"elementor-button-text\">Bewerbungsformular<\/span>\n\t\t\t\t\t<\/span>\n\t\t\t\t\t<\/a>\n\t\t\t\t<\/div>\n\t\t\t\t\t\t\t\t<\/div>\n\t\t\t\t<\/div>\n\t\t\t\t<div class=\"elementor-element elementor-element-e32d06f elementor-widget elementor-widget-spacer\" data-id=\"e32d06f\" data-element_type=\"widget\" data-widget_type=\"spacer.default\">\n\t\t\t\t<div class=\"elementor-widget-container\">\n\t\t\t\t\t\t\t<div class=\"elementor-spacer\">\n\t\t\t<div class=\"elementor-spacer-inner\"><\/div>\n\t\t<\/div>\n\t\t\t\t\t\t<\/div>\n\t\t\t\t<\/div>\n\t\t\t\t\t<\/div>\n\t\t<\/div>\n\t\t\t\t\t<\/div>\n\t\t<\/section>\n\t\t\t\t<\/div>\n\t\t","protected":false},"excerpt":{"rendered":"<p>Wohnaufenthaltunter Zen Center Regensburg F\u00fcr Besucher, die zum ersten Mal in unsere Praxis kommen, bieten wir Kurzzeitaufenthalte von 1-3 Tagen an, die die Teilnahme an unserer t\u00e4glichen Morgen- und Abendpraxis beinhalten. F\u00fcr qualifizierte Praktizierende (die bereits ein Retreat mit dem ZCR absolviert haben) gibt es auch Wohnm\u00f6glichkeiten f\u00fcr Langzeitaufenthalte im Zen Center. Wir empfehlen einen [&hellip;]<\/p>\n","protected":false},"author":1,"featured_media":0,"parent":0,"menu_order":0,"comment_status":"closed","ping_status":"closed","template":"","meta":{"iawp_total_views":958,"footnotes":""},"class_list":["post-21552","page","type-page","status-publish","hentry"],"_links":{"self":[{"href":"https:\/\/zen-center-regensburg.com\/de\/wp-json\/wp\/v2\/pages\/21552","targetHints":{"allow":["GET"]}}],"collection":[{"href":"https:\/\/zen-center-regensburg.com\/de\/wp-json\/wp\/v2\/pages"}],"about":[{"href":"https:\/\/zen-center-regensburg.com\/de\/wp-json\/wp\/v2\/types\/page"}],"author":[{"embeddable":true,"href":"https:\/\/zen-center-regensburg.com\/de\/wp-json\/wp\/v2\/users\/1"}],"replies":[{"embeddable":true,"href":"https:\/\/zen-center-regensburg.com\/de\/wp-json\/wp\/v2\/comments?post=21552"}],"version-history":[{"count":11,"href":"https:\/\/zen-center-regensburg.com\/de\/wp-json\/wp\/v2\/pages\/21552\/revisions"}],"predecessor-version":[{"id":27009,"href":"https:\/\/zen-center-regensburg.com\/de\/wp-json\/wp\/v2\/pages\/21552\/revisions\/27009"}],"wp:attachment":[{"href":"https:\/\/zen-center-regensburg.com\/de\/wp-json\/wp\/v2\/media?parent=21552"}],"curies":[{"name":"wp","href":"https:\/\/api.w.org\/{rel}","templated":true}]}}