{"id":20256,"date":"2023-01-13T12:50:22","date_gmt":"2023-01-13T11:50:22","guid":{"rendered":"https:\/\/zen-center-regensburg.com\/zeitplan\/"},"modified":"2025-01-03T18:12:07","modified_gmt":"2025-01-03T17:12:07","slug":"zeitplan","status":"publish","type":"page","link":"https:\/\/zen-center-regensburg.com\/de\/zeitplan\/","title":{"rendered":"Zeitplan"},"content":{"rendered":"\t\t<div data-elementor-type=\"wp-post\" data-elementor-id=\"20256\" class=\"elementor elementor-20256 elementor-4639\" data-elementor-post-type=\"page\">\n\t\t\t\t\t\t<section class=\"elementor-section elementor-top-section elementor-element elementor-element-4f2b0ec elementor-section-boxed elementor-section-height-default elementor-section-height-default\" data-id=\"4f2b0ec\" data-element_type=\"section\" data-settings=\"{&quot;background_background&quot;:&quot;classic&quot;}\">\n\t\t\t\t\t\t<div class=\"elementor-container elementor-column-gap-default\">\n\t\t\t\t\t<div class=\"elementor-column elementor-col-100 elementor-top-column elementor-element elementor-element-d365226\" data-id=\"d365226\" data-element_type=\"column\">\n\t\t\t<div class=\"elementor-widget-wrap elementor-element-populated\">\n\t\t\t\t\t\t<div class=\"elementor-element elementor-element-06a74fb elementor-widget elementor-widget-spacer\" data-id=\"06a74fb\" data-element_type=\"widget\" data-widget_type=\"spacer.default\">\n\t\t\t\t<div class=\"elementor-widget-container\">\n\t\t\t\t\t\t\t<div class=\"elementor-spacer\">\n\t\t\t<div class=\"elementor-spacer-inner\"><\/div>\n\t\t<\/div>\n\t\t\t\t\t\t<\/div>\n\t\t\t\t<\/div>\n\t\t\t\t<div class=\"elementor-element elementor-element-6b51513 elementor-widget elementor-widget-heading\" data-id=\"6b51513\" data-element_type=\"widget\" data-widget_type=\"heading.default\">\n\t\t\t\t<div class=\"elementor-widget-container\">\n\t\t\t\t\t<h1 class=\"elementor-heading-title elementor-size-default\"><u>Zeitplan<\/u><\/h1>\t\t\t\t<\/div>\n\t\t\t\t<\/div>\n\t\t\t\t<div class=\"elementor-element elementor-element-2421bfc elementor-widget elementor-widget-heading\" data-id=\"2421bfc\" data-element_type=\"widget\" data-widget_type=\"heading.default\">\n\t\t\t\t<div class=\"elementor-widget-container\">\n\t\t\t\t\t<h2 class=\"elementor-heading-title elementor-size-default\">T\u00e4gliche Praxis der Sitz-, Gesangs- und Gehmeditation<\/h2>\t\t\t\t<\/div>\n\t\t\t\t<\/div>\n\t\t\t\t<div class=\"elementor-element elementor-element-04f009e elementor-widget elementor-widget-spacer\" data-id=\"04f009e\" data-element_type=\"widget\" data-widget_type=\"spacer.default\">\n\t\t\t\t<div class=\"elementor-widget-container\">\n\t\t\t\t\t\t\t<div class=\"elementor-spacer\">\n\t\t\t<div class=\"elementor-spacer-inner\"><\/div>\n\t\t<\/div>\n\t\t\t\t\t\t<\/div>\n\t\t\t\t<\/div>\n\t\t\t\t<section class=\"elementor-section elementor-inner-section elementor-element elementor-element-f55dc7a elementor-section-boxed elementor-section-height-default elementor-section-height-default\" data-id=\"f55dc7a\" data-element_type=\"section\">\n\t\t\t\t\t\t<div class=\"elementor-container elementor-column-gap-default\">\n\t\t\t\t\t<div class=\"elementor-column elementor-col-25 elementor-inner-column elementor-element elementor-element-756f093\" data-id=\"756f093\" data-element_type=\"column\">\n\t\t\t<div class=\"elementor-widget-wrap\">\n\t\t\t\t\t\t\t<\/div>\n\t\t<\/div>\n\t\t\t\t<div class=\"elementor-column elementor-col-50 elementor-inner-column elementor-element elementor-element-66063ab\" data-id=\"66063ab\" data-element_type=\"column\">\n\t\t\t<div class=\"elementor-widget-wrap elementor-element-populated\">\n\t\t\t\t\t\t<div class=\"elementor-element elementor-element-814c9e3 elementor-widget elementor-widget-text-editor\" data-id=\"814c9e3\" data-element_type=\"widget\" data-widget_type=\"text-editor.default\">\n\t\t\t\t<div class=\"elementor-widget-container\">\n\t\t\t\t\t\t\t\t\t<p>T\u00c4GLICH<\/p>\n<p><strong>05:30 &#8211; 7:00<\/strong><\/p>\n<p><span style=\"font-size: 20px;\">und<\/span><\/p>\n<p><strong>19:00 &#8211; 20:30<\/strong><\/p>\n<p>Bitte erscheine <strong>15-20 Minuten vor der<\/strong> Praxis!<\/p>\n<p>Nachz\u00fcgler (nach 15 Minuten vor der Praxis) k\u00f6nnen nicht mehr zugelassen werden.<\/p>\n\t\t\t\t\t\t\t\t<\/div>\n\t\t\t\t<\/div>\n\t\t\t\t\t<\/div>\n\t\t<\/div>\n\t\t\t\t<div class=\"elementor-column elementor-col-25 elementor-inner-column elementor-element elementor-element-6afafd3\" data-id=\"6afafd3\" data-element_type=\"column\">\n\t\t\t<div class=\"elementor-widget-wrap\">\n\t\t\t\t\t\t\t<\/div>\n\t\t<\/div>\n\t\t\t\t\t<\/div>\n\t\t<\/section>\n\t\t\t\t<div class=\"elementor-element elementor-element-76641d2 elementor-widget elementor-widget-spacer\" data-id=\"76641d2\" data-element_type=\"widget\" data-widget_type=\"spacer.default\">\n\t\t\t\t<div class=\"elementor-widget-container\">\n\t\t\t\t\t\t\t<div class=\"elementor-spacer\">\n\t\t\t<div class=\"elementor-spacer-inner\"><\/div>\n\t\t<\/div>\n\t\t\t\t\t\t<\/div>\n\t\t\t\t<\/div>\n\t\t\t\t<div class=\"elementor-element elementor-element-119263c elementor-widget elementor-widget-text-editor\" data-id=\"119263c\" data-element_type=\"widget\" data-widget_type=\"text-editor.default\">\n\t\t\t\t<div class=\"elementor-widget-container\">\n\t\t\t\t\t\t\t\t\t<p>Der koreanische Meditationstempelkalender ist in zwei Perioden unterteilt: &#8220;Kyol Che&#8221; (strenges Dharma) und &#8220;Hae Jae&#8221; (gelockertes Dharma). Die Hae Jae Periode ist nach koreanischer Tempeltradition der Zeitplan au\u00dferhalb der halbj\u00e4hrlichen intensiven Retreats.<br \/>\nHae Jae bietet mehr Gelegenheit, im Alltag zu praktizieren: Arbeitszeiten, regelm\u00e4\u00dfige Projekte und besondere Veranstaltungen sind gro\u00dfartige Gelegenheiten, den Tempel zu unterst\u00fctzen und unsere Zen-Praxis zu nutzen, um gemeinsam als Gemeinschaft zu handeln. <\/p>\n\t\t\t\t\t\t\t\t<\/div>\n\t\t\t\t<\/div>\n\t\t\t\t<div class=\"elementor-element elementor-element-6990b89 elementor-widget elementor-widget-text-editor\" data-id=\"6990b89\" data-element_type=\"widget\" data-widget_type=\"text-editor.default\">\n\t\t\t\t<div class=\"elementor-widget-container\">\n\t\t\t\t\t\t\t\t\t<p>Die monatlichen 3-t\u00e4gigen Retreats finden jeden Monat w\u00e4hrend Hae Jae statt.<br \/>\nEs sind keine Vorkenntnisse erforderlich (siehe Abschnitt &#8220;Retreats&#8221;), aber wir empfehlen allen, die zuerst an den monatlichen Retreats teilnehmen m\u00f6chten, mehrere Abende der Praxis im Zen Center zu besuchen.<br \/>\nKurze Retreats sind auch f\u00fcr Menschen geeignet, die viel zu tun haben und sich nur schwer Zeit f\u00fcr ein l\u00e4ngeres Retreat nehmen k\u00f6nnen.  <\/p>\n\t\t\t\t\t\t\t\t<\/div>\n\t\t\t\t<\/div>\n\t\t\t\t<div class=\"elementor-element elementor-element-23317ab elementor-widget elementor-widget-text-editor\" data-id=\"23317ab\" data-element_type=\"widget\" data-widget_type=\"text-editor.default\">\n\t\t\t\t<div class=\"elementor-widget-container\">\n\t\t\t\t\t\t\t\t\t<p><b>HINWEIS:<\/b> Au\u00dfer in seltenen F\u00e4llen ist es nicht m\u00f6glich, direkten, pers\u00f6nlichen Anf\u00e4ngerunterricht in den Grundlagen des Zen direkt von Hyon Gak Sunim zu erhalten. Ab dem 1. Januar 2023 verlangen wir von allen, die eine Grundausbildung w\u00fcnschen, dass sie entweder a.) diese Unterweisung direkt von einem der erfahrenen und anerkannten Sch\u00fcler von Sunim zu erhalten oder b.) den revolution\u00e4ren neuen Online-Zen-Kurs von Sunim zu besuchen: &#8220;Authentic Temple Zen&#8221; &#8211; Die Grundlagen. In diesem Videokurs lernst du alle Grundlagen einer stabilen und starken sitzenden Praxis, so wie er sie in Asien gelernt und trainiert hat. Der Kurs ist kostenpflichtig, aber die Kursgeb\u00fchr (mit der die Zen Center Regensburg unterst\u00fctzt wird) entspricht dem, was du f\u00fcr ein Retreat mit Sunim bezahlen w\u00fcrdest. &#8220;The Basics&#8221; findest du hier: <a href=\"https:\/\/www.mirrorofzen.com\/\" target=\"_blank\" rel=\"noopener\">https:\/\/www.mirrorofzen.com<\/a> Wenn dir die Kosten f\u00fcr den Kurs zu hoch sind, schreibe uns bitte eine E-Mail und erkl\u00e4re, was du bereit bist, f\u00fcr den Kurs anzubieten. Obwohl die Gewinne aus dem Kurs die Zen Center Regensburg unterst\u00fctzen, werden wir versuchen, dir zu helfen, einen Weg f\u00fcr die Praxis zu finden.     <\/p>\n\t\t\t\t\t\t\t\t<\/div>\n\t\t\t\t<\/div>\n\t\t\t\t<div class=\"elementor-element elementor-element-91dc029 elementor-align-center elementor-widget elementor-widget-button\" data-id=\"91dc029\" data-element_type=\"widget\" data-widget_type=\"button.default\">\n\t\t\t\t<div class=\"elementor-widget-container\">\n\t\t\t\t\t\t\t\t\t<div class=\"elementor-button-wrapper\">\n\t\t\t\t\t<a class=\"elementor-button elementor-button-link elementor-size-sm\" href=\"#elementor-action%3Aaction%3Dpopup%3Aopen%26settings%3DeyJpZCI6MjU4ODAsInRvZ2dsZSI6ZmFsc2V9\">\n\t\t\t\t\t\t<span class=\"elementor-button-content-wrapper\">\n\t\t\t\t\t\t<span class=\"elementor-button-icon\">\n\t\t\t\t<svg aria-hidden=\"true\" class=\"e-font-icon-svg e-fas-bars\" viewBox=\"0 0 448 512\" xmlns=\"http:\/\/www.w3.org\/2000\/svg\"><path d=\"M16 132h416c8.837 0 16-7.163 16-16V76c0-8.837-7.163-16-16-16H16C7.163 60 0 67.163 0 76v40c0 8.837 7.163 16 16 16zm0 160h416c8.837 0 16-7.163 16-16v-40c0-8.837-7.163-16-16-16H16c-8.837 0-16 7.163-16 16v40c0 8.837 7.163 16 16 16zm0 160h416c8.837 0 16-7.163 16-16v-40c0-8.837-7.163-16-16-16H16c-8.837 0-16 7.163-16 16v40c0 8.837 7.163 16 16 16z\"><\/path><\/svg>\t\t\t<\/span>\n\t\t\t\t\t\t\t\t\t<span class=\"elementor-button-text\">DETAILLIERTER ZEITPLAN<\/span>\n\t\t\t\t\t<\/span>\n\t\t\t\t\t<\/a>\n\t\t\t\t<\/div>\n\t\t\t\t\t\t\t\t<\/div>\n\t\t\t\t<\/div>\n\t\t\t\t<div class=\"elementor-element elementor-element-c675f28 elementor-widget elementor-widget-spacer\" data-id=\"c675f28\" data-element_type=\"widget\" data-widget_type=\"spacer.default\">\n\t\t\t\t<div class=\"elementor-widget-container\">\n\t\t\t\t\t\t\t<div class=\"elementor-spacer\">\n\t\t\t<div class=\"elementor-spacer-inner\"><\/div>\n\t\t<\/div>\n\t\t\t\t\t\t<\/div>\n\t\t\t\t<\/div>\n\t\t\t\t\t<\/div>\n\t\t<\/div>\n\t\t\t\t\t<\/div>\n\t\t<\/section>\n\t\t\t\t<\/div>\n\t\t","protected":false},"excerpt":{"rendered":"<p>Zeitplan T\u00e4gliche Praxis der Sitz-, Gesangs- und Gehmeditation T\u00c4GLICH 05:30 &#8211; 7:00 und 19:00 &#8211; 20:30 Bitte erscheine 15-20 Minuten vor der Praxis! Nachz\u00fcgler (nach 15 Minuten vor der Praxis) k\u00f6nnen nicht mehr zugelassen werden. Der koreanische Meditationstempelkalender ist in zwei Perioden unterteilt: &#8220;Kyol Che&#8221; (strenges Dharma) und &#8220;Hae Jae&#8221; (gelockertes Dharma). Die Hae Jae [&hellip;]<\/p>\n","protected":false},"author":1,"featured_media":0,"parent":0,"menu_order":0,"comment_status":"closed","ping_status":"closed","template":"","meta":{"iawp_total_views":1516,"footnotes":""},"class_list":["post-20256","page","type-page","status-publish","hentry"],"_links":{"self":[{"href":"https:\/\/zen-center-regensburg.com\/de\/wp-json\/wp\/v2\/pages\/20256","targetHints":{"allow":["GET"]}}],"collection":[{"href":"https:\/\/zen-center-regensburg.com\/de\/wp-json\/wp\/v2\/pages"}],"about":[{"href":"https:\/\/zen-center-regensburg.com\/de\/wp-json\/wp\/v2\/types\/page"}],"author":[{"embeddable":true,"href":"https:\/\/zen-center-regensburg.com\/de\/wp-json\/wp\/v2\/users\/1"}],"replies":[{"embeddable":true,"href":"https:\/\/zen-center-regensburg.com\/de\/wp-json\/wp\/v2\/comments?post=20256"}],"version-history":[{"count":11,"href":"https:\/\/zen-center-regensburg.com\/de\/wp-json\/wp\/v2\/pages\/20256\/revisions"}],"predecessor-version":[{"id":26067,"href":"https:\/\/zen-center-regensburg.com\/de\/wp-json\/wp\/v2\/pages\/20256\/revisions\/26067"}],"wp:attachment":[{"href":"https:\/\/zen-center-regensburg.com\/de\/wp-json\/wp\/v2\/media?parent=20256"}],"curies":[{"name":"wp","href":"https:\/\/api.w.org\/{rel}","templated":true}]}}