{"id":16453,"date":"2020-04-16T12:52:06","date_gmt":"2020-04-16T12:52:06","guid":{"rendered":"https:\/\/zen-center-regensburg.com\/impressum2\/"},"modified":"2023-09-24T15:49:27","modified_gmt":"2023-09-24T13:49:27","slug":"impressum","status":"publish","type":"page","link":"https:\/\/zen-center-regensburg.com\/de\/impressum\/","title":{"rendered":"Impressum"},"content":{"rendered":"\t\t<div data-elementor-type=\"wp-page\" data-elementor-id=\"16453\" class=\"elementor elementor-16453 elementor-16446\" data-elementor-post-type=\"page\">\n\t\t\t\t\t\t<section class=\"elementor-section elementor-top-section elementor-element elementor-element-6cf3100 elementor-section-boxed elementor-section-height-default elementor-section-height-default\" data-id=\"6cf3100\" data-element_type=\"section\">\n\t\t\t\t\t\t<div class=\"elementor-container elementor-column-gap-default\">\n\t\t\t\t\t<div class=\"elementor-column elementor-col-100 elementor-top-column elementor-element elementor-element-0930a82\" data-id=\"0930a82\" data-element_type=\"column\">\n\t\t\t<div class=\"elementor-widget-wrap elementor-element-populated\">\n\t\t\t\t\t\t<div class=\"elementor-element elementor-element-2fec37d elementor-widget elementor-widget-spacer\" data-id=\"2fec37d\" data-element_type=\"widget\" data-widget_type=\"spacer.default\">\n\t\t\t\t<div class=\"elementor-widget-container\">\n\t\t\t\t\t\t\t<div class=\"elementor-spacer\">\n\t\t\t<div class=\"elementor-spacer-inner\"><\/div>\n\t\t<\/div>\n\t\t\t\t\t\t<\/div>\n\t\t\t\t<\/div>\n\t\t\t\t<div class=\"elementor-element elementor-element-9e17ffd elementor-widget elementor-widget-html\" data-id=\"9e17ffd\" data-element_type=\"widget\" data-widget_type=\"html.default\">\n\t\t\t\t<div class=\"elementor-widget-container\">\n\t\t\t\t\t<h1 style=\"color:black;\"><u>Impressum<\/u><\/h1>\n\n<h2>Informationen nach \u00a7 5 TMG<\/h2>\n<p>Zen Center Regensburg e.V.<br>\nWei\u00dfbr\u00e4uhausgasse 2<br>\n93047 Regensburg<\/p>\n\n<p>Register der Vereinigungen: VR 201161<br>\nRegistergericht: Landgericht Regensburg<\/p>\n\n<p><strong>Vertreten durch:<\/strong><br>\nPaul M\u00fcnzen<\/p>\n\n<p>-&gt; <a href=\"https:\/\/zen-center-regensburg.com\/de\/kontakt\/\">Kontaktformular<\/a><\/p>\n<br>\n<h3>Haftung f\u00fcr Inhalte<\/h3> <p>Als Diensteanbieter sind wir, TMG, f\u00fcr eigene Inhalte auf diesen Seiten nach den allgemeinen Gesetzen verantwortlich. Nach \u00a7\u00a7 8 bis 10 TMG sind wir als Diensteanbieter jedoch nicht verpflichtet, \u00fcbermittelte oder gespeicherte fremde Informationen zu \u00fcberwachen oder nach Umst\u00e4nden zu forschen, die auf eine rechtswidrige T\u00e4tigkeit hinweisen.<\/p> <p>Verpflichtungen zur Entfernung oder Sperrung der Nutzung von Informationen nach den allgemeinen Gesetzen bleiben hiervon unber\u00fchrt. Eine diesbez\u00fcgliche Haftung ist jedoch erst ab dem Zeitpunkt der Kenntnis eines konkreten Versto\u00dfes m\u00f6glich. Wenn uns solche Verst\u00f6\u00dfe bekannt werden, werden wir diese Inhalte umgehend entfernen.<\/p><br> <h3>Haftung f\u00fcr Links<\/h3> <p>Unser Angebot enth\u00e4lt Links zu externen Webseiten Dritter, auf deren Inhalte wir keinen Einfluss haben. Deshalb k\u00f6nnen wir f\u00fcr diese fremden Inhalte auch keine Gew\u00e4hr \u00fcbernehmen. F\u00fcr die Inhalte der verlinkten Seiten ist stets der jeweilige Anbieter oder Betreiber der Seiten verantwortlich. Die verlinkten Seiten wurden zum Zeitpunkt der Verlinkung auf m\u00f6gliche Rechtsverst\u00f6\u00dfe \u00fcberpr\u00fcft. Rechtswidrige Inhalte waren zum Zeitpunkt der Verlinkung nicht erkennbar.<\/p> <p>Eine permanente Kontrolle der Inhalte der verlinkten Seiten ist jedoch ohne konkrete Anhaltspunkte einer Rechtsverletzung nicht zumutbar. Bei Bekanntwerden von Rechtsverst\u00f6\u00dfen werden wir solche Links umgehend entfernen.<\/p> <br><h3>Copyright<\/h3> <p>Die durch die Seitenbetreiber erstellten Inhalte und Werke auf diesen Seiten unterliegen dem deutschen Urheberrecht. Die Vervielf\u00e4ltigung, Bearbeitung, Verbreitung und jede Art der Verwertung au\u00dferhalb der Grenzen des Urheberrechtes bed\u00fcrfen der schriftlichen Zustimmung des jeweiligen Autors bzw. Erstellers. Downloads und Kopien dieser Seite sind nur f\u00fcr den privaten, nicht kommerziellen Gebrauch gestattet.<\/p> <p>Soweit die Inhalte auf dieser Seite nicht vom Betreiber erstellt wurden, werden die Urheberrechte Dritter beachtet. Insbesondere werden Inhalte Dritter als solche gekennzeichnet. Solltest du dennoch auf eine Urheberrechtsverletzung aufmerksam werden, bitten wir dich um einen entsprechenden Hinweis. Wir werden solche Inhalte sofort entfernen, sobald wir von Verst\u00f6\u00dfen erfahren.<\/p>\t\t\t\t<\/div>\n\t\t\t\t<\/div>\n\t\t\t\t<div class=\"elementor-element elementor-element-b677ac9 elementor-widget elementor-widget-spacer\" data-id=\"b677ac9\" data-element_type=\"widget\" data-widget_type=\"spacer.default\">\n\t\t\t\t<div class=\"elementor-widget-container\">\n\t\t\t\t\t\t\t<div class=\"elementor-spacer\">\n\t\t\t<div class=\"elementor-spacer-inner\"><\/div>\n\t\t<\/div>\n\t\t\t\t\t\t<\/div>\n\t\t\t\t<\/div>\n\t\t\t\t\t<\/div>\n\t\t<\/div>\n\t\t\t\t\t<\/div>\n\t\t<\/section>\n\t\t\t\t<\/div>\n\t\t","protected":false},"excerpt":{"rendered":"<p>Impressum Informationen nach \u00a7 5 TMG Zen Center Regensburg e.V. Wei\u00dfbr\u00e4uhausgasse 2 93047 Regensburg Register der Vereinigungen: VR 201161 Registergericht: Landgericht Regensburg Vertreten durch: Paul M\u00fcnzen -&gt; Kontaktformular Haftung f\u00fcr Inhalte Als Diensteanbieter sind wir, TMG, f\u00fcr eigene Inhalte auf diesen Seiten nach den allgemeinen Gesetzen verantwortlich. Nach \u00a7\u00a7 8 bis 10 TMG sind wir [&hellip;]<\/p>\n","protected":false},"author":1,"featured_media":0,"parent":0,"menu_order":0,"comment_status":"closed","ping_status":"closed","template":"","meta":{"iawp_total_views":290,"footnotes":""},"class_list":["post-16453","page","type-page","status-publish","hentry"],"_links":{"self":[{"href":"https:\/\/zen-center-regensburg.com\/de\/wp-json\/wp\/v2\/pages\/16453","targetHints":{"allow":["GET"]}}],"collection":[{"href":"https:\/\/zen-center-regensburg.com\/de\/wp-json\/wp\/v2\/pages"}],"about":[{"href":"https:\/\/zen-center-regensburg.com\/de\/wp-json\/wp\/v2\/types\/page"}],"author":[{"embeddable":true,"href":"https:\/\/zen-center-regensburg.com\/de\/wp-json\/wp\/v2\/users\/1"}],"replies":[{"embeddable":true,"href":"https:\/\/zen-center-regensburg.com\/de\/wp-json\/wp\/v2\/comments?post=16453"}],"version-history":[{"count":3,"href":"https:\/\/zen-center-regensburg.com\/de\/wp-json\/wp\/v2\/pages\/16453\/revisions"}],"predecessor-version":[{"id":22516,"href":"https:\/\/zen-center-regensburg.com\/de\/wp-json\/wp\/v2\/pages\/16453\/revisions\/22516"}],"wp:attachment":[{"href":"https:\/\/zen-center-regensburg.com\/de\/wp-json\/wp\/v2\/media?parent=16453"}],"curies":[{"name":"wp","href":"https:\/\/api.w.org\/{rel}","templated":true}]}}