{"id":16154,"date":"2020-04-06T06:55:13","date_gmt":"2020-04-06T06:55:13","guid":{"rendered":"https:\/\/zen-center-regensburg.com\/retreats\/retreat-informationen\/"},"modified":"2024-09-25T14:13:03","modified_gmt":"2024-09-25T12:13:03","slug":"informationen","status":"publish","type":"page","link":"https:\/\/zen-center-regensburg.com\/de\/retreats\/informationen\/","title":{"rendered":"Retreats Informationen"},"content":{"rendered":"\t\t<div data-elementor-type=\"wp-post\" data-elementor-id=\"16154\" class=\"elementor elementor-16154 elementor-8681\" data-elementor-post-type=\"page\">\n\t\t\t\t\t\t<section class=\"elementor-section elementor-top-section elementor-element elementor-element-a32984c elementor-section-boxed elementor-section-height-default elementor-section-height-default\" data-id=\"a32984c\" data-element_type=\"section\" data-settings=\"{&quot;background_background&quot;:&quot;classic&quot;}\">\n\t\t\t\t\t\t<div class=\"elementor-container elementor-column-gap-default\">\n\t\t\t\t\t<div class=\"elementor-column elementor-col-100 elementor-top-column elementor-element elementor-element-302749b\" data-id=\"302749b\" data-element_type=\"column\" data-settings=\"{&quot;background_background&quot;:&quot;classic&quot;}\">\n\t\t\t<div class=\"elementor-widget-wrap elementor-element-populated\">\n\t\t\t\t\t\t<div class=\"elementor-element elementor-element-6ade954 elementor-widget elementor-widget-spacer\" data-id=\"6ade954\" data-element_type=\"widget\" data-widget_type=\"spacer.default\">\n\t\t\t\t<div class=\"elementor-widget-container\">\n\t\t\t\t\t\t\t<div class=\"elementor-spacer\">\n\t\t\t<div class=\"elementor-spacer-inner\"><\/div>\n\t\t<\/div>\n\t\t\t\t\t\t<\/div>\n\t\t\t\t<\/div>\n\t\t\t\t<div class=\"elementor-element elementor-element-6db82ac elementor-widget elementor-widget-button\" data-id=\"6db82ac\" data-element_type=\"widget\" data-widget_type=\"button.default\">\n\t\t\t\t<div class=\"elementor-widget-container\">\n\t\t\t\t\t\t\t\t\t<div class=\"elementor-button-wrapper\">\n\t\t\t\t\t<a class=\"elementor-button elementor-button-link elementor-size-sm\" href=\"https:\/\/zen-center-regensburg.com\/de\/retreats\/\">\n\t\t\t\t\t\t<span class=\"elementor-button-content-wrapper\">\n\t\t\t\t\t\t<span class=\"elementor-button-icon\">\n\t\t\t\t<svg aria-hidden=\"true\" class=\"e-font-icon-svg e-fas-arrow-left\" viewBox=\"0 0 448 512\" xmlns=\"http:\/\/www.w3.org\/2000\/svg\"><path d=\"M257.5 445.1l-22.2 22.2c-9.4 9.4-24.6 9.4-33.9 0L7 273c-9.4-9.4-9.4-24.6 0-33.9L201.4 44.7c9.4-9.4 24.6-9.4 33.9 0l22.2 22.2c9.5 9.5 9.3 25-.4 34.3L136.6 216H424c13.3 0 24 10.7 24 24v32c0 13.3-10.7 24-24 24H136.6l120.5 114.8c9.8 9.3 10 24.8.4 34.3z\"><\/path><\/svg>\t\t\t<\/span>\n\t\t\t\t\t\t\t\t<\/span>\n\t\t\t\t\t<\/a>\n\t\t\t\t<\/div>\n\t\t\t\t\t\t\t\t<\/div>\n\t\t\t\t<\/div>\n\t\t\t\t<div class=\"elementor-element elementor-element-eb7025c elementor-widget elementor-widget-spacer\" data-id=\"eb7025c\" data-element_type=\"widget\" data-widget_type=\"spacer.default\">\n\t\t\t\t<div class=\"elementor-widget-container\">\n\t\t\t\t\t\t\t<div class=\"elementor-spacer\">\n\t\t\t<div class=\"elementor-spacer-inner\"><\/div>\n\t\t<\/div>\n\t\t\t\t\t\t<\/div>\n\t\t\t\t<\/div>\n\t\t\t\t<div class=\"elementor-element elementor-element-35e5d2a elementor-widget elementor-widget-heading\" data-id=\"35e5d2a\" data-element_type=\"widget\" data-widget_type=\"heading.default\">\n\t\t\t\t<div class=\"elementor-widget-container\">\n\t\t\t\t\t<h1 class=\"elementor-heading-title elementor-size-default\"><u>Informationen zur Bewerbung<\/u><\/h1>\t\t\t\t<\/div>\n\t\t\t\t<\/div>\n\t\t\t\t<div class=\"elementor-element elementor-element-1b86dc7 elementor-widget elementor-widget-spacer\" data-id=\"1b86dc7\" data-element_type=\"widget\" data-widget_type=\"spacer.default\">\n\t\t\t\t<div class=\"elementor-widget-container\">\n\t\t\t\t\t\t\t<div class=\"elementor-spacer\">\n\t\t\t<div class=\"elementor-spacer-inner\"><\/div>\n\t\t<\/div>\n\t\t\t\t\t\t<\/div>\n\t\t\t\t<\/div>\n\t\t\t\t<div class=\"elementor-element elementor-element-63ac95b elementor-widget elementor-widget-spacer\" data-id=\"63ac95b\" data-element_type=\"widget\" data-widget_type=\"spacer.default\">\n\t\t\t\t<div class=\"elementor-widget-container\">\n\t\t\t\t\t\t\t<div class=\"elementor-spacer\">\n\t\t\t<div class=\"elementor-spacer-inner\"><\/div>\n\t\t<\/div>\n\t\t\t\t\t\t<\/div>\n\t\t\t\t<\/div>\n\t\t\t\t<div class=\"elementor-element elementor-element-d44513c elementor-widget elementor-widget-text-editor\" data-id=\"d44513c\" data-element_type=\"widget\" data-widget_type=\"text-editor.default\">\n\t\t\t\t<div class=\"elementor-widget-container\">\n\t\t\t\t\t\t\t\t\t<p><strong>Vielen Dank f\u00fcr dein Interesse an einer ernsthaften Zen-Ausbildung im Zen Center Regensburg e.V.<\/strong><\/p>\n<p><strong>Bitte lies die Informationen ZUERST, bevor du dich bewirbst <\/strong><strong>am Ende der Seite.<\/strong><\/p>\n\t\t\t\t\t\t\t\t<\/div>\n\t\t\t\t<\/div>\n\t\t\t\t<div class=\"elementor-element elementor-element-607450d elementor-widget elementor-widget-spacer\" data-id=\"607450d\" data-element_type=\"widget\" data-widget_type=\"spacer.default\">\n\t\t\t\t<div class=\"elementor-widget-container\">\n\t\t\t\t\t\t\t<div class=\"elementor-spacer\">\n\t\t\t<div class=\"elementor-spacer-inner\"><\/div>\n\t\t<\/div>\n\t\t\t\t\t\t<\/div>\n\t\t\t\t<\/div>\n\t\t\t\t<section class=\"elementor-section elementor-inner-section elementor-element elementor-element-f66c64c elementor-section-boxed elementor-section-height-default elementor-section-height-default\" data-id=\"f66c64c\" data-element_type=\"section\">\n\t\t\t\t\t\t<div class=\"elementor-container elementor-column-gap-default\">\n\t\t\t\t\t<div class=\"elementor-column elementor-col-100 elementor-inner-column elementor-element elementor-element-240e646\" data-id=\"240e646\" data-element_type=\"column\">\n\t\t\t<div class=\"elementor-widget-wrap elementor-element-populated\">\n\t\t\t\t\t\t<div class=\"elementor-element elementor-element-3b67158 elementor-widget elementor-widget-text-editor\" data-id=\"3b67158\" data-element_type=\"widget\" data-widget_type=\"text-editor.default\">\n\t\t\t\t<div class=\"elementor-widget-container\">\n\t\t\t\t\t\t\t\t\t<p>Dieser Brief beschreibt einige der Bedingungen, die wir einhalten, um eine starke und konzentrierte Atmosph\u00e4re f\u00fcr eine tiefe, authentische Meditationspraxis zu schaffen.<\/p>\n\t\t\t\t\t\t\t\t<\/div>\n\t\t\t\t<\/div>\n\t\t\t\t<div class=\"elementor-element elementor-element-97dff6f elementor-widget elementor-widget-spacer\" data-id=\"97dff6f\" data-element_type=\"widget\" data-widget_type=\"spacer.default\">\n\t\t\t\t<div class=\"elementor-widget-container\">\n\t\t\t\t\t\t\t<div class=\"elementor-spacer\">\n\t\t\t<div class=\"elementor-spacer-inner\"><\/div>\n\t\t<\/div>\n\t\t\t\t\t\t<\/div>\n\t\t\t\t<\/div>\n\t\t\t\t<div class=\"elementor-element elementor-element-e7f21b8 elementor-widget elementor-widget-text-editor\" data-id=\"e7f21b8\" data-element_type=\"widget\" data-widget_type=\"text-editor.default\">\n\t\t\t\t<div class=\"elementor-widget-container\">\n\t\t\t\t\t\t\t\t\t<p><strong>Allgemein:<\/strong><\/p>\n<p>Das Zen Center Regensburg versucht, so weit wie m\u00f6glich eine authentische Tempel-Erfahrung des Zen-Trainings zu vermitteln: <span style=\"text-decoration: underline;\">Wir bieten KEINE &#8220;Tempelaufenthalte&#8221; an, wie sie in den letzten Jahren in Korea popul\u00e4r geworden sind.<\/span><\/p>\n<p>Wenn du neu in der Zen-Praxis oder neu in unserem Praxis-Stil bist, empfehlen wir dir dringend, mindestens ein oder zwei Abendpraxen im Zen Center zu besuchen, bevor du zu einem Retreat kommst. Das hilft dir bei deinem Retreat, indem du dich mit der Gemeinschaft und mit dieser einzigartigen Praxisform vertraut machst. Wenn du aus geografischen oder zeitlichen Gr\u00fcnden nicht zuerst die Praxis hier erleben kannst, empfehlen wir dir dringend, mindestens ein oder zwei Tage vor Beginn des Retreats anzureisen.  <\/p>\n<p>(Aus Erfahrung r\u00e4t das Zen Center Regensburg von einem Retreat f\u00fcr Paare ab: <em>Wenn<\/em> du vom leitenden Lehrer die Erlaubnis erhalten hast, mit einer Freundin\/einem Freund oder einem Partner an einem Retreat teilzunehmen, bitten wir euch, w\u00e4hrend des Retreats, auch in den Ruhephasen, nicht miteinander zu kommunizieren. Dies geschieht, um eure eigene Erfahrung der Innerlichkeit f\u00fcr die gr\u00f6\u00dfte Wirkung in eurer Meditationsarbeit zu verst\u00e4rken, und um Probleme mit dem Rest der Gruppe zu verhindern.)<\/p>\n\t\t\t\t\t\t\t\t<\/div>\n\t\t\t\t<\/div>\n\t\t\t\t<div class=\"elementor-element elementor-element-b6a5678 elementor-widget elementor-widget-spacer\" data-id=\"b6a5678\" data-element_type=\"widget\" data-widget_type=\"spacer.default\">\n\t\t\t\t<div class=\"elementor-widget-container\">\n\t\t\t\t\t\t\t<div class=\"elementor-spacer\">\n\t\t\t<div class=\"elementor-spacer-inner\"><\/div>\n\t\t<\/div>\n\t\t\t\t\t\t<\/div>\n\t\t\t\t<\/div>\n\t\t\t\t<div class=\"elementor-element elementor-element-6ba9021 elementor-widget elementor-widget-text-editor\" data-id=\"6ba9021\" data-element_type=\"widget\" data-widget_type=\"text-editor.default\">\n\t\t\t\t<div class=\"elementor-widget-container\">\n\t\t\t\t\t\t\t\t\t<p><strong>Kleidung, Essen und Schlafen:<\/strong><\/p>\n<p>Du bekommst einen Satz einfacher &#8220;Tempelkleidung&#8221;, wie sie M\u00f6nche und Nonnen in Korea tragen, du musst dir also keine Sorgen machen, mehrere S\u00e4tze zus\u00e4tzlicher Kleidung mitzubringen. Dies wird dir helfen, deine Reise- und Gep\u00e4cksituation einfacher und leichter zu machen.<\/p>\n<p>Die Mahlzeiten sind vegetarisch und verwenden je nach Saison biologische Zutaten aus der Region (soweit m\u00f6glich). Spezielle Ern\u00e4hrungsw\u00fcnsche (vegan, laktointolerant, Allergien, Krankheiten usw.) sollten auf deinem Anmeldeformular eindeutig angegeben werden, und du solltest den K\u00fcchenmeister bei deiner Ankunft im ZCR daran erinnern.<\/p>\n<p>Die Schlafgelegenheiten sind im traditionellen Tempelstil eingerichtet: ein Futon, auf dem Boden, in Gemeinschaftsr\u00e4umen. M\u00e4nner und Frauen schlafen getrennt, und es gibt getrennte Herren- und Frauentoiletten. (Leider ist es in der Regel nicht m\u00f6glich, ein einzelnes, privates Zimmer zur Verf\u00fcgung zu stellen, es sei denn, es gibt wesentliche Gr\u00fcnde daf\u00fcr.)<\/p>\n<p>Wenn du au\u00dferhalb des Zen Centers \u00fcbernachten m\u00f6chtest, findest du hier einige Hotels in der N\u00e4he, die du ausw\u00e4hlen kannst:<\/p>\n\t\t\t\t\t\t\t\t<\/div>\n\t\t\t\t<\/div>\n\t\t\t\t<div class=\"elementor-element elementor-element-0a99f6f elementor-widget elementor-widget-global elementor-global-23539 elementor-global-23521 elementor-widget-toggle\" data-id=\"0a99f6f\" data-element_type=\"widget\" data-widget_type=\"toggle.default\">\n\t\t\t\t<div class=\"elementor-widget-container\">\n\t\t\t\t\t\t\t<div class=\"elementor-toggle\">\n\t\t\t\t\t\t\t<div class=\"elementor-toggle-item\">\n\t\t\t\t\t<div id=\"elementor-tab-title-1111\" class=\"elementor-tab-title\" data-tab=\"1\" role=\"button\" aria-controls=\"elementor-tab-content-1111\" aria-expanded=\"false\">\n\t\t\t\t\t\t\t\t\t\t\t\t<span class=\"elementor-toggle-icon elementor-toggle-icon-left\" aria-hidden=\"true\">\n\t\t\t\t\t\t\t\t\t\t\t\t\t\t\t<span class=\"elementor-toggle-icon-closed\"><svg class=\"e-font-icon-svg e-fas-caret-right\" viewBox=\"0 0 192 512\" xmlns=\"http:\/\/www.w3.org\/2000\/svg\"><path d=\"M0 384.662V127.338c0-17.818 21.543-26.741 34.142-14.142l128.662 128.662c7.81 7.81 7.81 20.474 0 28.284L34.142 398.804C21.543 411.404 0 402.48 0 384.662z\"><\/path><\/svg><\/span>\n\t\t\t\t\t\t\t\t<span class=\"elementor-toggle-icon-opened\"><svg class=\"elementor-toggle-icon-opened e-font-icon-svg e-fas-caret-up\" viewBox=\"0 0 320 512\" xmlns=\"http:\/\/www.w3.org\/2000\/svg\"><path d=\"M288.662 352H31.338c-17.818 0-26.741-21.543-14.142-34.142l128.662-128.662c7.81-7.81 20.474-7.81 28.284 0l128.662 128.662c12.6 12.599 3.676 34.142-14.142 34.142z\"><\/path><\/svg><\/span>\n\t\t\t\t\t\t\t\t\t\t\t\t\t<\/span>\n\t\t\t\t\t\t\t\t\t\t\t\t<a class=\"elementor-toggle-title\" tabindex=\"0\">Hotels in der N\u00e4he<\/a>\n\t\t\t\t\t<\/div>\n\n\t\t\t\t\t<div id=\"elementor-tab-content-1111\" class=\"elementor-tab-content elementor-clearfix\" data-tab=\"1\" role=\"region\" aria-labelledby=\"elementor-tab-title-1111\"><ul>\n<li><a href=\"https:\/\/hotel-rosi.de\/index.php\/home.html\" target=\"_blank\" rel=\"noopener\">Hotel Rosi<\/a><\/li>\n<li><a href=\"https:\/\/www.elaya-hotels.com\/regensburg-city-center\/\" target=\"_blank\" rel=\"noopener\">Elayne Hotel Stadtzentrum Regensburg<\/a><\/li>\n<li><a href=\"https:\/\/hotel-am-peterstor.de\/index.php\/home.html\" target=\"_blank\" rel=\"noopener\">Hotel am Peterstor<\/a><\/li>\n<li><a href=\"https:\/\/domresidenz.de\/\" target=\"_blank\" rel=\"noopener\">Domresidenz<\/a><\/li>\n<li><a href=\"https:\/\/all.accor.com\/hotel\/0904\/index.de.shtml\">Ibis Hotel<\/a><\/li>\n<\/ul>\n<\/div>\n\t\t\t\t<\/div>\n\t\t\t\t\t\t\t\t<\/div>\n\t\t\t\t\t\t<\/div>\n\t\t\t\t<\/div>\n\t\t\t\t<div class=\"elementor-element elementor-element-68b03bc elementor-widget elementor-widget-spacer\" data-id=\"68b03bc\" data-element_type=\"widget\" data-widget_type=\"spacer.default\">\n\t\t\t\t<div class=\"elementor-widget-container\">\n\t\t\t\t\t\t\t<div class=\"elementor-spacer\">\n\t\t\t<div class=\"elementor-spacer-inner\"><\/div>\n\t\t<\/div>\n\t\t\t\t\t\t<\/div>\n\t\t\t\t<\/div>\n\t\t\t\t<div class=\"elementor-element elementor-element-354ea7d elementor-widget elementor-widget-text-editor\" data-id=\"354ea7d\" data-element_type=\"widget\" data-widget_type=\"text-editor.default\">\n\t\t\t\t<div class=\"elementor-widget-container\">\n\t\t\t\t\t\t\t\t\t<p><strong>Stille:<\/strong><\/p>\n<p>Unsere monatlichen 3-t\u00e4gigen Retreats (sowie das 90-t\u00e4gige Winter-Kyol-Che-Intensiv und das 30-t\u00e4gige Sommer-Kyol-Che-Intensiv) werden im Schweigen durchgef\u00fchrt. Die &#8220;Praxis der Stille&#8221; ist ein \u00e4u\u00dferst wichtiger Aspekt der Retreats und der Gemeinschaftserfahrung hier. Nicht jeder kann das stille Zusammenleben mit anderen Menschen &#8220;handhaben&#8221;: Wenn du das Gef\u00fchl habst, dass striktes Schweigen unm\u00f6glich ist, oder wenn es zu viel Stress f\u00fcr dich oder die Gruppe schafft, solltest du noch einmal \u00fcber jeden Wunsch nachdenken, daran teilzunehmen.<\/p>\n<p>Wir bitten alle Retreat-Teilnehmer, sich auch w\u00e4hrend der Retreats an die &#8220;digitale Stille&#8221; zu halten. Keine Social-Media-Aktivit\u00e4ten: Wir begr\u00fc\u00dfen es nicht, wenn G\u00e4ste w\u00e4hrend des Retreats in sozialen Medien &#8220;posten&#8221;, und wir bitten darum, w\u00e4hrend des Retreats keine SMS\/WhatsApp\/KakaoTalk-Chat-Verbindungen zu unterhalten (au\u00dfer in Notf\u00e4llen, die du vor dem Retreat mit dem Hausmeister besprechen solltest). Wenn der Retreat-Teilnehmer w\u00e4hrend des vereinbarten Retreats Beitr\u00e4ge in den sozialen Medien ver\u00f6ffentlicht, kann er aufgefordert werden, den Ort zu verlassen. Das Fotografieren des Retreats oder des Zen Centers w\u00e4hrend des Retreats ist ebenfalls streng verboten.<\/p>\n<p>Dies geschieht nicht, um dich &#8220;einzuschr\u00e4nken&#8221; oder zu &#8220;kontrollieren&#8221;, sondern um dich tats\u00e4chlich zu befreien: Wir schaffen einen sehr ruhigen, tiefen Raum, den du fast nirgendwo sonst in einer ruhigen Stadtumgebung erleben kannst, in dem du unbeschreiblich intimer mit deiner Wahren Natur werden kannst, um in wunderbarer Einsamkeit zu sein und gleichzeitig mit vielen wirklich interessanten, flippigen Menschen aus verschiedenen Hintergr\u00fcnden und L\u00e4ndern zusammenzuleben, die alle eines gemeinsam haben: &#8220;Ich will aufwachen, meine Wahre Natur erlangen und dieser Welt helfen.&#8221;<\/p>\n\t\t\t\t\t\t\t\t<\/div>\n\t\t\t\t<\/div>\n\t\t\t\t<div class=\"elementor-element elementor-element-98cecf5 elementor-widget elementor-widget-spacer\" data-id=\"98cecf5\" data-element_type=\"widget\" data-widget_type=\"spacer.default\">\n\t\t\t\t<div class=\"elementor-widget-container\">\n\t\t\t\t\t\t\t<div class=\"elementor-spacer\">\n\t\t\t<div class=\"elementor-spacer-inner\"><\/div>\n\t\t<\/div>\n\t\t\t\t\t\t<\/div>\n\t\t\t\t<\/div>\n\t\t\t\t<div class=\"elementor-element elementor-element-da5ecd9 elementor-widget elementor-widget-text-editor\" data-id=\"da5ecd9\" data-element_type=\"widget\" data-widget_type=\"text-editor.default\">\n\t\t\t\t<div class=\"elementor-widget-container\">\n\t\t\t\t\t\t\t\t\t<p><strong>Bewerbung, Zeitplan, &#8220;Die Tempelregeln&#8221;<\/strong><\/p>\n<p>Unten ist das Bewerbungsformular beigef\u00fcgt. Au\u00dferdem f\u00fcgen wir den Zeitplan und &#8220;Die Tempelregeln&#8221; von Zen-Meister Seung Sahn bei. Diese &#8220;Regeln&#8221; sind dieselben, die alle angehenden Nonnen und M\u00f6nche in S\u00fcdkorea lernen, nur dass Zen-Meister Seung Sahn sie f\u00fcr das moderne Zeitalter aktualisiert hat. Sie sind das GPS f\u00fcr unser Gemeinschaftsleben zusammen.<\/p>\n\t\t\t\t\t\t\t\t<\/div>\n\t\t\t\t<\/div>\n\t\t\t\t<div class=\"elementor-element elementor-element-6c74672 elementor-widget elementor-widget-spacer\" data-id=\"6c74672\" data-element_type=\"widget\" data-widget_type=\"spacer.default\">\n\t\t\t\t<div class=\"elementor-widget-container\">\n\t\t\t\t\t\t\t<div class=\"elementor-spacer\">\n\t\t\t<div class=\"elementor-spacer-inner\"><\/div>\n\t\t<\/div>\n\t\t\t\t\t\t<\/div>\n\t\t\t\t<\/div>\n\t\t\t\t<div class=\"elementor-element elementor-element-153ce40 elementor-widget elementor-widget-text-editor\" data-id=\"153ce40\" data-element_type=\"widget\" data-widget_type=\"text-editor.default\">\n\t\t\t\t<div class=\"elementor-widget-container\">\n\t\t\t\t\t\t\t\t\t<p><strong>Kommen zum ZCR:<\/strong><\/p>\n<p>Wenn du mit dem Flugzeug zum ZCR kommst, ist der n\u00e4chstgelegene Flughafen der Flughafen M\u00fcnchen\/Franz Josef Strauss (MUC). Viele Billigfl\u00fcge landen auch in N\u00fcrnberg (NUE), das noch n\u00e4her liegt. Es gibt ZWEI M\u00f6glichkeiten, um vom Flughafen zum Zen Center zu kommen:<\/p>\n<p>1. Minibus-Shuttle von T\u00fcr zu T\u00fcr <a href=\"http:\/\/www.airportliner.com\/\" target=\"_blank\" rel=\"noopener\">(AirportLiner<\/a>): Das ist die bei weitem einfachste (wenn auch kohlenstoffreichste) Transportart, die dich vom Ankunftsterminal direkt zur Eingangst\u00fcr des ZCR bringt. Die Sitze sind komfortabel, es gibt viel Platz f\u00fcr Gep\u00e4ck, und du wirst ein gro\u00dfartiges Szenario der bayerischen Landschaft sehen, w\u00e4hrend du reist. Aber dieser Service MUSS ein MINIMUM von 48 Stunden VOR der Ankunft in MUC\/NUE reserviert werden. Der Preis betr\u00e4gt 42 EUR (du gibst dem Fahrer normalerweise 3 EUR Trinkgeld, also 45 EUR) und muss bei der Buchung mit einer Kreditkarte bezahlt werden &#8211; Bargeld wird NICHT akzeptiert. Die Adresse des Zen Center Regensburg lautet wie folgt (du kannst sie ausschneiden und auf der AirportLiner-Website einf\u00fcgen, wenn sie nach deinem Zielort fragen):<\/p>\n<p>Wei\u00dfbr\u00e4uhausgasse 2<br \/>93047 Regensburg<\/p>\n<p>2. Bus\/Zug: Wir werden von Z\u00fcgen aus ganz Europa am Regensburg Hbf angefahren.<\/p>\n<p>Die Ankunft des Zuges ist auch relativ einfach vom Flughafen aus zu erreichen. Suche einfach auf dem unteren Link der Deutschen Bahn nach &#8220;Flughafen M\u00fcnchen, Terminal ______&#8221; zu &#8220;Regensburg HBF&#8221;. Der Hauptbahnhof Regensburg liegt nur 10 Gehminuten vom ZCR entfernt. Die Zugkosten betragen ca. 30 EUR. Du kannst den Weg vom Bahnhof zum Zen Center mit Google Maps finden.<\/p>\n<p>Einen vollst\u00e4ndigen Zeitplan findest du <a href=\"https:\/\/www.bahn.com\/en\/view\/index.shtml\" target=\"_blank\" rel=\"noopener\">hier<\/a>.<\/p>\n\t\t\t\t\t\t\t\t<\/div>\n\t\t\t\t<\/div>\n\t\t\t\t<div class=\"elementor-element elementor-element-cdd1f70 elementor-widget elementor-widget-spacer\" data-id=\"cdd1f70\" data-element_type=\"widget\" data-widget_type=\"spacer.default\">\n\t\t\t\t<div class=\"elementor-widget-container\">\n\t\t\t\t\t\t\t<div class=\"elementor-spacer\">\n\t\t\t<div class=\"elementor-spacer-inner\"><\/div>\n\t\t<\/div>\n\t\t\t\t\t\t<\/div>\n\t\t\t\t<\/div>\n\t\t\t\t<div class=\"elementor-element elementor-element-c3713a9 elementor-widget elementor-widget-text-editor\" data-id=\"c3713a9\" data-element_type=\"widget\" data-widget_type=\"text-editor.default\">\n\t\t\t\t<div class=\"elementor-widget-container\">\n\t\t\t\t\t\t\t\t\t<p><strong>Trainingsgeb\u00fchren, Spenden<\/strong><\/p>\n<p>Zuletzt, spiegeln die Ausbildungsgeb\u00fchren nicht die tats\u00e4chlichen Kosten f\u00fcr den Erhalt dieses Zen-Centers wider. Wir haben die Preise absichtlich sehr niedrig gehalten, um das Meditationserlebnis f\u00fcr so viele Menschen wie m\u00f6glich offen zu machen. Zus\u00e4tzliche Spenden werden mit Freuden angenommen. Jegliche Spende an Nahrungsmitteln, F\u00e4higkeiten oder Geld wird gesch\u00e4tzt, um dieser Gemeinschaft zu helfen, zu \u00fcberleben und zu wachsen.<\/p>\n\t\t\t\t\t\t\t\t<\/div>\n\t\t\t\t<\/div>\n\t\t\t\t<div class=\"elementor-element elementor-element-a41e504 elementor-widget elementor-widget-spacer\" data-id=\"a41e504\" data-element_type=\"widget\" data-widget_type=\"spacer.default\">\n\t\t\t\t<div class=\"elementor-widget-container\">\n\t\t\t\t\t\t\t<div class=\"elementor-spacer\">\n\t\t\t<div class=\"elementor-spacer-inner\"><\/div>\n\t\t<\/div>\n\t\t\t\t\t\t<\/div>\n\t\t\t\t<\/div>\n\t\t\t\t<div class=\"elementor-element elementor-element-27957d9 elementor-widget elementor-widget-text-editor\" data-id=\"27957d9\" data-element_type=\"widget\" data-widget_type=\"text-editor.default\">\n\t\t\t\t<div class=\"elementor-widget-container\">\n\t\t\t\t\t\t\t\t\t<p>dein im Dharma,<\/p>\n<p>ZCR-Team<\/p>\n\t\t\t\t\t\t\t\t<\/div>\n\t\t\t\t<\/div>\n\t\t\t\t\t<\/div>\n\t\t<\/div>\n\t\t\t\t\t<\/div>\n\t\t<\/section>\n\t\t\t\t<div class=\"elementor-element elementor-element-55c00cf elementor-widget elementor-widget-spacer\" data-id=\"55c00cf\" data-element_type=\"widget\" data-widget_type=\"spacer.default\">\n\t\t\t\t<div class=\"elementor-widget-container\">\n\t\t\t\t\t\t\t<div class=\"elementor-spacer\">\n\t\t\t<div class=\"elementor-spacer-inner\"><\/div>\n\t\t<\/div>\n\t\t\t\t\t\t<\/div>\n\t\t\t\t<\/div>\n\t\t\t\t<div class=\"elementor-element elementor-element-48e7389 elementor-align-center elementor-widget elementor-widget-button\" data-id=\"48e7389\" data-element_type=\"widget\" data-widget_type=\"button.default\">\n\t\t\t\t<div class=\"elementor-widget-container\">\n\t\t\t\t\t\t\t\t\t<div class=\"elementor-button-wrapper\">\n\t\t\t\t\t<a class=\"elementor-button elementor-button-link elementor-size-md elementor-animation-buzz-out\" href=\"https:\/\/zen-center-regensburg.com\/de\/bewerbung\/\">\n\t\t\t\t\t\t<span class=\"elementor-button-content-wrapper\">\n\t\t\t\t\t\t\t\t\t<span class=\"elementor-button-text\">Bewerbungsformular<\/span>\n\t\t\t\t\t<\/span>\n\t\t\t\t\t<\/a>\n\t\t\t\t<\/div>\n\t\t\t\t\t\t\t\t<\/div>\n\t\t\t\t<\/div>\n\t\t\t\t<div class=\"elementor-element elementor-element-d7f22df elementor-widget elementor-widget-spacer\" data-id=\"d7f22df\" data-element_type=\"widget\" data-widget_type=\"spacer.default\">\n\t\t\t\t<div class=\"elementor-widget-container\">\n\t\t\t\t\t\t\t<div class=\"elementor-spacer\">\n\t\t\t<div class=\"elementor-spacer-inner\"><\/div>\n\t\t<\/div>\n\t\t\t\t\t\t<\/div>\n\t\t\t\t<\/div>\n\t\t\t\t\t<\/div>\n\t\t<\/div>\n\t\t\t\t\t<\/div>\n\t\t<\/section>\n\t\t\t\t<\/div>\n\t\t","protected":false},"excerpt":{"rendered":"<p>Informationen zur Bewerbung Vielen Dank f\u00fcr dein Interesse an einer ernsthaften Zen-Ausbildung im Zen Center Regensburg e.V. Bitte lies die Informationen ZUERST, bevor du dich bewirbst am Ende der Seite. Dieser Brief beschreibt einige der Bedingungen, die wir einhalten, um eine starke und konzentrierte Atmosph\u00e4re f\u00fcr eine tiefe, authentische Meditationspraxis zu schaffen. Allgemein: Das Zen [&hellip;]<\/p>\n","protected":false},"author":1,"featured_media":0,"parent":16142,"menu_order":0,"comment_status":"closed","ping_status":"closed","template":"","meta":{"iawp_total_views":195,"footnotes":""},"class_list":["post-16154","page","type-page","status-publish","hentry"],"_links":{"self":[{"href":"https:\/\/zen-center-regensburg.com\/de\/wp-json\/wp\/v2\/pages\/16154","targetHints":{"allow":["GET"]}}],"collection":[{"href":"https:\/\/zen-center-regensburg.com\/de\/wp-json\/wp\/v2\/pages"}],"about":[{"href":"https:\/\/zen-center-regensburg.com\/de\/wp-json\/wp\/v2\/types\/page"}],"author":[{"embeddable":true,"href":"https:\/\/zen-center-regensburg.com\/de\/wp-json\/wp\/v2\/users\/1"}],"replies":[{"embeddable":true,"href":"https:\/\/zen-center-regensburg.com\/de\/wp-json\/wp\/v2\/comments?post=16154"}],"version-history":[{"count":10,"href":"https:\/\/zen-center-regensburg.com\/de\/wp-json\/wp\/v2\/pages\/16154\/revisions"}],"predecessor-version":[{"id":24750,"href":"https:\/\/zen-center-regensburg.com\/de\/wp-json\/wp\/v2\/pages\/16154\/revisions\/24750"}],"up":[{"embeddable":true,"href":"https:\/\/zen-center-regensburg.com\/de\/wp-json\/wp\/v2\/pages\/16142"}],"wp:attachment":[{"href":"https:\/\/zen-center-regensburg.com\/de\/wp-json\/wp\/v2\/media?parent=16154"}],"curies":[{"name":"wp","href":"https:\/\/api.w.org\/{rel}","templated":true}]}}