{"id":16147,"date":"2020-04-06T06:22:47","date_gmt":"2020-04-06T06:22:47","guid":{"rendered":"https:\/\/zen-center-regensburg.com\/ueber-uns\/"},"modified":"2025-10-08T12:10:15","modified_gmt":"2025-10-08T10:10:15","slug":"ueber","status":"publish","type":"page","link":"https:\/\/zen-center-regensburg.com\/de\/","title":{"rendered":"\u00dcber uns"},"content":{"rendered":"\t\t<div data-elementor-type=\"wp-post\" data-elementor-id=\"16147\" class=\"elementor elementor-16147 elementor-4089\" data-elementor-post-type=\"page\">\n\t\t\t\t\t\t<section class=\"elementor-section elementor-top-section elementor-element elementor-element-54ce8be elementor-section-boxed elementor-section-height-default elementor-section-height-default\" data-id=\"54ce8be\" data-element_type=\"section\">\n\t\t\t\t\t\t<div class=\"elementor-container elementor-column-gap-default\">\n\t\t\t\t\t<div class=\"elementor-column elementor-col-100 elementor-top-column elementor-element elementor-element-10994bd\" data-id=\"10994bd\" data-element_type=\"column\">\n\t\t\t<div class=\"elementor-widget-wrap elementor-element-populated\">\n\t\t\t\t\t<div class=\"elementor-background-overlay\"><\/div>\n\t\t\t\t\t\t<div class=\"elementor-element elementor-element-c58d204 skip-lazy elementor-widget elementor-widget-image\" data-id=\"c58d204\" data-element_type=\"widget\" id=\"testid\" data-widget_type=\"image.default\">\n\t\t\t\t<div class=\"elementor-widget-container\">\n\t\t\t\t\t\t\t\t\t\t\t\t\t\t\t<img fetchpriority=\"high\" decoding=\"async\" width=\"800\" height=\"599\" src=\"https:\/\/zen-center-regensburg.com\/wp-content\/uploads\/2024\/03\/photo-output-2-1024x767.jpeg\" class=\"attachment-large size-large wp-image-24138\" alt=\"\" srcset=\"https:\/\/zen-center-regensburg.com\/wp-content\/uploads\/2024\/03\/photo-output-2-1024x767.jpeg.webp 1024w, https:\/\/zen-center-regensburg.com\/wp-content\/uploads\/2024\/03\/photo-output-2-300x225.jpeg.webp 300w, https:\/\/zen-center-regensburg.com\/wp-content\/uploads\/2024\/03\/photo-output-2-768x575.jpeg.webp 768w, https:\/\/zen-center-regensburg.com\/wp-content\/uploads\/2024\/03\/photo-output-2-1536x1151.jpeg.webp 1536w, https:\/\/zen-center-regensburg.com\/wp-content\/uploads\/2024\/03\/photo-output-2-750x562.jpeg.webp 750w, https:\/\/zen-center-regensburg.com\/wp-content\/uploads\/2024\/03\/photo-output-2-600x449.jpeg.webp 600w, https:\/\/zen-center-regensburg.com\/wp-content\/uploads\/2024\/03\/photo-output-2.jpeg.webp 2048w\" sizes=\"(max-width: 800px) 100vw, 800px\" \/>\t\t\t\t\t\t\t\t\t\t\t\t\t\t\t<\/div>\n\t\t\t\t<\/div>\n\t\t\t\t\t<\/div>\n\t\t<\/div>\n\t\t\t\t\t<\/div>\n\t\t<\/section>\n\t\t\t\t<section class=\"elementor-section elementor-top-section elementor-element elementor-element-f908d2a elementor-section-boxed elementor-section-height-default elementor-section-height-default\" data-id=\"f908d2a\" data-element_type=\"section\" data-settings=\"{&quot;background_background&quot;:&quot;classic&quot;}\">\n\t\t\t\t\t\t<div class=\"elementor-container elementor-column-gap-default\">\n\t\t\t\t\t<div class=\"elementor-column elementor-col-50 elementor-top-column elementor-element elementor-element-05da960\" data-id=\"05da960\" data-element_type=\"column\">\n\t\t\t<div class=\"elementor-widget-wrap elementor-element-populated\">\n\t\t\t\t\t\t<div class=\"elementor-element elementor-element-a529e4e elementor-widget-mobile__width-initial elementor-hidden-desktop elementor-widget elementor-widget-wpml-language-switcher\" data-id=\"a529e4e\" data-element_type=\"widget\" data-widget_type=\"wpml-language-switcher.default\">\n\t\t\t\t<div class=\"elementor-widget-container\">\n\t\t\t\t\t<div class=\"wpml-elementor-ls\">\n<div\n\t class=\"wpml-ls-statics-shortcode_actions wpml-ls wpml-ls-legacy-dropdown js-wpml-ls-legacy-dropdown\">\n\t<ul>\n\n\t\t<li tabindex=\"0\" class=\"wpml-ls-slot-shortcode_actions wpml-ls-item wpml-ls-item-de wpml-ls-current-language wpml-ls-last-item wpml-ls-item-legacy-dropdown\">\n\t\t\t<a href=\"#\" class=\"js-wpml-ls-item-toggle wpml-ls-item-toggle\">\n                                                    <img decoding=\"async\"\n            class=\"wpml-ls-flag\"\n            src=\"https:\/\/zen-center-regensburg.com\/wp-content\/plugins\/sitepress-multilingual-cms\/res\/flags\/de.svg\"\n            alt=\"\"\n            width=18\n            height=12\n    \/><span class=\"wpml-ls-native\">Deutsch<\/span><\/a>\n\n\t\t\t<ul class=\"wpml-ls-sub-menu\">\n\t\t\t\t\n\t\t\t\t\t<li class=\"wpml-ls-slot-shortcode_actions wpml-ls-item wpml-ls-item-en wpml-ls-first-item\">\n\t\t\t\t\t\t<a href=\"https:\/\/zen-center-regensburg.com\/\" class=\"wpml-ls-link\">\n                                                                <img decoding=\"async\"\n            class=\"wpml-ls-flag\"\n            src=\"https:\/\/zen-center-regensburg.com\/wp-content\/plugins\/sitepress-multilingual-cms\/res\/flags\/en.svg\"\n            alt=\"\"\n            width=18\n            height=12\n    \/><span class=\"wpml-ls-native\" lang=\"en\">English<\/span><\/a>\n\t\t\t\t\t<\/li>\n\n\t\t\t\t\t\t\t<\/ul>\n\n\t\t<\/li>\n\n\t<\/ul>\n<\/div>\n<\/div>\t\t\t\t<\/div>\n\t\t\t\t<\/div>\n\t\t\t\t<div class=\"elementor-element elementor-element-f0c4f41 elementor-widget elementor-widget-heading\" data-id=\"f0c4f41\" data-element_type=\"widget\" data-widget_type=\"heading.default\">\n\t\t\t\t<div class=\"elementor-widget-container\">\n\t\t\t\t\t<h1 class=\"elementor-heading-title elementor-size-default\">\u00dcber uns<\/h1>\t\t\t\t<\/div>\n\t\t\t\t<\/div>\n\t\t\t\t<div class=\"elementor-element elementor-element-fff1ae3 elementor-widget elementor-widget-spacer\" data-id=\"fff1ae3\" data-element_type=\"widget\" data-widget_type=\"spacer.default\">\n\t\t\t\t<div class=\"elementor-widget-container\">\n\t\t\t\t\t\t\t<div class=\"elementor-spacer\">\n\t\t\t<div class=\"elementor-spacer-inner\"><\/div>\n\t\t<\/div>\n\t\t\t\t\t\t<\/div>\n\t\t\t\t<\/div>\n\t\t\t\t<div class=\"elementor-element elementor-element-abcd594 elementor-widget elementor-widget-image\" data-id=\"abcd594\" data-element_type=\"widget\" data-widget_type=\"image.default\">\n\t\t\t\t<div class=\"elementor-widget-container\">\n\t\t\t\t\t\t\t\t\t\t\t\t\t\t\t\t<a href=\"https:\/\/api.accredible.com\/v1\/auth\/invite?code=60fa30e4b8d7ab839a7e&#038;credential_id=2a7a334d-0b9a-4bd9-8bdd-5b0f63d832f5&#038;url=https%3A%2F%2Fvalidation.cafamerica.org%2F2a7a334d-0b9a-4bd9-8bdd-5b0f63d832f5&#038;ident=525406702b38bf7bdaf86772545b1ef21416caa0\" target=\"_blank\">\n\t\t\t\t\t\t\t<img decoding=\"async\" width=\"451\" height=\"438\" src=\"https:\/\/zen-center-regensburg.com\/wp-content\/uploads\/2022\/03\/CAF.png\" class=\"attachment-medium_large size-medium_large wp-image-19740\" alt=\"\" srcset=\"https:\/\/zen-center-regensburg.com\/wp-content\/uploads\/2022\/03\/CAF.png.webp 451w, https:\/\/zen-center-regensburg.com\/wp-content\/uploads\/2022\/03\/CAF-300x291.png.webp 300w\" sizes=\"(max-width: 451px) 100vw, 451px\" \/>\t\t\t\t\t\t\t\t<\/a>\n\t\t\t\t\t\t\t\t\t\t\t\t\t\t\t<\/div>\n\t\t\t\t<\/div>\n\t\t\t\t\t<\/div>\n\t\t<\/div>\n\t\t\t\t<div class=\"elementor-column elementor-col-50 elementor-top-column elementor-element elementor-element-d1908a4\" data-id=\"d1908a4\" data-element_type=\"column\">\n\t\t\t<div class=\"elementor-widget-wrap elementor-element-populated\">\n\t\t\t\t\t\t<div class=\"elementor-element elementor-element-e849f22 elementor-widget elementor-widget-text-editor\" data-id=\"e849f22\" data-element_type=\"widget\" data-widget_type=\"text-editor.default\">\n\t\t\t\t<div class=\"elementor-widget-container\">\n\t\t\t\t\t\t\t\t\t<p>Das <strong>Zen Center Regensburg e.V. <\/strong>ist eine internationale Meditationsgemeinschaft (nicht-religi\u00f6s), die von einer Gruppe von Freunden gegr\u00fcndet wurde, die seit 2010 unter der Leitung von <strong>Zen-Meister<\/strong> <strong>Hyon Gak Sunim<\/strong> die Praxis der Zen-Meditation praktizieren.<\/p>\t\t\t\t\t\t\t\t<\/div>\n\t\t\t\t<\/div>\n\t\t\t\t<div class=\"elementor-element elementor-element-ce05bc6 elementor-widget elementor-widget-text-editor\" data-id=\"ce05bc6\" data-element_type=\"widget\" data-widget_type=\"text-editor.default\">\n\t\t\t\t<div class=\"elementor-widget-container\">\n\t\t\t\t\t\t\t\t\t<p>There is <strong>daily meditation <\/strong>at<strong> 04:45 <\/strong>and at<strong> 19:00, <\/strong>seven days a week, 365 days a year. In Anlehnung an die Lehren des legend\u00e4ren <strong>Zen-Meisters Seung Sahn (1927-2004<\/strong>) besteht die Praxis aus Verbeugung, Gesang, sitzender und gehender Meditation, mit stillen Mahlzeiten und Gemeinschaftsarbeit.<\/p>\t\t\t\t\t\t\t\t<\/div>\n\t\t\t\t<\/div>\n\t\t\t\t<div class=\"elementor-element elementor-element-cf7690a elementor-widget elementor-widget-text-editor\" data-id=\"cf7690a\" data-element_type=\"widget\" data-widget_type=\"text-editor.default\">\n\t\t\t\t<div class=\"elementor-widget-container\">\n\t\t\t\t\t\t\t\t\t<p><strong>F\u00fcr absolute Neulinge<\/strong> <strong>auf unserer Zen Center empfehlen wir dir, dich mit dem <a href=\"https:\/\/zen-center-regensburg.com\/de\/meditation\/\">Meditationsleitfaden<\/a> zu orientieren und dich f\u00fcr einen unserer <a href=\"https:\/\/zen-center-regensburg.com\/news\/\">Einf\u00fchrungskurse in das Zen<\/a> anzumelden.<\/strong><\/p>\t\t\t\t\t\t\t\t<\/div>\n\t\t\t\t<\/div>\n\t\t\t\t<div class=\"elementor-element elementor-element-1789f3f elementor-widget elementor-widget-text-editor\" data-id=\"1789f3f\" data-element_type=\"widget\" data-widget_type=\"text-editor.default\">\n\t\t\t\t<div class=\"elementor-widget-container\">\n\t\t\t\t\t\t\t\t\t<p>Andernfalls musst du mindestens 20 Minuten vor Beginn der t\u00e4glichen Morgen- und Abendpraxis da sein. Wer zu sp\u00e4t kommt (weniger als 15 Minuten vor Beginn der Praxis), kann nicht zugelassen werden.<\/p>\t\t\t\t\t\t\t\t<\/div>\n\t\t\t\t<\/div>\n\t\t\t\t<div class=\"elementor-element elementor-element-9c4ee98 elementor-widget elementor-widget-text-editor\" data-id=\"9c4ee98\" data-element_type=\"widget\" data-widget_type=\"text-editor.default\">\n\t\t\t\t<div class=\"elementor-widget-container\">\n\t\t\t\t\t\t\t\t\t<p>Wer bereits Meditationserfahrung in einer anderen Tradition hat, kann ohne Vorkenntnisse an der Morgen-\/Abendpraxis teilnehmen. Wir sind offen f\u00fcr Menschen aller Glaubenstraditionen und haben keinen dogmatischen Schwerpunkt oder Ausrichtung.<\/p>\t\t\t\t\t\t\t\t<\/div>\n\t\t\t\t<\/div>\n\t\t\t\t<div class=\"elementor-element elementor-element-19f17c6 elementor-widget elementor-widget-text-editor\" data-id=\"19f17c6\" data-element_type=\"widget\" data-widget_type=\"text-editor.default\">\n\t\t\t\t<div class=\"elementor-widget-container\">\n\t\t\t\t\t\t\t\t\t<p>Jeden Monat findet ein <strong>dreit\u00e4giges intensives Zen Retreat (&#8220;YMJJ&#8221;)<\/strong> statt. Das Retreat findet in der <strong>Stille<\/strong> statt. Wir halten auch ein traditionelles <strong>90-t\u00e4giges Winter-Kyol-Che <\/strong>und ein<strong> 90-t\u00e4giges Sommer-Kyol-Che<\/strong> ab. Bitte schau auf dieser Website und auf unserer Facebook-Seite &#8220;Zen Center Regensburg&#8221; nach, um Details und Updates zu erhalten.<\/p>\t\t\t\t\t\t\t\t<\/div>\n\t\t\t\t<\/div>\n\t\t\t\t<div class=\"elementor-element elementor-element-de43c7b elementor-widget elementor-widget-text-editor\" data-id=\"de43c7b\" data-element_type=\"widget\" data-widget_type=\"text-editor.default\">\n\t\t\t\t<div class=\"elementor-widget-container\">\n\t\t\t\t\t\t\t\t\t<p>Es gibt M\u00f6glichkeiten zur \u00dcbernachtung im ZCR. F\u00fcr Retreats ist sie sogar zwingend erforderlich. Kontaktiere unser B\u00fcro f\u00fcr weitere Informationen.<\/p>\t\t\t\t\t\t\t\t<\/div>\n\t\t\t\t<\/div>\n\t\t\t\t<div class=\"elementor-element elementor-element-16403a0 elementor-widget elementor-widget-text-editor\" data-id=\"16403a0\" data-element_type=\"widget\" data-widget_type=\"text-editor.default\">\n\t\t\t\t<div class=\"elementor-widget-container\">\n\t\t\t\t\t\t\t\t\t<p>Wir werden durch <b>Spenden<\/b> unterst\u00fctzt. Dies ist keine gut finanzierte Organisation oder Kirche. Es ist eine kleine Gemeinschaft von Mitpraktizierenden, die ein halbmonastisches Leben in der Stadt f\u00fchren und f\u00fcr alle offen sind, <em>unabh\u00e4ngig von Ethnie, Hautfarbe, Religion, sexueller Orientierung, Geschlechtsausdruck, Behinderung oder politischen \u00dcberzeugungen<\/em>. Wir sind offen f\u00fcr die ganze Menschheit.<\/p>\t\t\t\t\t\t\t\t<\/div>\n\t\t\t\t<\/div>\n\t\t\t\t<div class=\"elementor-element elementor-element-98542f3 elementor-widget elementor-widget-text-editor\" data-id=\"98542f3\" data-element_type=\"widget\" data-widget_type=\"text-editor.default\">\n\t\t\t\t<div class=\"elementor-widget-container\">\n\t\t\t\t\t\t\t\t\t<p>Da dieser Auftrag nicht einfach ist und wir viele Menschen zu unseren Retreats aufnehmen, die nicht zahlen k\u00f6nnen, sind wir dankbar f\u00fcr alles, was du anbieten kannst, um unsere betr\u00e4chtlichen monatlichen Mietkosten und Ausgaben zu decken. Sogar ein Glas Mandelbutter, etwas Saft oder ein gutes traditionelles deutsches Brot sind akzeptable Spenden. (Aber Bargeld hilft definitiv!)<\/p>\t\t\t\t\t\t\t\t<\/div>\n\t\t\t\t<\/div>\n\t\t\t\t<div class=\"elementor-element elementor-element-a7e9121 elementor-widget elementor-widget-text-editor\" data-id=\"a7e9121\" data-element_type=\"widget\" data-widget_type=\"text-editor.default\">\n\t\t\t\t<div class=\"elementor-widget-container\">\n\t\t\t\t\t\t\t\t\t<p><strong>Jegliche Spenden an Zen Center Regensburg e.V. sind in der Bundesrepublik Deutschland steuerlich absetzbar, da wir als gemeinn\u00fctziger Verein eingetragen sind und dem deutschen Finanzamt unterstehen.<\/strong><\/p>\t\t\t\t\t\t\t\t<\/div>\n\t\t\t\t<\/div>\n\t\t\t\t\t<\/div>\n\t\t<\/div>\n\t\t\t\t\t<\/div>\n\t\t<\/section>\n\t\t\t\t<section class=\"elementor-section elementor-top-section elementor-element elementor-element-20c1390 elementor-section-boxed elementor-section-height-default elementor-section-height-default\" data-id=\"20c1390\" data-element_type=\"section\">\n\t\t\t\t\t\t<div class=\"elementor-container elementor-column-gap-default\">\n\t\t\t\t\t<div class=\"elementor-column elementor-col-100 elementor-top-column elementor-element elementor-element-b70f97b\" data-id=\"b70f97b\" data-element_type=\"column\">\n\t\t\t<div class=\"elementor-widget-wrap\">\n\t\t\t\t\t\t\t<\/div>\n\t\t<\/div>\n\t\t\t\t\t<\/div>\n\t\t<\/section>\n\t\t\t\t<\/div>\n\t\t","protected":false},"excerpt":{"rendered":"<p>English Deutsch \u00dcber uns Das Zen Center Regensburg e.V. ist eine internationale Meditationsgemeinschaft (nicht-religi\u00f6s), die von einer Gruppe von Freunden gegr\u00fcndet wurde, die seit 2010 unter der Leitung von Zen-Meister Hyon Gak Sunim die Praxis der Zen-Meditation praktizieren. There is daily meditation at 04:45 and at 19:00, seven days a week, 365 days a year. [&hellip;]<\/p>\n","protected":false},"author":1,"featured_media":0,"parent":0,"menu_order":0,"comment_status":"closed","ping_status":"closed","template":"","meta":{"iawp_total_views":8581,"footnotes":""},"class_list":["post-16147","page","type-page","status-publish","hentry"],"_links":{"self":[{"href":"https:\/\/zen-center-regensburg.com\/de\/wp-json\/wp\/v2\/pages\/16147","targetHints":{"allow":["GET"]}}],"collection":[{"href":"https:\/\/zen-center-regensburg.com\/de\/wp-json\/wp\/v2\/pages"}],"about":[{"href":"https:\/\/zen-center-regensburg.com\/de\/wp-json\/wp\/v2\/types\/page"}],"author":[{"embeddable":true,"href":"https:\/\/zen-center-regensburg.com\/de\/wp-json\/wp\/v2\/users\/1"}],"replies":[{"embeddable":true,"href":"https:\/\/zen-center-regensburg.com\/de\/wp-json\/wp\/v2\/comments?post=16147"}],"version-history":[{"count":13,"href":"https:\/\/zen-center-regensburg.com\/de\/wp-json\/wp\/v2\/pages\/16147\/revisions"}],"predecessor-version":[{"id":27829,"href":"https:\/\/zen-center-regensburg.com\/de\/wp-json\/wp\/v2\/pages\/16147\/revisions\/27829"}],"wp:attachment":[{"href":"https:\/\/zen-center-regensburg.com\/de\/wp-json\/wp\/v2\/media?parent=16147"}],"curies":[{"name":"wp","href":"https:\/\/api.w.org\/{rel}","templated":true}]}}