{"id":16142,"date":"2020-04-06T06:14:06","date_gmt":"2020-04-06T06:14:06","guid":{"rendered":"https:\/\/zen-center-regensburg.com\/retreats\/"},"modified":"2025-08-09T13:50:08","modified_gmt":"2025-08-09T11:50:08","slug":"retreats","status":"publish","type":"page","link":"https:\/\/zen-center-regensburg.com\/de\/retreats\/","title":{"rendered":"Retreats"},"content":{"rendered":"\t\t<div data-elementor-type=\"wp-post\" data-elementor-id=\"16142\" class=\"elementor elementor-16142 elementor-4638\" data-elementor-post-type=\"page\">\n\t\t\t\t\t\t<section class=\"elementor-section elementor-top-section elementor-element elementor-element-c824512 elementor-section-boxed elementor-section-height-default elementor-section-height-default\" data-id=\"c824512\" data-element_type=\"section\" data-settings=\"{&quot;background_background&quot;:&quot;classic&quot;}\">\n\t\t\t\t\t\t\t<div class=\"elementor-background-overlay\"><\/div>\n\t\t\t\t\t\t\t<div class=\"elementor-container elementor-column-gap-default\">\n\t\t\t\t\t<div class=\"elementor-column elementor-col-100 elementor-top-column elementor-element elementor-element-40da7fb\" data-id=\"40da7fb\" data-element_type=\"column\">\n\t\t\t<div class=\"elementor-widget-wrap elementor-element-populated\">\n\t\t\t\t\t\t<div class=\"elementor-element elementor-element-b93c635 elementor-widget elementor-widget-spacer\" data-id=\"b93c635\" data-element_type=\"widget\" data-widget_type=\"spacer.default\">\n\t\t\t\t<div class=\"elementor-widget-container\">\n\t\t\t\t\t\t\t<div class=\"elementor-spacer\">\n\t\t\t<div class=\"elementor-spacer-inner\"><\/div>\n\t\t<\/div>\n\t\t\t\t\t\t<\/div>\n\t\t\t\t<\/div>\n\t\t\t\t<div class=\"elementor-element elementor-element-e611102 elementor-widget elementor-widget-heading\" data-id=\"e611102\" data-element_type=\"widget\" data-widget_type=\"heading.default\">\n\t\t\t\t<div class=\"elementor-widget-container\">\n\t\t\t\t\t<h2 class=\"elementor-heading-title elementor-size-default\">Nur der <i>Moment<\/i><\/h2>\t\t\t\t<\/div>\n\t\t\t\t<\/div>\n\t\t\t\t<div class=\"elementor-element elementor-element-06ce5c2 elementor-widget elementor-widget-heading\" data-id=\"06ce5c2\" data-element_type=\"widget\" data-widget_type=\"heading.default\">\n\t\t\t\t<div class=\"elementor-widget-container\">\n\t\t\t\t\t<h2 class=\"elementor-heading-title elementor-size-default\">Stille Zen Retreats<\/h2>\t\t\t\t<\/div>\n\t\t\t\t<\/div>\n\t\t\t\t<div class=\"elementor-element elementor-element-5d05b2c elementor-widget elementor-widget-heading\" data-id=\"5d05b2c\" data-element_type=\"widget\" data-widget_type=\"heading.default\">\n\t\t\t\t<div class=\"elementor-widget-container\">\n\t\t\t\t\t<h2 class=\"elementor-heading-title elementor-size-default\"><i>Machen<\/i> wir's! Zusammen.<\/h2>\t\t\t\t<\/div>\n\t\t\t\t<\/div>\n\t\t\t\t<div class=\"elementor-element elementor-element-2b0cd7e elementor-widget elementor-widget-spacer\" data-id=\"2b0cd7e\" data-element_type=\"widget\" data-widget_type=\"spacer.default\">\n\t\t\t\t<div class=\"elementor-widget-container\">\n\t\t\t\t\t\t\t<div class=\"elementor-spacer\">\n\t\t\t<div class=\"elementor-spacer-inner\"><\/div>\n\t\t<\/div>\n\t\t\t\t\t\t<\/div>\n\t\t\t\t<\/div>\n\t\t\t\t<div class=\"elementor-element elementor-element-e9ecb95 elementor-widget elementor-widget-spacer\" data-id=\"e9ecb95\" data-element_type=\"widget\" data-widget_type=\"spacer.default\">\n\t\t\t\t<div class=\"elementor-widget-container\">\n\t\t\t\t\t\t\t<div class=\"elementor-spacer\">\n\t\t\t<div class=\"elementor-spacer-inner\"><\/div>\n\t\t<\/div>\n\t\t\t\t\t\t<\/div>\n\t\t\t\t<\/div>\n\t\t\t\t<div class=\"elementor-element elementor-element-b31cbf1 elementor-widget elementor-widget-text-editor\" data-id=\"b31cbf1\" data-element_type=\"widget\" data-widget_type=\"text-editor.default\">\n\t\t\t\t<div class=\"elementor-widget-container\">\n\t\t\t\t\t\t\t\t\t<p>In der traditionellen Zen-Tempelkultur ist der j\u00e4hrliche Zeitplan f\u00fcr Tempeltraining und Tempelleben in zwei Arten von Trainingsmodalit\u00e4ten unterteilt: <strong>Kyol Che<\/strong> und <strong>Hae Jae<\/strong>.<\/p><p>Kyol Che (&#8220;gestraffter Dharma&#8221;) bezieht sich auf die drei Monate im Sommer oder Winter, in denen sich Zen-Nonnen und -M\u00f6nche traditionell ganz auf das Meditations-Retreat konzentrieren und mindestens neun oder zehn Stunden t\u00e4glich im Dharma-Raum (koreanisch: <em>Soen Bang<\/em>; jap.: <em>Zendo<\/em>) die formale Praxis im Sitzen aus\u00fcben. Das Retreat <strong>findet in Stille<\/strong> statt und der intensive Zeitplan erlaubt es, sich ganz der formalen Praxis zu widmen.  <\/p><p>Dar\u00fcber hinaus gibt es monatliche 5-t\u00e4gige Retreats. (Bitte informiere dich in unserem <a href=\"https:\/\/zen-center-regensburg.com\/news\/\">Veranstaltungskalender<\/a> \u00fcber die aktuellen Termine.) Vorkenntnisse f\u00fcr Retreats sind nicht erforderlich, aber <strong>sehr empfehlenswert<\/strong>. Die Retreat-Teilnehmer k\u00f6nnen w\u00e4hrend der langen Retreats mindestens 4 Tage, 1 Woche, 10 Tage oder 2 Wochen sitzen, je nachdem, wie es in ihren Zeitplan passt.<\/p>\t\t\t\t\t\t\t\t<\/div>\n\t\t\t\t<\/div>\n\t\t\t\t<section class=\"elementor-section elementor-inner-section elementor-element elementor-element-852a606 elementor-section-boxed elementor-section-height-default elementor-section-height-default\" data-id=\"852a606\" data-element_type=\"section\">\n\t\t\t\t\t\t<div class=\"elementor-container elementor-column-gap-default\">\n\t\t\t\t\t<div class=\"elementor-column elementor-col-50 elementor-inner-column elementor-element elementor-element-4110e6b\" data-id=\"4110e6b\" data-element_type=\"column\">\n\t\t\t<div class=\"elementor-widget-wrap elementor-element-populated\">\n\t\t\t\t\t\t<div class=\"elementor-element elementor-element-5ab9d07 elementor-widget elementor-widget-text-editor\" data-id=\"5ab9d07\" data-element_type=\"widget\" data-widget_type=\"text-editor.default\">\n\t\t\t\t<div class=\"elementor-widget-container\">\n\t\t\t\t\t\t\t\t\t<p>Jeder, der an einem Retreat im Sitzen interessiert ist, wird ermutigt, zumindest an der Abend- oder Morgenpraxis im Zen Center teilzunehmen, und zwar bei mehreren Gelegenheiten. Dadurch werden die Retreats mit der Lehrform und der Atmosph\u00e4re des Tempels vertraut gemacht.<\/p><p>Sitzmeditation, Gesang und Verbeugung sind der Kern unserer formalen Praxis w\u00e4hrend des Kyol Che im ZCR.<\/p><p>Basierend auf der Weisheit der Patriarchen hat Zen-Meister Seung Sahn eine Liste von &#8220;Tempelregeln&#8221; zusammengestellt, denen wir als Bewohner von ZCR folgen und die als Richtlinien f\u00fcr unser Sangha-Leben dienen.<\/p>\t\t\t\t\t\t\t\t<\/div>\n\t\t\t\t<\/div>\n\t\t\t\t\t<\/div>\n\t\t<\/div>\n\t\t\t\t<div class=\"elementor-column elementor-col-50 elementor-inner-column elementor-element elementor-element-98e133e\" data-id=\"98e133e\" data-element_type=\"column\">\n\t\t\t<div class=\"elementor-widget-wrap elementor-element-populated\">\n\t\t\t\t\t\t<div class=\"elementor-element elementor-element-b4cf025 elementor-position-top elementor-widget elementor-widget-image-box\" data-id=\"b4cf025\" data-element_type=\"widget\" data-widget_type=\"image-box.default\">\n\t\t\t\t<div class=\"elementor-widget-container\">\n\t\t\t\t\t<div class=\"elementor-image-box-wrapper\"><figure class=\"elementor-image-box-img\"><img fetchpriority=\"high\" decoding=\"async\" width=\"768\" height=\"431\" src=\"https:\/\/zen-center-regensburg.com\/wp-content\/uploads\/2019\/04\/Screen-Shot-2018-11-05-at-13.59.49-e1585151015646-768x431.png\" class=\"attachment-medium_large size-medium_large wp-image-17862\" alt=\"\" srcset=\"https:\/\/zen-center-regensburg.com\/wp-content\/uploads\/2019\/04\/Screen-Shot-2018-11-05-at-13.59.49-e1585151015646-768x431.png 768w, https:\/\/zen-center-regensburg.com\/wp-content\/uploads\/2019\/04\/Screen-Shot-2018-11-05-at-13.59.49-e1585151015646-750x421.png 750w, https:\/\/zen-center-regensburg.com\/wp-content\/uploads\/2019\/04\/Screen-Shot-2018-11-05-at-13.59.49-e1585151015646-600x337.png 600w, https:\/\/zen-center-regensburg.com\/wp-content\/uploads\/2019\/04\/Screen-Shot-2018-11-05-at-13.59.49-e1585151015646-300x168.png 300w, https:\/\/zen-center-regensburg.com\/wp-content\/uploads\/2019\/04\/Screen-Shot-2018-11-05-at-13.59.49-e1585151015646.png 800w\" sizes=\"(max-width: 768px) 100vw, 768px\" \/><\/figure><div class=\"elementor-image-box-content\"><p class=\"elementor-image-box-title\">Offizielles Essen w\u00e4hrend des Retreats<\/p><\/div><\/div>\t\t\t\t<\/div>\n\t\t\t\t<\/div>\n\t\t\t\t\t<\/div>\n\t\t<\/div>\n\t\t\t\t\t<\/div>\n\t\t<\/section>\n\t\t\t\t<div class=\"elementor-element elementor-element-831d2d5 elementor-widget elementor-widget-text-editor\" data-id=\"831d2d5\" data-element_type=\"widget\" data-widget_type=\"text-editor.default\">\n\t\t\t\t<div class=\"elementor-widget-container\">\n\t\t\t\t\t\t\t\t\t<p>Das Lesen von B\u00fcchern, das Chatten per SMS\/WhatsApp\/etc, das Posten in sozialen Medien und das Schreiben von Tageb\u00fcchern sind w\u00e4hrend des Retreats nicht erlaubt. Ein intensives stilles Zen Retreat ist nicht f\u00fcr jeden geeignet. Es ist kein Entspannungserlebnis, sondern eine hochkonzentrierte Anstrengung, den Geist zu trainieren, um seine Illusionen loszulassen.<\/p>\t\t\t\t\t\t\t\t<\/div>\n\t\t\t\t<\/div>\n\t\t\t\t<section class=\"elementor-section elementor-inner-section elementor-element elementor-element-2fa77b0 elementor-section-boxed elementor-section-height-default elementor-section-height-default\" data-id=\"2fa77b0\" data-element_type=\"section\">\n\t\t\t\t\t\t<div class=\"elementor-container elementor-column-gap-default\">\n\t\t\t\t\t<div class=\"elementor-column elementor-col-33 elementor-inner-column elementor-element elementor-element-8726f3d\" data-id=\"8726f3d\" data-element_type=\"column\">\n\t\t\t<div class=\"elementor-widget-wrap elementor-element-populated\">\n\t\t\t\t\t\t<div class=\"elementor-element elementor-element-8606fe1 elementor-align-center elementor-widget elementor-widget-button\" data-id=\"8606fe1\" data-element_type=\"widget\" data-widget_type=\"button.default\">\n\t\t\t\t<div class=\"elementor-widget-container\">\n\t\t\t\t\t\t\t\t\t<div class=\"elementor-button-wrapper\">\n\t\t\t\t\t<a class=\"elementor-button elementor-button-link elementor-size-sm\" href=\"#elementor-action%3Aaction%3Dpopup%3Aopen%26settings%3DeyJpZCI6MjU4NzgsInRvZ2dsZSI6ZmFsc2V9\">\n\t\t\t\t\t\t<span class=\"elementor-button-content-wrapper\">\n\t\t\t\t\t\t<span class=\"elementor-button-icon\">\n\t\t\t\t<svg aria-hidden=\"true\" class=\"e-font-icon-svg e-fas-bars\" viewBox=\"0 0 448 512\" xmlns=\"http:\/\/www.w3.org\/2000\/svg\"><path d=\"M16 132h416c8.837 0 16-7.163 16-16V76c0-8.837-7.163-16-16-16H16C7.163 60 0 67.163 0 76v40c0 8.837 7.163 16 16 16zm0 160h416c8.837 0 16-7.163 16-16v-40c0-8.837-7.163-16-16-16H16c-8.837 0-16 7.163-16 16v40c0 8.837 7.163 16 16 16zm0 160h416c8.837 0 16-7.163 16-16v-40c0-8.837-7.163-16-16-16H16c-8.837 0-16 7.163-16 16v40c0 8.837 7.163 16 16 16z\"><\/path><\/svg>\t\t\t<\/span>\n\t\t\t\t\t\t\t\t\t<span class=\"elementor-button-text\">Retreat Ablauf<\/span>\n\t\t\t\t\t<\/span>\n\t\t\t\t\t<\/a>\n\t\t\t\t<\/div>\n\t\t\t\t\t\t\t\t<\/div>\n\t\t\t\t<\/div>\n\t\t\t\t\t<\/div>\n\t\t<\/div>\n\t\t\t\t<div class=\"elementor-column elementor-col-33 elementor-inner-column elementor-element elementor-element-3d46872\" data-id=\"3d46872\" data-element_type=\"column\">\n\t\t\t<div class=\"elementor-widget-wrap elementor-element-populated\">\n\t\t\t\t\t\t<div class=\"elementor-element elementor-element-a45f313 elementor-align-center elementor-widget elementor-widget-button\" data-id=\"a45f313\" data-element_type=\"widget\" data-widget_type=\"button.default\">\n\t\t\t\t<div class=\"elementor-widget-container\">\n\t\t\t\t\t\t\t\t\t<div class=\"elementor-button-wrapper\">\n\t\t\t\t\t<a class=\"elementor-button elementor-button-link elementor-size-sm\" href=\"#elementor-action%3Aaction%3Dpopup%3Aopen%26settings%3DeyJpZCI6MjQ3MTgsInRvZ2dsZSI6ZmFsc2V9\">\n\t\t\t\t\t\t<span class=\"elementor-button-content-wrapper\">\n\t\t\t\t\t\t<span class=\"elementor-button-icon\">\n\t\t\t\t<svg aria-hidden=\"true\" class=\"e-font-icon-svg e-fas-bars\" viewBox=\"0 0 448 512\" xmlns=\"http:\/\/www.w3.org\/2000\/svg\"><path d=\"M16 132h416c8.837 0 16-7.163 16-16V76c0-8.837-7.163-16-16-16H16C7.163 60 0 67.163 0 76v40c0 8.837 7.163 16 16 16zm0 160h416c8.837 0 16-7.163 16-16v-40c0-8.837-7.163-16-16-16H16c-8.837 0-16 7.163-16 16v40c0 8.837 7.163 16 16 16zm0 160h416c8.837 0 16-7.163 16-16v-40c0-8.837-7.163-16-16-16H16c-8.837 0-16 7.163-16 16v40c0 8.837 7.163 16 16 16z\"><\/path><\/svg>\t\t\t<\/span>\n\t\t\t\t\t\t\t\t\t<span class=\"elementor-button-text\">Retreat Termine<\/span>\n\t\t\t\t\t<\/span>\n\t\t\t\t\t<\/a>\n\t\t\t\t<\/div>\n\t\t\t\t\t\t\t\t<\/div>\n\t\t\t\t<\/div>\n\t\t\t\t\t<\/div>\n\t\t<\/div>\n\t\t\t\t<div class=\"elementor-column elementor-col-33 elementor-inner-column elementor-element elementor-element-b713525\" data-id=\"b713525\" data-element_type=\"column\">\n\t\t\t<div class=\"elementor-widget-wrap elementor-element-populated\">\n\t\t\t\t\t\t<div class=\"elementor-element elementor-element-3e25046 elementor-align-center elementor-widget elementor-widget-button\" data-id=\"3e25046\" data-element_type=\"widget\" data-widget_type=\"button.default\">\n\t\t\t\t<div class=\"elementor-widget-container\">\n\t\t\t\t\t\t\t\t\t<div class=\"elementor-button-wrapper\">\n\t\t\t\t\t<a class=\"elementor-button elementor-button-link elementor-size-sm\" href=\"#elementor-action%3Aaction%3Dpopup%3Aopen%26settings%3DeyJpZCI6MjU4MTQsInRvZ2dsZSI6ZmFsc2V9\">\n\t\t\t\t\t\t<span class=\"elementor-button-content-wrapper\">\n\t\t\t\t\t\t<span class=\"elementor-button-icon\">\n\t\t\t\t<svg aria-hidden=\"true\" class=\"e-font-icon-svg e-fas-bars\" viewBox=\"0 0 448 512\" xmlns=\"http:\/\/www.w3.org\/2000\/svg\"><path d=\"M16 132h416c8.837 0 16-7.163 16-16V76c0-8.837-7.163-16-16-16H16C7.163 60 0 67.163 0 76v40c0 8.837 7.163 16 16 16zm0 160h416c8.837 0 16-7.163 16-16v-40c0-8.837-7.163-16-16-16H16c-8.837 0-16 7.163-16 16v40c0 8.837 7.163 16 16 16zm0 160h416c8.837 0 16-7.163 16-16v-40c0-8.837-7.163-16-16-16H16c-8.837 0-16 7.163-16 16v40c0 8.837 7.163 16 16 16z\"><\/path><\/svg>\t\t\t<\/span>\n\t\t\t\t\t\t\t\t\t<span class=\"elementor-button-text\">Retreat Preise<\/span>\n\t\t\t\t\t<\/span>\n\t\t\t\t\t<\/a>\n\t\t\t\t<\/div>\n\t\t\t\t\t\t\t\t<\/div>\n\t\t\t\t<\/div>\n\t\t\t\t\t<\/div>\n\t\t<\/div>\n\t\t\t\t\t<\/div>\n\t\t<\/section>\n\t\t\t\t<div class=\"elementor-element elementor-element-8efff30 elementor-widget elementor-widget-spacer\" data-id=\"8efff30\" data-element_type=\"widget\" data-widget_type=\"spacer.default\">\n\t\t\t\t<div class=\"elementor-widget-container\">\n\t\t\t\t\t\t\t<div class=\"elementor-spacer\">\n\t\t\t<div class=\"elementor-spacer-inner\"><\/div>\n\t\t<\/div>\n\t\t\t\t\t\t<\/div>\n\t\t\t\t<\/div>\n\t\t\t\t<div class=\"elementor-element elementor-element-fad6f41 elementor-widget-divider--view-line elementor-widget elementor-widget-divider\" data-id=\"fad6f41\" data-element_type=\"widget\" data-widget_type=\"divider.default\">\n\t\t\t\t<div class=\"elementor-widget-container\">\n\t\t\t\t\t\t\t<div class=\"elementor-divider\">\n\t\t\t<span class=\"elementor-divider-separator\">\n\t\t\t\t\t\t<\/span>\n\t\t<\/div>\n\t\t\t\t\t\t<\/div>\n\t\t\t\t<\/div>\n\t\t\t\t<div class=\"elementor-element elementor-element-c806742 elementor-align-center elementor-widget elementor-widget-button\" data-id=\"c806742\" data-element_type=\"widget\" data-widget_type=\"button.default\">\n\t\t\t\t<div class=\"elementor-widget-container\">\n\t\t\t\t\t\t\t\t\t<div class=\"elementor-button-wrapper\">\n\t\t\t\t\t<a class=\"elementor-button elementor-button-link elementor-size-md elementor-animation-buzz-out\" href=\"#elementor-action%3Aaction%3Dpopup%3Aopen%26settings%3DeyJpZCI6MTgzMzUsInRvZ2dsZSI6ZmFsc2V9\">\n\t\t\t\t\t\t<span class=\"elementor-button-content-wrapper\">\n\t\t\t\t\t\t\t\t\t<span class=\"elementor-button-text\">ONLINE Bewerben<\/span>\n\t\t\t\t\t<\/span>\n\t\t\t\t\t<\/a>\n\t\t\t\t<\/div>\n\t\t\t\t\t\t\t\t<\/div>\n\t\t\t\t<\/div>\n\t\t\t\t<div class=\"elementor-element elementor-element-417ee76 elementor-widget elementor-widget-spacer\" data-id=\"417ee76\" data-element_type=\"widget\" data-widget_type=\"spacer.default\">\n\t\t\t\t<div class=\"elementor-widget-container\">\n\t\t\t\t\t\t\t<div class=\"elementor-spacer\">\n\t\t\t<div class=\"elementor-spacer-inner\"><\/div>\n\t\t<\/div>\n\t\t\t\t\t\t<\/div>\n\t\t\t\t<\/div>\n\t\t\t\t\t<\/div>\n\t\t<\/div>\n\t\t\t\t\t<\/div>\n\t\t<\/section>\n\t\t\t\t<\/div>\n\t\t","protected":false},"excerpt":{"rendered":"<p>Nur der Moment Stille Zen Retreats Machen wir&#8217;s! Zusammen. In der traditionellen Zen-Tempelkultur ist der j\u00e4hrliche Zeitplan f\u00fcr Tempeltraining und Tempelleben in zwei Arten von Trainingsmodalit\u00e4ten unterteilt: Kyol Che und Hae Jae. Kyol Che (&#8220;gestraffter Dharma&#8221;) bezieht sich auf die drei Monate im Sommer oder Winter, in denen sich Zen-Nonnen und -M\u00f6nche traditionell ganz auf [&hellip;]<\/p>\n","protected":false},"author":1,"featured_media":0,"parent":0,"menu_order":0,"comment_status":"closed","ping_status":"closed","template":"","meta":{"iawp_total_views":2400,"footnotes":""},"class_list":["post-16142","page","type-page","status-publish","hentry"],"_links":{"self":[{"href":"https:\/\/zen-center-regensburg.com\/de\/wp-json\/wp\/v2\/pages\/16142","targetHints":{"allow":["GET"]}}],"collection":[{"href":"https:\/\/zen-center-regensburg.com\/de\/wp-json\/wp\/v2\/pages"}],"about":[{"href":"https:\/\/zen-center-regensburg.com\/de\/wp-json\/wp\/v2\/types\/page"}],"author":[{"embeddable":true,"href":"https:\/\/zen-center-regensburg.com\/de\/wp-json\/wp\/v2\/users\/1"}],"replies":[{"embeddable":true,"href":"https:\/\/zen-center-regensburg.com\/de\/wp-json\/wp\/v2\/comments?post=16142"}],"version-history":[{"count":11,"href":"https:\/\/zen-center-regensburg.com\/de\/wp-json\/wp\/v2\/pages\/16142\/revisions"}],"predecessor-version":[{"id":27183,"href":"https:\/\/zen-center-regensburg.com\/de\/wp-json\/wp\/v2\/pages\/16142\/revisions\/27183"}],"wp:attachment":[{"href":"https:\/\/zen-center-regensburg.com\/de\/wp-json\/wp\/v2\/media?parent=16142"}],"curies":[{"name":"wp","href":"https:\/\/api.w.org\/{rel}","templated":true}]}}