{"id":16132,"date":"2020-04-06T05:58:49","date_gmt":"2020-04-06T05:58:49","guid":{"rendered":"https:\/\/zen-center-regensburg.com\/lehrer\/"},"modified":"2025-05-05T16:25:56","modified_gmt":"2025-05-05T14:25:56","slug":"zen-meister","status":"publish","type":"page","link":"https:\/\/zen-center-regensburg.com\/de\/zen-meister\/","title":{"rendered":"Zen-Meister"},"content":{"rendered":"\t\t<div data-elementor-type=\"wp-post\" data-elementor-id=\"16132\" class=\"elementor elementor-16132 elementor-4636\" data-elementor-post-type=\"page\">\n\t\t\t\t\t\t<section class=\"elementor-section elementor-top-section elementor-element elementor-element-f09a50f elementor-section-content-middle elementor-section-boxed elementor-section-height-default elementor-section-height-default\" data-id=\"f09a50f\" data-element_type=\"section\" data-settings=\"{&quot;background_background&quot;:&quot;classic&quot;}\">\n\t\t\t\t\t\t\t<div class=\"elementor-background-overlay\"><\/div>\n\t\t\t\t\t\t\t<div class=\"elementor-container elementor-column-gap-default\">\n\t\t\t\t\t<div class=\"elementor-column elementor-col-100 elementor-top-column elementor-element elementor-element-63a5c8d\" data-id=\"63a5c8d\" data-element_type=\"column\">\n\t\t\t<div class=\"elementor-widget-wrap elementor-element-populated\">\n\t\t\t\t\t<div class=\"elementor-background-overlay\"><\/div>\n\t\t\t\t\t\t<div class=\"elementor-element elementor-element-e70c2c4 elementor-widget elementor-widget-spacer\" data-id=\"e70c2c4\" data-element_type=\"widget\" data-widget_type=\"spacer.default\">\n\t\t\t\t<div class=\"elementor-widget-container\">\n\t\t\t\t\t\t\t<div class=\"elementor-spacer\">\n\t\t\t<div class=\"elementor-spacer-inner\"><\/div>\n\t\t<\/div>\n\t\t\t\t\t\t<\/div>\n\t\t\t\t<\/div>\n\t\t\t\t<div class=\"elementor-element elementor-element-7512237 elementor-widget elementor-widget-image\" data-id=\"7512237\" data-element_type=\"widget\" data-widget_type=\"image.default\">\n\t\t\t\t<div class=\"elementor-widget-container\">\n\t\t\t\t\t\t\t\t\t\t\t\t\t\t\t\t<a href=\"https:\/\/zen-center-regensburg.com\/wp-content\/uploads\/2020\/12\/HGSN-bio_CV-Korean-12.20.docx.pdf\" target=\"_blank\">\n\t\t\t\t\t\t\t<img fetchpriority=\"high\" decoding=\"async\" width=\"275\" height=\"183\" src=\"https:\/\/zen-center-regensburg.com\/wp-content\/uploads\/2019\/09\/kr.png\" class=\"attachment-medium size-medium wp-image-16370\" alt=\"\" \/>\t\t\t\t\t\t\t\t<\/a>\n\t\t\t\t\t\t\t\t\t\t\t\t\t\t\t<\/div>\n\t\t\t\t<\/div>\n\t\t\t\t<div class=\"elementor-element elementor-element-92acce5 elementor-widget elementor-widget-spacer\" data-id=\"92acce5\" data-element_type=\"widget\" data-widget_type=\"spacer.default\">\n\t\t\t\t<div class=\"elementor-widget-container\">\n\t\t\t\t\t\t\t<div class=\"elementor-spacer\">\n\t\t\t<div class=\"elementor-spacer-inner\"><\/div>\n\t\t<\/div>\n\t\t\t\t\t\t<\/div>\n\t\t\t\t<\/div>\n\t\t\t\t<div class=\"elementor-element elementor-element-5827a61 elementor-widget elementor-widget-heading\" data-id=\"5827a61\" data-element_type=\"widget\" data-widget_type=\"heading.default\">\n\t\t\t\t<div class=\"elementor-widget-container\">\n\t\t\t\t\t<h5 class=\"elementor-heading-title elementor-size-default\">Leitender Lehrer \/ Abt<\/h5>\t\t\t\t<\/div>\n\t\t\t\t<\/div>\n\t\t\t\t<div class=\"elementor-element elementor-element-c8a0064 elementor-widget elementor-widget-heading\" data-id=\"c8a0064\" data-element_type=\"widget\" data-widget_type=\"heading.default\">\n\t\t\t\t<div class=\"elementor-widget-container\">\n\t\t\t\t\t<h1 class=\"elementor-heading-title elementor-size-default\">Ven. Hyon Gak Sunim<\/h1>\t\t\t\t<\/div>\n\t\t\t\t<\/div>\n\t\t\t\t<div class=\"elementor-element elementor-element-1abd933 elementor-widget elementor-widget-image\" data-id=\"1abd933\" data-element_type=\"widget\" data-widget_type=\"image.default\">\n\t\t\t\t<div class=\"elementor-widget-container\">\n\t\t\t\t\t\t\t\t\t\t\t\t\t\t\t<img decoding=\"async\" width=\"300\" height=\"270\" src=\"https:\/\/zen-center-regensburg.com\/wp-content\/uploads\/2023\/09\/Sunim3-scaled-e1586415990960-300x270.jpeg\" class=\"attachment-medium size-medium wp-image-22362\" alt=\"\" srcset=\"https:\/\/zen-center-regensburg.com\/wp-content\/uploads\/2023\/09\/Sunim3-scaled-e1586415990960-300x270.jpeg 300w, https:\/\/zen-center-regensburg.com\/wp-content\/uploads\/2023\/09\/Sunim3-scaled-e1586415990960.jpeg 512w\" sizes=\"(max-width: 300px) 100vw, 300px\" \/>\t\t\t\t\t\t\t\t\t\t\t\t\t\t\t<\/div>\n\t\t\t\t<\/div>\n\t\t\t\t<div class=\"elementor-element elementor-element-8305eac elementor-widget elementor-widget-spacer\" data-id=\"8305eac\" data-element_type=\"widget\" data-widget_type=\"spacer.default\">\n\t\t\t\t<div class=\"elementor-widget-container\">\n\t\t\t\t\t\t\t<div class=\"elementor-spacer\">\n\t\t\t<div class=\"elementor-spacer-inner\"><\/div>\n\t\t<\/div>\n\t\t\t\t\t\t<\/div>\n\t\t\t\t<\/div>\n\t\t\t\t<div class=\"elementor-element elementor-element-19fa228 elementor-widget elementor-widget-text-editor\" data-id=\"19fa228\" data-element_type=\"widget\" data-widget_type=\"text-editor.default\">\n\t\t\t\t<div class=\"elementor-widget-container\">\n\t\t\t\t\t\t\t\t\t<p>Hyon Gak Sunim (angesprochen als &#8220;Sunim&#8221;) wurde 1964 als Paul J. Muenzen in einer Familie von gl\u00e4ubigen Katholiken in New Jersey, USA, geboren. Er studierte Literatur, Literaturtheorie und Philosophie an der Yale University (Klasse von 1987) und vergleichende Religionen an der Harvard Divinity School, wo er 1992 den Master of Theological Studies erwarb.<\/p><p>Hyon Gak Sunim wurde 1989 w\u00e4hrend seines Studiums in Cambridge, Massachusetts, ein Sch\u00fcler von Zen-Meister Seung Sahn und lebte mehrere Jahre im Cambridge Zen Center. 1992 wurde er von seinem Lehrer in China, im Tempel des Sechsten Patriarchen, auf dem Chogye-Berg ordiniert: Er war der erste Westler, der in der Volksrepublik China seit der kommunistischen Revolution ordiniert wurde. Er hat an verschiedenen abgelegenen Orten in den Bergen Asiens trainiert, darunter drei intensive 100-t\u00e4gige Retreats zur Einzelmeditation und etwa f\u00fcnfzig dreimonatige Retreats<em>(ango<\/em>) in einigen der angesehensten Zen-Tempel Koreas. Bei einigen dieser Retreats war er der erste Westler, der in den 1700 Jahren des koreanischen Buddhismus \u00fcberhaupt zur Ausbildung in diesem Tempel zugelassen wurde.  <\/p>\t\t\t\t\t\t\t\t<\/div>\n\t\t\t\t<\/div>\n\t\t\t\t<div class=\"elementor-element elementor-element-358c0d3 elementor-widget elementor-widget-text-editor\" data-id=\"358c0d3\" data-element_type=\"widget\" data-widget_type=\"text-editor.default\">\n\t\t\t\t<div class=\"elementor-widget-container\">\n\t\t\t\t\t\t\t\t\t<p>Nach jahrelanger Praxis und stillen Retreats wurde Sunim im August 2001 in einer \u00f6ffentlichen Zeremonie im Hwa Gye Sah-Tempel vor einer Versammlung von M\u00f6nchen und Nonnen, die gerade das Sommer-Kyol-Che absolviert hatten, \u00f6ffentlich im &#8220;Dharma-Kampf&#8221; gepr\u00fcft und erhielt von Zen-Meister Seung Sahn die <em>Inka<\/em> (formale Anerkennung der Erleuchtung und Best\u00e4tigung der Lehrbefugnis). Es war die letzte Lehrbefugnis, die Zen-Meister Seung Sahn, eine der Legenden des Zen des zwanzigsten Jahrhunderts und f\u00fchrend bei der \u00dcbertragung des Buddhadharma in den Westen, direkt erteilte. <span style=\"font-size: 20px;\">In der 1.700 Jahre alten asiatischen Zen-Tradition und dem Chogye-Orden des koreanischen Buddhismus  bedeutet die formale <\/span><em style=\"font-size: 20px;\">Inka<\/em><span style=\"font-size: 20px;\">, dass man \u00f6ffentlich als \u79aa\/(Soen) \u5e2b\/(Sa) anerkannt wird &#8211; w\u00f6rtlich die Worte &#8220;Zen&#8221; und &#8220;Lehrer&#8221; [jap:   <em style=\"font-size: 20px;\">Zenji]<\/em><span style=\"font-size: 20px;\">das, was man im Westen manchmal einen &#8220;Zen-Meister&#8221; nennt. (Die Kwan Um Zen-Schule &#8211; von der sich Sunim 2010 unabh\u00e4ngig gemacht hat &#8211; verlangt sieben weitere Jahre strikten Beitritts zur Organisation, regionale Empfehlungen von ernannten Gremien innerhalb der Organisation und die Zustimmung des Komitees zur Anerkennung in der Lehrorthodoxie der Organisation).<\/span><\/em><\/em><\/p><p>Bei der Verleihung der <em>Inka-Autorisierung<\/em> an Hyon Gak Sunim sagte Zen-Meister Seung Sahn auf Koreanisch zu den Anwesenden: &#8220;Das ist ein klarer Geist. Wenn jemand klar wissen will, wie man diese Art von Dharma-Kampf f\u00fchrt, dann ist es das, was ihr gerade gesehen habt.&#8221; Diese Worte werden am Ende der Aufzeichnung der Zeremonie festgehalten.<\/p>\t\t\t\t\t\t\t\t<\/div>\n\t\t\t\t<\/div>\n\t\t\t\t<div class=\"elementor-element elementor-element-6be7c96 elementor-position-top elementor-widget elementor-widget-image-box\" data-id=\"6be7c96\" data-element_type=\"widget\" data-widget_type=\"image-box.default\">\n\t\t\t\t<div class=\"elementor-widget-container\">\n\t\t\t\t\t<div class=\"elementor-image-box-wrapper\"><figure class=\"elementor-image-box-img\"><img decoding=\"async\" width=\"800\" height=\"567\" src=\"https:\/\/zen-center-regensburg.com\/wp-content\/uploads\/2019\/09\/HGS_INKA.jpg\" class=\"attachment-large size-large wp-image-16366\" alt=\"\" srcset=\"https:\/\/zen-center-regensburg.com\/wp-content\/uploads\/2019\/09\/HGS_INKA.jpg 800w, https:\/\/zen-center-regensburg.com\/wp-content\/uploads\/2019\/09\/HGS_INKA-750x532.jpg 750w, https:\/\/zen-center-regensburg.com\/wp-content\/uploads\/2019\/09\/HGS_INKA-600x425.jpg 600w, https:\/\/zen-center-regensburg.com\/wp-content\/uploads\/2019\/09\/HGS_INKA-300x213.jpg 300w, https:\/\/zen-center-regensburg.com\/wp-content\/uploads\/2019\/09\/HGS_INKA-768x544.jpg 768w\" sizes=\"(max-width: 800px) 100vw, 800px\" \/><\/figure><div class=\"elementor-image-box-content\"><p class=\"elementor-image-box-description\"><b>Formelles Portr\u00e4t bei der \u00f6ffentlichen \u00dcbertragung von Inka:<\/b><br>Zen-Meister Seung Sahn und Hyon Gak Sunim<br>Hwa Gye Sah-Tempel, Sam Gak Sahn-Berg<br>August 2001<\/p><\/div><\/div>\t\t\t\t<\/div>\n\t\t\t\t<\/div>\n\t\t\t\t<div class=\"elementor-element elementor-element-336a969 elementor-widget elementor-widget-spacer\" data-id=\"336a969\" data-element_type=\"widget\" data-widget_type=\"spacer.default\">\n\t\t\t\t<div class=\"elementor-widget-container\">\n\t\t\t\t\t\t\t<div class=\"elementor-spacer\">\n\t\t\t<div class=\"elementor-spacer-inner\"><\/div>\n\t\t<\/div>\n\t\t\t\t\t\t<\/div>\n\t\t\t\t<\/div>\n\t\t\t\t<div class=\"elementor-element elementor-element-e0de958 elementor-widget elementor-widget-text-editor\" data-id=\"e0de958\" data-element_type=\"widget\" data-widget_type=\"text-editor.default\">\n\t\t\t\t<div class=\"elementor-widget-container\">\n\t\t\t\t\t\t\t\t\t<p>Zwei Wochen nach dieser Zeremonie reiste Sunim in die USA, um bei einer buddhistischen Unterweisung in einem koreanischen Tempel in der N\u00e4he von New York zu assistieren, und befand sich w\u00e4hrend des Anschlags auf das World Trade Center am 11. September in einem Flugzeug auf dem Weg zum JFK-Flughafen. Das Flugzeug wurde umgeleitet und musste in Minneapolis landen. <\/p><p>Im Jahr 2002 ernannte Zen-Meister Seung Sahn Hyon Gak Sunim zum Leitenden Lehrer der Zen-Halle im Hwa Gye Sah Tempel und wurde damit zu seinem offiziellen Lehrvertreter in dem Tempel, in dem Zen-Meister Seung Sahn 50 Jahre lang gelebt hatte &#8211; wo der Zen-Meister 1961 seinen eigenen Lehrer bis zu seinem Tod gepflegt hatte und wo Zen-Meister Seung Sahn selbst im November 2004 inmitten seiner Sch\u00fcler starb. In den letzten Lebensjahren seines Lehrers war Sunim auch dessen Sekret\u00e4r. <\/p><p>Als er im Jahr 2010 feststellte, dass sich in der Kwan Um Ausbildung eine einschr\u00e4nkende institutionelle Starrheit herausbildete &#8211; die er als unvereinbar mit dem ausgefallenen, spontanen Herzen der zweckm\u00e4\u00dfigen Mittel des Zen empfand -, beschloss Sunim, unabh\u00e4ngig von der Hierarchiestruktur der Kwan Um School of Zen zu lehren, w\u00e4hrend er weiterhin den au\u00dfergew\u00f6hnlichen Lehrtechniken treu bleibt, die Zen-Meister Seung Sahn als Erster und so effektiv durch die KUSZ vermittelt hat. Sunim schickt oft seine Sch\u00fcler und andere zu den Retreats der Kwan Um School of Zen, leitet Spenden an die KUSZ-Zentren und Praktizierenden weiter und viele Kwan Um-Sch\u00fcler und -Lehrer korrespondieren oft mit ihm und besuchen ihn, um Anleitung f\u00fcr ihre Praxis zu erhalten. <\/p>\t\t\t\t\t\t\t\t<\/div>\n\t\t\t\t<\/div>\n\t\t\t\t<section class=\"elementor-section elementor-inner-section elementor-element elementor-element-22385a4 elementor-section-boxed elementor-section-height-default elementor-section-height-default\" data-id=\"22385a4\" data-element_type=\"section\">\n\t\t\t\t\t\t<div class=\"elementor-container elementor-column-gap-default\">\n\t\t\t\t\t<div class=\"elementor-column elementor-col-50 elementor-inner-column elementor-element elementor-element-56d5de9\" data-id=\"56d5de9\" data-element_type=\"column\">\n\t\t\t<div class=\"elementor-widget-wrap elementor-element-populated\">\n\t\t\t\t\t\t<div class=\"elementor-element elementor-element-c698d80 elementor-position-top elementor-widget elementor-widget-image-box\" data-id=\"c698d80\" data-element_type=\"widget\" data-widget_type=\"image-box.default\">\n\t\t\t\t<div class=\"elementor-widget-container\">\n\t\t\t\t\t<div class=\"elementor-image-box-wrapper\"><figure class=\"elementor-image-box-img\"><img loading=\"lazy\" decoding=\"async\" width=\"768\" height=\"1152\" src=\"https:\/\/zen-center-regensburg.com\/wp-content\/uploads\/2025\/04\/kallmunzretreat-8791-768x1152.jpg\" class=\"attachment-medium_large size-medium_large wp-image-26874\" alt=\"\" srcset=\"https:\/\/zen-center-regensburg.com\/wp-content\/uploads\/2025\/04\/kallmunzretreat-8791-768x1152.jpg 768w, https:\/\/zen-center-regensburg.com\/wp-content\/uploads\/2025\/04\/kallmunzretreat-8791-200x300.jpg 200w, https:\/\/zen-center-regensburg.com\/wp-content\/uploads\/2025\/04\/kallmunzretreat-8791-683x1024.jpg 683w, https:\/\/zen-center-regensburg.com\/wp-content\/uploads\/2025\/04\/kallmunzretreat-8791-750x1125.jpg 750w, https:\/\/zen-center-regensburg.com\/wp-content\/uploads\/2025\/04\/kallmunzretreat-8791-600x900.jpg 600w, https:\/\/zen-center-regensburg.com\/wp-content\/uploads\/2025\/04\/kallmunzretreat-8791.jpg 800w\" sizes=\"(max-width: 768px) 100vw, 768px\" \/><\/figure><\/div>\t\t\t\t<\/div>\n\t\t\t\t<\/div>\n\t\t\t\t\t<\/div>\n\t\t<\/div>\n\t\t\t\t<div class=\"elementor-column elementor-col-50 elementor-inner-column elementor-element elementor-element-8ac4427\" data-id=\"8ac4427\" data-element_type=\"column\">\n\t\t\t<div class=\"elementor-widget-wrap elementor-element-populated\">\n\t\t\t\t\t\t<div class=\"elementor-element elementor-element-91f1187 elementor-widget elementor-widget-text-editor\" data-id=\"91f1187\" data-element_type=\"widget\" data-widget_type=\"text-editor.default\">\n\t\t\t\t<div class=\"elementor-widget-container\">\n\t\t\t\t\t\t\t\t\t<p> <\/p><p>Sunim wird in den koreanischen Medien oft daf\u00fcr verantwortlich gemacht, dass das Interesse am Buddhismus in der koreanischen Gesellschaft wieder auflebt, vor allem bei jungen und gebildeten Menschen. Sein millionenfach verkauftes Buch, <em>Man Haeng:<\/em> <em>From Harvard to Hwa Gye Sah Temple <\/em>(1999) gilt als der erste gro\u00dfe buddhistische Bestseller in der Geschichte des koreanischen Buddhismus; und seine Herausgabe, \u00dcbersetzung und Unterweisung mehrerer Texte von Zen-Meister Seung Sahn machten ihn zu einer der anerkanntesten und einflussreichsten Stimmen des modernen koreanischen Buddhismus. Die Bildungsabteilung des Chogye-Ordens wurde in koreanischen Medien zitiert: &#8220;Es wird vermutet, dass mehr als 100 Koreanerinnen und Koreaner ihr Zuhause verlassen haben [um M\u00f6nche oder Nonnen zu werden], weil Hyon Gak Sunim ein inspirierendes Bestseller-Buch geschrieben hat, das Ende 1999 ver\u00f6ffentlicht wurde.&#8221; Seit seiner Ordination im Jahr 1992 wurden drei buddhistische Tempel in Korea an Sunim gestiftet; er hat alle diese Tempel an andere M\u00f6nche und Nonnen \u00fcbertragen.<\/p>\t\t\t\t\t\t\t\t<\/div>\n\t\t\t\t<\/div>\n\t\t\t\t\t<\/div>\n\t\t<\/div>\n\t\t\t\t\t<\/div>\n\t\t<\/section>\n\t\t\t\t<div class=\"elementor-element elementor-element-90795d5 elementor-widget elementor-widget-text-editor\" data-id=\"90795d5\" data-element_type=\"widget\" data-widget_type=\"text-editor.default\">\n\t\t\t\t<div class=\"elementor-widget-container\">\n\t\t\t\t\t\t\t\t\t<p>Aufgrund dieses Ansehens in der koreanischen Gesellschaft wurde Sunim mit den Anforderungen an den Unterricht \u00fcberfordert. Von den \u00fcberzogenen Erwartungen \u00fcberfordert und der Politik des institutionalisierten Buddhismus \u00fcberdr\u00fcssig, verlie\u00df Sunim 2009\/10 Korea in Richtung Westen und lie\u00df sich in Deutschland nieder, wo er heute lebt.<\/p><p>Als ehemaliger buddhistischer Co-Kaplan an der Harvard University (1996-97) hat Sunim \u00f6ffentliche Vortr\u00e4ge in Harvard, Yale, Stanford, UC-Berkeley, Oxford, Columbia, NYU, Union Theological Seminary, Brown, SUNY, Universit\u00e9 de Paris, University of London, Charles University (Prag) gehalten, Universit\u00e4t von Lettland, der Universit\u00e4t Vilnius, der Universit\u00e4t Salzburg und der Universit\u00e4t Oslo, neben vielen anderen, sowie an Colleges, Divinity Schools und unz\u00e4hligen Tempeln in ganz Korea und anderen Tempeln in Hongkong, Singapur, Malaysia, Indonesien und Japan. Sunim hat zwei gro\u00dfe Pilgerreisen nach Tibet geleitet und war im M\u00e4rz 2008 in den Lhasa-Aufstand verwickelt und wurde mit anderen kurzzeitig unter Hausarrest gestellt, nachdem er Zeuge des brutalen Vorgehens gegen protestierende M\u00f6nche in den Tempeln um Lhasa geworden war.<\/p><p>2012 wurde er eingeladen, F\u00fchrungskr\u00e4ften im Facebook-Hauptquartier im Silicon Valley Meditation beizubringen. Im Juni 2018 wurde er eingeladen, bei einer Konferenz im Vatikan Zen-Meditation zu lehren: Es war das erste Mal, dass Zen im Vatikan gelehrt wurde.<\/p><p>Im Februar 2024 hielt Hyon Gak Sunim den Er\u00f6ffnungsvortrag bei TEDx Berlin im Admiralspalast &#8211; den allerersten TEDx Berlin-Vortrag nach einer vierj\u00e4hrigen Unterbrechung durch die Pandemie &#8211; und leitete eine stille Meditation f\u00fcr ein Publikum von 1500 Personen. Der Vortrag kann hier angesehen werden: <a href=\"https:\/\/youtu.be\/vqSRwf-76H4?si=9E0PunMIHnrINWLq\">https:\/\/youtu.be\/vqSRwf-76H4?si=9E0PunMIHnrINWLq<\/a><\/p><p>Nach mehr als 30 Jahren, in denen er alle Arten von Anf\u00e4ngern in Meditation unterrichtet hat, hat er beschlossen, die Anzahl der Unterweisungen, die Sunim direkt geben kann, zu reduzieren. Im Februar 2022 haben die Sch\u00fcler von Sunim einen einzigartigen neuen Online-Meditationskurs ver\u00f6ffentlicht, der seine umfassendste Einf\u00fchrung in die Praxis der Zen-Meditation enth\u00e4lt:<a href=\"https:\/\/www.mirrorofzen.com\" target=\"_blank\" rel=\"noopener\">&#8220;Authentic Temple Zen<\/a>&#8220;. Dieser Kurs enth\u00e4lt seine umfassendste Unterweisung in die Praxis des Zen.  <\/p>\t\t\t\t\t\t\t\t<\/div>\n\t\t\t\t<\/div>\n\t\t\t\t<div class=\"elementor-element elementor-element-fc45252 elementor-align-center elementor-widget elementor-widget-button\" data-id=\"fc45252\" data-element_type=\"widget\" data-widget_type=\"button.default\">\n\t\t\t\t<div class=\"elementor-widget-container\">\n\t\t\t\t\t\t\t\t\t<div class=\"elementor-button-wrapper\">\n\t\t\t\t\t<a class=\"elementor-button elementor-button-link elementor-size-md elementor-animation-buzz-out\" href=\"https:\/\/blog.mirrorofzen.com\/\" target=\"_blank\">\n\t\t\t\t\t\t<span class=\"elementor-button-content-wrapper\">\n\t\t\t\t\t\t<span class=\"elementor-button-icon\">\n\t\t\t\t<svg aria-hidden=\"true\" class=\"e-font-icon-svg e-fas-arrow-right\" viewBox=\"0 0 448 512\" xmlns=\"http:\/\/www.w3.org\/2000\/svg\"><path d=\"M190.5 66.9l22.2-22.2c9.4-9.4 24.6-9.4 33.9 0L441 239c9.4 9.4 9.4 24.6 0 33.9L246.6 467.3c-9.4 9.4-24.6 9.4-33.9 0l-22.2-22.2c-9.5-9.5-9.3-25 .4-34.3L311.4 296H24c-13.3 0-24-10.7-24-24v-32c0-13.3 10.7-24 24-24h287.4L190.9 101.2c-9.8-9.3-10-24.8-.4-34.3z\"><\/path><\/svg>\t\t\t<\/span>\n\t\t\t\t\t\t\t\t\t<span class=\"elementor-button-text\">Besuche Sunim's Blog<\/span>\n\t\t\t\t\t<\/span>\n\t\t\t\t\t<\/a>\n\t\t\t\t<\/div>\n\t\t\t\t\t\t\t\t<\/div>\n\t\t\t\t<\/div>\n\t\t\t\t<div class=\"elementor-element elementor-element-50aa1ab elementor-widget elementor-widget-spacer\" data-id=\"50aa1ab\" data-element_type=\"widget\" data-widget_type=\"spacer.default\">\n\t\t\t\t<div class=\"elementor-widget-container\">\n\t\t\t\t\t\t\t<div class=\"elementor-spacer\">\n\t\t\t<div class=\"elementor-spacer-inner\"><\/div>\n\t\t<\/div>\n\t\t\t\t\t\t<\/div>\n\t\t\t\t<\/div>\n\t\t\t\t\t<\/div>\n\t\t<\/div>\n\t\t\t\t\t<\/div>\n\t\t<\/section>\n\t\t\t\t<\/div>\n\t\t","protected":false},"excerpt":{"rendered":"<p>Leitender Lehrer \/ Abt Ven. Hyon Gak Sunim Hyon Gak Sunim (angesprochen als &#8220;Sunim&#8221;) wurde 1964 als Paul J. Muenzen in einer Familie von gl\u00e4ubigen Katholiken in New Jersey, USA, geboren. Er studierte Literatur, Literaturtheorie und Philosophie an der Yale University (Klasse von 1987) und vergleichende Religionen an der Harvard Divinity School, wo er 1992 [&hellip;]<\/p>\n","protected":false},"author":1,"featured_media":0,"parent":0,"menu_order":0,"comment_status":"closed","ping_status":"closed","template":"","meta":{"iawp_total_views":2238,"footnotes":""},"class_list":["post-16132","page","type-page","status-publish","hentry"],"_links":{"self":[{"href":"https:\/\/zen-center-regensburg.com\/de\/wp-json\/wp\/v2\/pages\/16132","targetHints":{"allow":["GET"]}}],"collection":[{"href":"https:\/\/zen-center-regensburg.com\/de\/wp-json\/wp\/v2\/pages"}],"about":[{"href":"https:\/\/zen-center-regensburg.com\/de\/wp-json\/wp\/v2\/types\/page"}],"author":[{"embeddable":true,"href":"https:\/\/zen-center-regensburg.com\/de\/wp-json\/wp\/v2\/users\/1"}],"replies":[{"embeddable":true,"href":"https:\/\/zen-center-regensburg.com\/de\/wp-json\/wp\/v2\/comments?post=16132"}],"version-history":[{"count":14,"href":"https:\/\/zen-center-regensburg.com\/de\/wp-json\/wp\/v2\/pages\/16132\/revisions"}],"predecessor-version":[{"id":26965,"href":"https:\/\/zen-center-regensburg.com\/de\/wp-json\/wp\/v2\/pages\/16132\/revisions\/26965"}],"wp:attachment":[{"href":"https:\/\/zen-center-regensburg.com\/de\/wp-json\/wp\/v2\/media?parent=16132"}],"curies":[{"name":"wp","href":"https:\/\/api.w.org\/{rel}","templated":true}]}}