{"id":15296,"date":"2020-03-20T20:26:40","date_gmt":"2020-03-20T20:26:40","guid":{"rendered":"https:\/\/zen-center-regensburg.com\/danke\/"},"modified":"2023-09-24T16:07:31","modified_gmt":"2023-09-24T14:07:31","slug":"danke","status":"publish","type":"page","link":"https:\/\/zen-center-regensburg.com\/de\/danke\/","title":{"rendered":"Danke"},"content":{"rendered":"\t\t<div data-elementor-type=\"wp-post\" data-elementor-id=\"15296\" class=\"elementor elementor-15296 elementor-6338\" data-elementor-post-type=\"page\">\n\t\t\t\t\t\t<section class=\"elementor-section elementor-top-section elementor-element elementor-element-a32984c elementor-section-boxed elementor-section-height-default elementor-section-height-default\" data-id=\"a32984c\" data-element_type=\"section\" data-settings=\"{&quot;background_background&quot;:&quot;classic&quot;}\">\n\t\t\t\t\t\t<div class=\"elementor-container elementor-column-gap-default\">\n\t\t\t\t\t<div class=\"elementor-column elementor-col-100 elementor-top-column elementor-element elementor-element-302749b\" data-id=\"302749b\" data-element_type=\"column\" data-settings=\"{&quot;background_background&quot;:&quot;classic&quot;}\">\n\t\t\t<div class=\"elementor-widget-wrap elementor-element-populated\">\n\t\t\t\t\t\t<div class=\"elementor-element elementor-element-34272e8 elementor-widget elementor-widget-spacer\" data-id=\"34272e8\" data-element_type=\"widget\" data-widget_type=\"spacer.default\">\n\t\t\t\t<div class=\"elementor-widget-container\">\n\t\t\t\t\t\t\t<div class=\"elementor-spacer\">\n\t\t\t<div class=\"elementor-spacer-inner\"><\/div>\n\t\t<\/div>\n\t\t\t\t\t\t<\/div>\n\t\t\t\t<\/div>\n\t\t\t\t<div class=\"elementor-element elementor-element-e90d22f elementor-widget elementor-widget-heading\" data-id=\"e90d22f\" data-element_type=\"widget\" data-widget_type=\"heading.default\">\n\t\t\t\t<div class=\"elementor-widget-container\">\n\t\t\t\t\t<h1 class=\"elementor-heading-title elementor-size-default\"><u>Vielen Dank!<\/u><\/h1>\t\t\t\t<\/div>\n\t\t\t\t<\/div>\n\t\t\t\t<div class=\"elementor-element elementor-element-3e94ad5 elementor-widget elementor-widget-spacer\" data-id=\"3e94ad5\" data-element_type=\"widget\" data-widget_type=\"spacer.default\">\n\t\t\t\t<div class=\"elementor-widget-container\">\n\t\t\t\t\t\t\t<div class=\"elementor-spacer\">\n\t\t\t<div class=\"elementor-spacer-inner\"><\/div>\n\t\t<\/div>\n\t\t\t\t\t\t<\/div>\n\t\t\t\t<\/div>\n\t\t\t\t<div class=\"elementor-element elementor-element-8714ddc elementor-widget elementor-widget-image\" data-id=\"8714ddc\" data-element_type=\"widget\" data-widget_type=\"image.default\">\n\t\t\t\t<div class=\"elementor-widget-container\">\n\t\t\t\t\t\t\t\t\t\t\t\t\t\t\t<img fetchpriority=\"high\" decoding=\"async\" width=\"2560\" height=\"1707\" src=\"https:\/\/zen-center-regensburg.com\/wp-content\/uploads\/2019\/12\/W0A0171-scaled.jpg\" class=\"attachment-full size-full wp-image-17907\" alt=\"\" srcset=\"https:\/\/zen-center-regensburg.com\/wp-content\/uploads\/2019\/12\/W0A0171-scaled.jpg 2560w, https:\/\/zen-center-regensburg.com\/wp-content\/uploads\/2019\/12\/W0A0171-scaled-750x500.jpg 750w, https:\/\/zen-center-regensburg.com\/wp-content\/uploads\/2019\/12\/W0A0171-scaled-600x400.jpg 600w, https:\/\/zen-center-regensburg.com\/wp-content\/uploads\/2019\/12\/W0A0171-scaled-300x200.jpg 300w, https:\/\/zen-center-regensburg.com\/wp-content\/uploads\/2019\/12\/W0A0171-scaled-1024x683.jpg 1024w, https:\/\/zen-center-regensburg.com\/wp-content\/uploads\/2019\/12\/W0A0171-scaled-768x512.jpg 768w, https:\/\/zen-center-regensburg.com\/wp-content\/uploads\/2019\/12\/W0A0171-scaled-1536x1024.jpg 1536w, https:\/\/zen-center-regensburg.com\/wp-content\/uploads\/2019\/12\/W0A0171-scaled-2048x1366.jpg 2048w\" sizes=\"(max-width: 2560px) 100vw, 2560px\" \/>\t\t\t\t\t\t\t\t\t\t\t\t\t\t\t<\/div>\n\t\t\t\t<\/div>\n\t\t\t\t<div class=\"elementor-element elementor-element-ec169d2 elementor-widget elementor-widget-spacer\" data-id=\"ec169d2\" data-element_type=\"widget\" data-widget_type=\"spacer.default\">\n\t\t\t\t<div class=\"elementor-widget-container\">\n\t\t\t\t\t\t\t<div class=\"elementor-spacer\">\n\t\t\t<div class=\"elementor-spacer-inner\"><\/div>\n\t\t<\/div>\n\t\t\t\t\t\t<\/div>\n\t\t\t\t<\/div>\n\t\t\t\t<div class=\"elementor-element elementor-element-5bfdbe7 elementor-widget elementor-widget-text-editor\" data-id=\"5bfdbe7\" data-element_type=\"widget\" data-widget_type=\"text-editor.default\">\n\t\t\t\t<div class=\"elementor-widget-container\">\n\t\t\t\t\t\t\t\t\t<p>Wir sind sehr dankbar f\u00fcr deine freundliche Spende an unsere Zen Center Gemeinschaft.<\/p>\n<p>Deine Gro\u00dfz\u00fcgigkeit hilft uns, diesen Ort und diese Praxis f\u00fcr alle offen zu halten, unabh\u00e4ngig von ihren finanziellen M\u00f6glichkeiten.<\/p>\n<p>\u201cEs ist besser, eine Kerze anzuz\u00fcnden, als die Dunkelheit zu verfluchen.\u201d<\/p>\n<p>Dies ist eine bekannte Lehre. Wir werden jetzt deine gro\u00dfz\u00fcgige Kerze verwenden, um die Kerzen anderer in dieser unruhigen, sich verdunkelnden Welt anzuz\u00fcnden.<\/p>\n\t\t\t\t\t\t\t\t<\/div>\n\t\t\t\t<\/div>\n\t\t\t\t<div class=\"elementor-element elementor-element-70f0f70 elementor-widget elementor-widget-image\" data-id=\"70f0f70\" data-element_type=\"widget\" data-widget_type=\"image.default\">\n\t\t\t\t<div class=\"elementor-widget-container\">\n\t\t\t\t\t\t\t\t\t\t\t\t\t\t\t<img decoding=\"async\" width=\"343\" height=\"210\" src=\"https:\/\/zen-center-regensburg.com\/wp-content\/uploads\/2019\/12\/candle08.jpg\" class=\"attachment-large size-large wp-image-17911\" alt=\"\" srcset=\"https:\/\/zen-center-regensburg.com\/wp-content\/uploads\/2019\/12\/candle08.jpg 343w, https:\/\/zen-center-regensburg.com\/wp-content\/uploads\/2019\/12\/candle08-300x184.jpg 300w\" sizes=\"(max-width: 343px) 100vw, 343px\" \/>\t\t\t\t\t\t\t\t\t\t\t\t\t\t\t<\/div>\n\t\t\t\t<\/div>\n\t\t\t\t<div class=\"elementor-element elementor-element-96d7a67 elementor-widget elementor-widget-spacer\" data-id=\"96d7a67\" data-element_type=\"widget\" data-widget_type=\"spacer.default\">\n\t\t\t\t<div class=\"elementor-widget-container\">\n\t\t\t\t\t\t\t<div class=\"elementor-spacer\">\n\t\t\t<div class=\"elementor-spacer-inner\"><\/div>\n\t\t<\/div>\n\t\t\t\t\t\t<\/div>\n\t\t\t\t<\/div>\n\t\t\t\t\t<\/div>\n\t\t<\/div>\n\t\t\t\t\t<\/div>\n\t\t<\/section>\n\t\t\t\t<\/div>\n\t\t","protected":false},"excerpt":{"rendered":"<p>Vielen Dank! Wir sind sehr dankbar f\u00fcr deine freundliche Spende an unsere Zen Center Gemeinschaft. Deine Gro\u00dfz\u00fcgigkeit hilft uns, diesen Ort und diese Praxis f\u00fcr alle offen zu halten, unabh\u00e4ngig von ihren finanziellen M\u00f6glichkeiten. \u201cEs ist besser, eine Kerze anzuz\u00fcnden, als die Dunkelheit zu verfluchen.\u201d Dies ist eine bekannte Lehre. Wir werden jetzt deine gro\u00dfz\u00fcgige [&hellip;]<\/p>\n","protected":false},"author":1,"featured_media":0,"parent":0,"menu_order":0,"comment_status":"closed","ping_status":"closed","template":"","meta":{"iawp_total_views":45,"footnotes":""},"class_list":["post-15296","page","type-page","status-publish","hentry"],"_links":{"self":[{"href":"https:\/\/zen-center-regensburg.com\/de\/wp-json\/wp\/v2\/pages\/15296","targetHints":{"allow":["GET"]}}],"collection":[{"href":"https:\/\/zen-center-regensburg.com\/de\/wp-json\/wp\/v2\/pages"}],"about":[{"href":"https:\/\/zen-center-regensburg.com\/de\/wp-json\/wp\/v2\/types\/page"}],"author":[{"embeddable":true,"href":"https:\/\/zen-center-regensburg.com\/de\/wp-json\/wp\/v2\/users\/1"}],"replies":[{"embeddable":true,"href":"https:\/\/zen-center-regensburg.com\/de\/wp-json\/wp\/v2\/comments?post=15296"}],"version-history":[{"count":2,"href":"https:\/\/zen-center-regensburg.com\/de\/wp-json\/wp\/v2\/pages\/15296\/revisions"}],"predecessor-version":[{"id":22538,"href":"https:\/\/zen-center-regensburg.com\/de\/wp-json\/wp\/v2\/pages\/15296\/revisions\/22538"}],"wp:attachment":[{"href":"https:\/\/zen-center-regensburg.com\/de\/wp-json\/wp\/v2\/media?parent=15296"}],"curies":[{"name":"wp","href":"https:\/\/api.w.org\/{rel}","templated":true}]}}